{"id":4608,"date":"2025-09-19T19:36:05","date_gmt":"2025-09-19T19:36:05","guid":{"rendered":"https:\/\/ubereslegal.com\/?page_id=4608"},"modified":"2025-09-19T20:08:13","modified_gmt":"2025-09-19T20:08:13","slug":"jurisprudencia-urguguay","status":"publish","type":"page","link":"https:\/\/ubereslegal.com\/en\/jurisprudencia-urguguay\/","title":{"rendered":"Jurisprudencia Uruguay"},"content":{"rendered":"<div class=\"vc_row wpb_row vc_row-fluid\"><div class=\"wpb_column vc_column_container vc_col-sm-12\"><div class=\"vc_column-inner\"><div class=\"wpb_wrapper\"><div class=\"vc_empty_space\"   style=\"height: 160px\"><span class=\"vc_empty_space_inner\"><\/span><\/div>\n\t<div class=\"wpb_text_column wpb_content_element\" >\n\t\t<div class=\"wpb_wrapper\">\n\t\t\t<pre style=\"text-align: center;\"><strong>Jurisprudencia Uruguay<\/strong><\/pre>\n<p style=\"text-align: right;\">\n\n\t\t<\/div>\n\t<\/div>\n<div class=\"edge-blog-list-holder edge-bl-standard edge-bl-four-columns edge-bl-normal-space edge-bl-pag-no-pagination\"  data-type=\"standard\" data-number-of-posts=\"20\" data-number-of-columns=\"4\" data-space-between-columns=\"normal\" data-category=\"jurisprudencia-uruguay-2\" data-order-by=\"date\" data-order=\"ASC\" data-image-size=\"landscape\" data-title-tag=\"h4\" data-excerpt-length=\"30\" data-post-info-section=\"no\" data-post-info-image=\"yes\" data-post-info-author=\"yes\" data-post-info-date=\"no\" data-post-info-category=\"yes\" data-post-info-comments=\"no\" data-post-info-like=\"no\" data-post-info-share=\"no\" data-pagination-type=\"no-pagination\" data-max-num-pages=\"1\" data-next-page=\"2\">\n\t<div class=\"edge-bl-wrapper\">\n\t\t<ul class=\"edge-blog-list\">\n\t\t\t<li class=\"edge-bl-item clearfix\">\n\t<div class=\"edge-bli-inner\">\n                \n                <div class=\"edge-bli-content\">\n                        \n<h4 itemprop=\"name\" class=\"entry-title edge-post-title\">\n            <a itemprop=\"url\" href=\"https:\/\/ubereslegal.com\/en\/el-superior-tribunal-de-justicia-de-uruguay-determina-que-los-drivers-son-contratistas-independientes-y-no-trabajadores-en-relacion-de-dependencia\/\" title=\"El Superior Tribunal de Justicia de Uruguay determina que los drivers son contratistas independientes y no trabajadores en relaci\u00f3n de dependencia\">\n            El Superior Tribunal de Justicia de Uruguay determina que los drivers son contratistas independientes y no trabajadores en relaci\u00f3n de dependencia            <\/a>\n    <\/h4>                        <div class=\"edge-bli-excerpt\">\n                \t\t<div class=\"edge-post-excerpt-holder\">\n\t\t\t<p itemprop=\"description\" class=\"edge-post-excerpt\">\n\t\t\t\t\nEn un fallo un\u00e1nime, el Superior Tribunal de Justicia de Uruguay determin\u00f3 que la cl\u00e1usula de arbitraje incluida en el contrato que un driver que utilizaba la aplicaci\u00f3n de Uber\t\t\t<\/p>\n\t\t<\/div>\n\t                <div class=\"edge-post-read-more-button\">\n<a itemprop=\"url\" href=\"https:\/\/ubereslegal.com\/en\/el-superior-tribunal-de-justicia-de-uruguay-determina-que-los-drivers-son-contratistas-independientes-y-no-trabajadores-en-relacion-de-dependencia\/\" target=\"_self\"  class=\"edge-btn edge-btn-medium edge-btn-simple edge-blog-list-button\"  >    <span class=\"edge-btn-text\">Read More<\/span>    <\/a><\/div>\n            <\/div>\n        <\/div>\n\t<\/div>\n<\/li>\t\t<\/ul>\n\t<\/div>\n\t<\/div><div class=\"vc_empty_space\"   style=\"height: 60px\"><span class=\"vc_empty_space_inner\"><\/span><\/div><\/div><\/div><\/div><\/div>","protected":false},"excerpt":{"rendered":"En un fallo un\u00e1nime, el Superior Tribunal de Justicia de Uruguay determin\u00f3 que la cl\u00e1usula de arbitraje incluida en el contrato que un driver que utilizaba la aplicaci\u00f3n de Uber para ofrecer servicios de transporte, era vinculante, y por tanto [...]","protected":false},"author":2,"featured_media":0,"parent":0,"menu_order":0,"comment_status":"closed","ping_status":"closed","template":"","meta":{"inline_featured_image":false,"footnotes":"","_links_to":"","_links_to_target":""},"class_list":["post-4608","page","type-page","status-publish","hentry"],"_links":{"self":[{"href":"https:\/\/ubereslegal.com\/en\/wp-json\/wp\/v2\/pages\/4608","targetHints":{"allow":["GET"]}}],"collection":[{"href":"https:\/\/ubereslegal.com\/en\/wp-json\/wp\/v2\/pages"}],"about":[{"href":"https:\/\/ubereslegal.com\/en\/wp-json\/wp\/v2\/types\/page"}],"author":[{"embeddable":true,"href":"https:\/\/ubereslegal.com\/en\/wp-json\/wp\/v2\/users\/2"}],"replies":[{"embeddable":true,"href":"https:\/\/ubereslegal.com\/en\/wp-json\/wp\/v2\/comments?post=4608"}],"version-history":[{"count":3,"href":"https:\/\/ubereslegal.com\/en\/wp-json\/wp\/v2\/pages\/4608\/revisions"}],"predecessor-version":[{"id":4618,"href":"https:\/\/ubereslegal.com\/en\/wp-json\/wp\/v2\/pages\/4608\/revisions\/4618"}],"wp:attachment":[{"href":"https:\/\/ubereslegal.com\/en\/wp-json\/wp\/v2\/media?parent=4608"}],"curies":[{"name":"wp","href":"https:\/\/api.w.org\/{rel}","templated":true}]}}