{"id":3751,"date":"2024-10-25T18:24:50","date_gmt":"2024-10-25T18:24:50","guid":{"rendered":"https:\/\/ubereslegal.com\/?page_id=3751"},"modified":"2025-05-12T15:03:50","modified_gmt":"2025-05-12T15:03:50","slug":"jurisprudencia-argentina-2","status":"publish","type":"page","link":"https:\/\/ubereslegal.com\/en\/jurisprudencia-argentina-2\/","title":{"rendered":"Argentine Jurisprudence"},"content":{"rendered":"<div class=\"vc_row wpb_row vc_row-fluid\"><div class=\"wpb_column vc_column_container vc_col-sm-12\"><div class=\"vc_column-inner\"><div class=\"wpb_wrapper\"><div class=\"vc_btn3-container  wpb_animate_when_almost_visible wpb_zoomIn zoomIn vc_btn3-center\" ><a class=\"vc_general vc_btn3 vc_btn3-size-lg vc_btn3-shape-rounded vc_btn3-style-outline vc_btn3-block vc_btn3-color-mulled-wine\" href=\"https:\/\/ubereslegal.com\/en\/buenos-aires-2\/\" title=\"Buenos Aires\" target=\"_blank\">Buenos Aires<\/a><\/div><div class=\"vc_btn3-container  wpb_animate_when_almost_visible wpb_zoomIn zoomIn vc_btn3-center\" ><a class=\"vc_general vc_btn3 vc_btn3-size-lg vc_btn3-shape-rounded vc_btn3-style-outline vc_btn3-block vc_btn3-color-mulled-wine\" href=\"https:\/\/ubereslegal.com\/en\/ciudad-autonoma-de-buenos-aires\/\" title=\"City of Buenos Aires\" target=\"_blank\">City of Buenos Aires<\/a><\/div><div class=\"vc_btn3-container  wpb_animate_when_almost_visible wpb_zoomIn zoomIn vc_btn3-center\" ><a class=\"vc_general vc_btn3 vc_btn3-size-lg vc_btn3-shape-rounded vc_btn3-style-outline vc_btn3-block vc_btn3-color-mulled-wine\" href=\"https:\/\/ubereslegal.com\/en\/catamarca\/\" title=\"Catamarca\" target=\"_blank\">Catamarca<\/a><\/div><div class=\"vc_btn3-container vc_btn3-center\" ><a class=\"vc_general vc_btn3 vc_btn3-size-lg vc_btn3-shape-rounded vc_btn3-style-outline vc_btn3-block vc_btn3-color-mulled-wine\" href=\"https:\/\/ubereslegal.com\/en\/chaco\/\" title=\"Chaco\" target=\"_blank\">Chaco<\/a><\/div><div class=\"vc_btn3-container vc_btn3-center\" ><a class=\"vc_general vc_btn3 vc_btn3-size-lg vc_btn3-shape-rounded vc_btn3-style-outline vc_btn3-block vc_btn3-color-mulled-wine\" href=\"https:\/\/ubereslegal.com\/en\/chubut\/\" title=\"Chubut\" target=\"_blank\">Chubut<\/a><\/div><div class=\"vc_btn3-container vc_btn3-center\" ><a class=\"vc_general vc_btn3 vc_btn3-size-lg vc_btn3-shape-rounded vc_btn3-style-outline vc_btn3-block vc_btn3-color-mulled-wine\" href=\"https:\/\/ubereslegal.com\/en\/cordoba\/\" title=\"C\u00f3rdoba\" target=\"_blank\">C\u00f3rdoba<\/a><\/div><div class=\"vc_btn3-container vc_btn3-center\" ><a class=\"vc_general vc_btn3 vc_btn3-size-lg vc_btn3-shape-rounded vc_btn3-style-outline vc_btn3-block vc_btn3-color-mulled-wine\" href=\"https:\/\/ubereslegal.com\/en\/corrientes\/\" title=\"Corrientes\" target=\"_blank\">Corrientes<\/a><\/div><div class=\"vc_btn3-container vc_btn3-center\" ><a class=\"vc_general vc_btn3 vc_btn3-size-lg vc_btn3-shape-rounded vc_btn3-style-outline vc_btn3-block vc_btn3-color-mulled-wine\" href=\"https:\/\/ubereslegal.com\/en\/entre-rios\/\" title=\"Entre R\u00edos\" target=\"_blank\">Entre R\u00edos<\/a><\/div><div class=\"vc_btn3-container vc_btn3-center\" ><a class=\"vc_general vc_btn3 vc_btn3-size-lg vc_btn3-shape-rounded vc_btn3-style-outline vc_btn3-block vc_btn3-color-mulled-wine\" href=\"https:\/\/ubereslegal.com\/en\/formosa\/\" title=\"Formosa\" target=\"_blank\">Formosa<\/a><\/div><div class=\"vc_btn3-container vc_btn3-center\" ><a class=\"vc_general vc_btn3 vc_btn3-size-lg vc_btn3-shape-rounded vc_btn3-style-outline vc_btn3-block vc_btn3-color-mulled-wine\" href=\"https:\/\/ubereslegal.com\/en\/jujuy\/\" title=\"Jujuy\" target=\"_blank\">Jujuy<\/a><\/div><div class=\"vc_btn3-container vc_btn3-center\" ><a class=\"vc_general vc_btn3 vc_btn3-size-lg vc_btn3-shape-rounded vc_btn3-style-outline vc_btn3-block vc_btn3-color-mulled-wine\" href=\"https:\/\/ubereslegal.com\/en\/la-pampa\/\" title=\"La Pampa\" target=\"_blank\">La Pampa<\/a><\/div><div class=\"vc_btn3-container vc_btn3-center\" ><a class=\"vc_general vc_btn3 vc_btn3-size-lg vc_btn3-shape-rounded vc_btn3-style-outline vc_btn3-block vc_btn3-color-mulled-wine\" href=\"https:\/\/ubereslegal.com\/en\/la-rioja\/\" title=\"La Rioja\" target=\"_blank\">La Rioja<\/a><\/div><div class=\"vc_btn3-container vc_btn3-center\" ><a class=\"vc_general vc_btn3 vc_btn3-size-lg vc_btn3-shape-rounded vc_btn3-style-outline vc_btn3-block vc_btn3-color-mulled-wine\" href=\"https:\/\/ubereslegal.com\/en\/mendoza\/\" title=\"Mendoza\" target=\"_blank\">Mendoza<\/a><\/div><div class=\"vc_btn3-container vc_btn3-center\" ><a class=\"vc_general vc_btn3 vc_btn3-size-lg vc_btn3-shape-rounded vc_btn3-style-outline vc_btn3-block vc_btn3-color-mulled-wine\" href=\"https:\/\/ubereslegal.com\/en\/misiones\/\" title=\"Misiones\" target=\"_blank\">Misiones<\/a><\/div><div class=\"vc_btn3-container vc_btn3-center\" ><a class=\"vc_general vc_btn3 vc_btn3-size-lg vc_btn3-shape-rounded vc_btn3-style-outline vc_btn3-block vc_btn3-color-mulled-wine\" href=\"https:\/\/ubereslegal.com\/en\/neuquen\/\" title=\"Neuqu\u00e9n\" target=\"_blank\">Neuqu\u00e9n<\/a><\/div><div class=\"vc_btn3-container vc_btn3-center\" ><a class=\"vc_general vc_btn3 vc_btn3-size-lg vc_btn3-shape-rounded vc_btn3-style-outline vc_btn3-block vc_btn3-color-mulled-wine\" href=\"https:\/\/ubereslegal.com\/en\/rio-negro\/\" title=\"R\u00edo Negro\" target=\"_blank\">R\u00edo Negro<\/a><\/div><div class=\"vc_btn3-container vc_btn3-center\" ><a class=\"vc_general vc_btn3 vc_btn3-size-lg vc_btn3-shape-rounded vc_btn3-style-outline vc_btn3-block vc_btn3-color-mulled-wine\" href=\"https:\/\/ubereslegal.com\/en\/salta\/\" title=\"Salta\" target=\"_blank\">Salta<\/a><\/div><div class=\"vc_btn3-container vc_btn3-center\" ><a class=\"vc_general vc_btn3 vc_btn3-size-lg vc_btn3-shape-rounded vc_btn3-style-outline vc_btn3-block vc_btn3-color-mulled-wine\" href=\"https:\/\/ubereslegal.com\/en\/san-juan\/\" title=\"San Juan\" target=\"_blank\">San Juan<\/a><\/div><div class=\"vc_btn3-container vc_btn3-center\" ><a class=\"vc_general vc_btn3 vc_btn3-size-lg vc_btn3-shape-rounded vc_btn3-style-outline vc_btn3-block vc_btn3-color-mulled-wine\" href=\"https:\/\/ubereslegal.com\/en\/san-luis\/\" title=\"San Luis\" target=\"_blank\">San Luis<\/a><\/div><div class=\"vc_btn3-container vc_btn3-center\" ><a class=\"vc_general vc_btn3 vc_btn3-size-lg vc_btn3-shape-rounded vc_btn3-style-outline vc_btn3-block vc_btn3-color-mulled-wine\" href=\"https:\/\/ubereslegal.com\/en\/santa-cruz\/\" title=\"Santa Cruz\" target=\"_blank\">Santa Cruz<\/a><\/div><div class=\"vc_btn3-container vc_btn3-center\" ><a class=\"vc_general vc_btn3 vc_btn3-size-lg vc_btn3-shape-rounded vc_btn3-style-outline vc_btn3-block vc_btn3-color-mulled-wine\" href=\"https:\/\/ubereslegal.com\/en\/santa-fe\/\" title=\"Santa Fe\" target=\"_blank\">Santa Fe<\/a><\/div><div class=\"vc_btn3-container vc_btn3-center\" ><a class=\"vc_general vc_btn3 vc_btn3-size-lg vc_btn3-shape-rounded vc_btn3-style-outline vc_btn3-block vc_btn3-color-mulled-wine\" href=\"https:\/\/ubereslegal.com\/en\/santiago-del-estero\/\" title=\"Santiago del Estero\" target=\"_blank\">Santiago del Estero<\/a><\/div><div class=\"vc_btn3-container vc_btn3-center\" ><a class=\"vc_general vc_btn3 vc_btn3-size-lg vc_btn3-shape-rounded vc_btn3-style-outline vc_btn3-block vc_btn3-color-mulled-wine\" href=\"https:\/\/ubereslegal.com\/en\/tierra-del-fuego-antartida-e-islas-del-atlantico-sur\/\" title=\"Tierra del Fuego, Ant\u00e1rtida e Islas del Atl\u00e1ntico Sur\" target=\"_blank\">Tierra del Fuego, Ant\u00e1rtida e Islas del Atl\u00e1ntico Sur<\/a><\/div><div class=\"vc_btn3-container vc_btn3-center\" ><a class=\"vc_general vc_btn3 vc_btn3-size-lg vc_btn3-shape-rounded vc_btn3-style-outline vc_btn3-block vc_btn3-color-mulled-wine\" href=\"https:\/\/ubereslegal.com\/en\/tucuman\/\" title=\"Tucum\u00e1n\" target=\"_blank\">Tucum\u00e1n<\/a><\/div><\/div><\/div><\/div><\/div>","protected":false},"excerpt":{"rendered":"Buenos AiresCiudad Aut\u00f3noma de Buenos AiresCatamarcaChacoChubutC\u00f3rdobaCorrientesEntre R\u00edosFormosaJujuyLa PampaLa RiojaMendozaMisionesNeuqu\u00e9nR\u00edo NegroSaltaSan JuanSan LuisSanta CruzSanta FeSantiago del EsteroTierra del Fuego, Ant\u00e1rtida e Islas del Atl\u00e1ntico SurTucum\u00e1n","protected":false},"author":2,"featured_media":0,"parent":0,"menu_order":0,"comment_status":"closed","ping_status":"closed","template":"","meta":{"inline_featured_image":false,"footnotes":"","_links_to":"","_links_to_target":""},"class_list":["post-3751","page","type-page","status-publish","hentry"],"_links":{"self":[{"href":"https:\/\/ubereslegal.com\/en\/wp-json\/wp\/v2\/pages\/3751","targetHints":{"allow":["GET"]}}],"collection":[{"href":"https:\/\/ubereslegal.com\/en\/wp-json\/wp\/v2\/pages"}],"about":[{"href":"https:\/\/ubereslegal.com\/en\/wp-json\/wp\/v2\/types\/page"}],"author":[{"embeddable":true,"href":"https:\/\/ubereslegal.com\/en\/wp-json\/wp\/v2\/users\/2"}],"replies":[{"embeddable":true,"href":"https:\/\/ubereslegal.com\/en\/wp-json\/wp\/v2\/comments?post=3751"}],"version-history":[{"count":9,"href":"https:\/\/ubereslegal.com\/en\/wp-json\/wp\/v2\/pages\/3751\/revisions"}],"predecessor-version":[{"id":4029,"href":"https:\/\/ubereslegal.com\/en\/wp-json\/wp\/v2\/pages\/3751\/revisions\/4029"}],"wp:attachment":[{"href":"https:\/\/ubereslegal.com\/en\/wp-json\/wp\/v2\/media?parent=3751"}],"curies":[{"name":"wp","href":"https:\/\/api.w.org\/{rel}","templated":true}]}}