{"id":3703,"date":"2024-10-25T16:25:48","date_gmt":"2024-10-25T16:25:48","guid":{"rendered":"https:\/\/ubereslegal.com\/?page_id=3703"},"modified":"2025-05-13T16:15:22","modified_gmt":"2025-05-13T16:15:22","slug":"tierra-del-fuego-antartida-e-islas-del-atlantico-sur","status":"publish","type":"page","link":"https:\/\/ubereslegal.com\/en\/tierra-del-fuego-antartida-e-islas-del-atlantico-sur\/","title":{"rendered":"Tierra del Fuego, Ant\u00e1rtida e Islas del Atl\u00e1ntico Sur"},"content":{"rendered":"<div class=\"vc_row wpb_row vc_row-fluid\"><div class=\"wpb_column vc_column_container vc_col-sm-12\"><div class=\"vc_column-inner\"><div class=\"wpb_wrapper\"><div class=\"vc_empty_space\"   style=\"height: 160px\"><span class=\"vc_empty_space_inner\"><\/span><\/div>\n\t<div class=\"wpb_text_column wpb_content_element\" >\n\t\t<div class=\"wpb_wrapper\">\n\t\t\t<h5 style=\"text-align: center;\">R\u00edo Grande<\/h5>\n<p>&nbsp;<\/p>\n\n\t\t<\/div>\n\t<\/div>\n<div class=\"edge-blog-list-holder edge-bl-standard edge-bl-four-columns edge-bl-normal-space edge-bl-pag-no-pagination\"  data-type=\"standard\" data-number-of-posts=\"40\" data-number-of-columns=\"4\" data-space-between-columns=\"normal\" data-category=\"jurisprudencia-de-rio-grande\" data-order-by=\"date\" data-order=\"DESC\" data-image-size=\"landscape\" data-title-tag=\"h4\" data-excerpt-length=\"30\" data-post-info-section=\"no\" data-post-info-image=\"yes\" data-post-info-author=\"yes\" data-post-info-date=\"no\" data-post-info-category=\"yes\" data-post-info-comments=\"no\" data-post-info-like=\"no\" data-post-info-share=\"no\" data-pagination-type=\"no-pagination\" data-max-num-pages=\"1\" data-next-page=\"2\">\n\t<div class=\"edge-bl-wrapper\">\n\t\t<ul class=\"edge-blog-list\">\n\t\t\t<li class=\"edge-bl-item clearfix\">\n\t<div class=\"edge-bli-inner\">\n                \n\t<div class=\"edge-post-image\">\n        \t\t    <a itemprop=\"url\" href=\"https:\/\/ubereslegal.com\/en\/la-justicia-de-tierra-del-fuego-nuevamente-deja-en-claro-que-uber-es-legal\/\" title=\"Tierra del Fuego Court Once Again Clearly States That Uber is Legal\">\n                            <img decoding=\"async\" itemprop=\"image\" class=\"edge-custom-post-image\" src=\"http:\/\/ubereslegal.com\/wp-content\/uploads\/2025\/01\/629f71e85ef84.png\" alt=\"Blog list featured image\" \/>\n                \t\t    <\/a>\n        \t<\/div>\n                <div class=\"edge-bli-content\">\n                        \n<h4 itemprop=\"name\" class=\"entry-title edge-post-title\">\n            <a itemprop=\"url\" href=\"https:\/\/ubereslegal.com\/en\/la-justicia-de-tierra-del-fuego-nuevamente-deja-en-claro-que-uber-es-legal\/\" title=\"Tierra del Fuego Court Once Again Clearly States That Uber is Legal\">\n            Tierra del Fuego Court Once Again Clearly States That Uber is Legal            <\/a>\n    <\/h4>                        <div class=\"edge-bli-excerpt\">\n                \t\t<div class=\"edge-post-excerpt-holder\">\n\t\t\t<p itemprop=\"description\" class=\"edge-post-excerpt\">\n\t\t\t\t\nOnce again, the Tierra del Fuego Court determined that Uber is legal, and as a result, on the 14th of October, 2024, in the case \u201cCorrea Adrian Gabriel s\/ Recurso de Apelaci\u00f3n art. 23\t\t\t<\/p>\n\t\t<\/div>\n\t                <div class=\"edge-post-read-more-button\">\n<a itemprop=\"url\" href=\"https:\/\/ubereslegal.com\/en\/la-justicia-de-tierra-del-fuego-nuevamente-deja-en-claro-que-uber-es-legal\/\" target=\"_self\"  class=\"edge-btn edge-btn-medium edge-btn-simple edge-blog-list-button\"  >    <span class=\"edge-btn-text\">Read More<\/span>    <\/a><\/div>\n            <\/div>\n        <\/div>\n\t<\/div>\n<\/li><li class=\"edge-bl-item clearfix\">\n\t<div class=\"edge-bli-inner\">\n                \n\t<div class=\"edge-post-image\">\n        \t\t    <a itemprop=\"url\" href=\"https:\/\/ubereslegal.com\/en\/uber-es-legal-en-rio-grande-siguen-las-absoluciones-por-inconstitucionalidad-de-la-ordenanza-que-prohibe-uber\/\" title=\"Uber Is Legal In R\u00edo Grande: Acquittals Continue Due To Unconstitutionality Of The Ordinance Banning Uber\">\n                            <img decoding=\"async\" itemprop=\"image\" class=\"edge-custom-post-image\" src=\"http:\/\/ubereslegal.com\/wp-content\/uploads\/2025\/01\/adult-man-with-coffee-using-mobile-phone-scaled.jpg\" alt=\"Blog list featured image\" \/>\n                \t\t    <\/a>\n        \t<\/div>\n                <div class=\"edge-bli-content\">\n                        \n<h4 itemprop=\"name\" class=\"entry-title edge-post-title\">\n            <a itemprop=\"url\" href=\"https:\/\/ubereslegal.com\/en\/uber-es-legal-en-rio-grande-siguen-las-absoluciones-por-inconstitucionalidad-de-la-ordenanza-que-prohibe-uber\/\" title=\"Uber Is Legal In R\u00edo Grande: Acquittals Continue Due To Unconstitutionality Of The Ordinance Banning Uber\">\n            Uber Is Legal In R\u00edo Grande: Acquittals Continue Due To Unconstitutionality Of The Ordinance Banning Uber            <\/a>\n    <\/h4>                        <div class=\"edge-bli-excerpt\">\n                \t\t<div class=\"edge-post-excerpt-holder\">\n\t\t\t<p itemprop=\"description\" class=\"edge-post-excerpt\">\n\t\t\t\t\nOn the 8th of October, 2024, in the case \u201cPerez Oscar Saul s\/ infringir O.M. 3548\/16 Mod. 4627\/23\u201d, Expte. 259970, the Municipal Administrative Infractions Court acquitted another driver who had provided transportation services\t\t\t<\/p>\n\t\t<\/div>\n\t                <div class=\"edge-post-read-more-button\">\n<a itemprop=\"url\" href=\"https:\/\/ubereslegal.com\/en\/uber-es-legal-en-rio-grande-siguen-las-absoluciones-por-inconstitucionalidad-de-la-ordenanza-que-prohibe-uber\/\" target=\"_self\"  class=\"edge-btn edge-btn-medium edge-btn-simple edge-blog-list-button\"  >    <span class=\"edge-btn-text\">Read More<\/span>    <\/a><\/div>\n            <\/div>\n        <\/div>\n\t<\/div>\n<\/li><li class=\"edge-bl-item clearfix\">\n\t<div class=\"edge-bli-inner\">\n                \n\t<div class=\"edge-post-image\">\n        \t\t    <a itemprop=\"url\" href=\"https:\/\/ubereslegal.com\/en\/otra-absolucion-en-un-caso-por-uso-de-la-aplicacion-uber-tras-la-declaracion-de-inconstitucionalidad-de-la-ordenanza-proscriptiva-de-uber\/\" title=\"Another Acquittal For Using The Uber App, Following The Declaration Of Unconstitutionality Of The Ordinance Prohibiting Uber\">\n                            <img decoding=\"async\" itemprop=\"image\" class=\"edge-custom-post-image\" src=\"http:\/\/ubereslegal.com\/wp-content\/uploads\/2025\/01\/7197526-scaled.jpg\" alt=\"Blog list featured image\" \/>\n                \t\t    <\/a>\n        \t<\/div>\n                <div class=\"edge-bli-content\">\n                        \n<h4 itemprop=\"name\" class=\"entry-title edge-post-title\">\n            <a itemprop=\"url\" href=\"https:\/\/ubereslegal.com\/en\/otra-absolucion-en-un-caso-por-uso-de-la-aplicacion-uber-tras-la-declaracion-de-inconstitucionalidad-de-la-ordenanza-proscriptiva-de-uber\/\" title=\"Another Acquittal For Using The Uber App, Following The Declaration Of Unconstitutionality Of The Ordinance Prohibiting Uber\">\n            Another Acquittal For Using The Uber App, Following The Declaration Of Unconstitutionality Of The Ordinance Prohibiting Uber            <\/a>\n    <\/h4>                        <div class=\"edge-bli-excerpt\">\n                \t\t<div class=\"edge-post-excerpt-holder\">\n\t\t\t<p itemprop=\"description\" class=\"edge-post-excerpt\">\n\t\t\t\t\nOn the 8th of October, 2024, in the case \u201cAlbornoz Jos\u00e9 Mar\u00eda Jes\u00fas s\/ infringir O.M. 3548\/16 Mod. 4627\/23\u201d, Expte. 260729, the Municipal Administrative Infractions Court acquitted the defendant. The Court considered that the case had\t\t\t<\/p>\n\t\t<\/div>\n\t                <div class=\"edge-post-read-more-button\">\n<a itemprop=\"url\" href=\"https:\/\/ubereslegal.com\/en\/otra-absolucion-en-un-caso-por-uso-de-la-aplicacion-uber-tras-la-declaracion-de-inconstitucionalidad-de-la-ordenanza-proscriptiva-de-uber\/\" target=\"_self\"  class=\"edge-btn edge-btn-medium edge-btn-simple edge-blog-list-button\"  >    <span class=\"edge-btn-text\">Read More<\/span>    <\/a><\/div>\n            <\/div>\n        <\/div>\n\t<\/div>\n<\/li><li class=\"edge-bl-item clearfix\">\n\t<div class=\"edge-bli-inner\">\n                \n\t<div class=\"edge-post-image\">\n        \t\t    <a itemprop=\"url\" href=\"https:\/\/ubereslegal.com\/en\/el-tribunal-municipal-de-faltas-de-rio-grande-cumple-con-lo-dispuesto-en-la-causa-martinez-leonardo-alberto-s-recurso-de-apelacion-art-23-inc-5-c-p\/\" title=\"The Municipal Infractions Court in R\u00edo Grande Fulfills the Arranged Dues in the Case \u201cMart\u00ednez Leonardo Alberto re: appeal under Article 23, Section 5 of the Penal Code\u201d\">\n                            <img decoding=\"async\" itemprop=\"image\" class=\"edge-custom-post-image\" src=\"http:\/\/ubereslegal.com\/wp-content\/uploads\/2025\/01\/close-up-man-car-with-map-mobile-scaled.jpg\" alt=\"Blog list featured image\" \/>\n                \t\t    <\/a>\n        \t<\/div>\n                <div class=\"edge-bli-content\">\n                        \n<h4 itemprop=\"name\" class=\"entry-title edge-post-title\">\n            <a itemprop=\"url\" href=\"https:\/\/ubereslegal.com\/en\/el-tribunal-municipal-de-faltas-de-rio-grande-cumple-con-lo-dispuesto-en-la-causa-martinez-leonardo-alberto-s-recurso-de-apelacion-art-23-inc-5-c-p\/\" title=\"The Municipal Infractions Court in R\u00edo Grande Fulfills the Arranged Dues in the Case \u201cMart\u00ednez Leonardo Alberto re: appeal under Article 23, Section 5 of the Penal Code\u201d\">\n            The Municipal Infractions Court in R\u00edo Grande Fulfills the Arranged Dues in the Case \u201cMart\u00ednez Leonardo Alberto re: appeal under Article 23, Section 5 of the Penal Code\u201d            <\/a>\n    <\/h4>                        <div class=\"edge-bli-excerpt\">\n                \t\t<div class=\"edge-post-excerpt-holder\">\n\t\t\t<p itemprop=\"description\" class=\"edge-post-excerpt\">\n\t\t\t\t\nOn the 8th of October, 2024, in the case \u201cNovoa Monica Leopoldina s\/ infringir O.M. 3548\/16 Mod. 4627\/23\u201d, Expte. 260164, the Municipal Administrative Infractions Court dismissed the defendant upon recognising that there existed\t\t\t<\/p>\n\t\t<\/div>\n\t                <div class=\"edge-post-read-more-button\">\n<a itemprop=\"url\" href=\"https:\/\/ubereslegal.com\/en\/el-tribunal-municipal-de-faltas-de-rio-grande-cumple-con-lo-dispuesto-en-la-causa-martinez-leonardo-alberto-s-recurso-de-apelacion-art-23-inc-5-c-p\/\" target=\"_self\"  class=\"edge-btn edge-btn-medium edge-btn-simple edge-blog-list-button\"  >    <span class=\"edge-btn-text\">Read More<\/span>    <\/a><\/div>\n            <\/div>\n        <\/div>\n\t<\/div>\n<\/li><li class=\"edge-bl-item clearfix\">\n\t<div class=\"edge-bli-inner\">\n                \n\t<div class=\"edge-post-image\">\n        \t\t    <a itemprop=\"url\" href=\"https:\/\/ubereslegal.com\/en\/nuevamente-otro-driver-es-absuelto-ante-indicios-de-participacion-de-un-agente-provocador\/\" title=\"Once Again, Another Driver Is Acquitted Due To Indications Of Participation Of An Entrapment Agent\">\n                            <img decoding=\"async\" itemprop=\"image\" class=\"edge-custom-post-image\" src=\"http:\/\/ubereslegal.com\/wp-content\/uploads\/2025\/01\/man-sitting-car-night-scaled.jpg\" alt=\"Blog list featured image\" \/>\n                \t\t    <\/a>\n        \t<\/div>\n                <div class=\"edge-bli-content\">\n                        \n<h4 itemprop=\"name\" class=\"entry-title edge-post-title\">\n            <a itemprop=\"url\" href=\"https:\/\/ubereslegal.com\/en\/nuevamente-otro-driver-es-absuelto-ante-indicios-de-participacion-de-un-agente-provocador\/\" title=\"Once Again, Another Driver Is Acquitted Due To Indications Of Participation Of An Entrapment Agent\">\n            Once Again, Another Driver Is Acquitted Due To Indications Of Participation Of An Entrapment Agent            <\/a>\n    <\/h4>                        <div class=\"edge-bli-excerpt\">\n                \t\t<div class=\"edge-post-excerpt-holder\">\n\t\t\t<p itemprop=\"description\" class=\"edge-post-excerpt\">\n\t\t\t\t\nOn the 3rd of October, 2024, in the case \u201cCalero Nicolas Hern\u00e1n s\/ infringir O.M. 3548\/16 Mod. 4627\/23\u201d, Expte. 260658, the Municipal Administrative Infractions Court acquitted a driver, who provided passenger transportation services\t\t\t<\/p>\n\t\t<\/div>\n\t                <div class=\"edge-post-read-more-button\">\n<a itemprop=\"url\" href=\"https:\/\/ubereslegal.com\/en\/nuevamente-otro-driver-es-absuelto-ante-indicios-de-participacion-de-un-agente-provocador\/\" target=\"_self\"  class=\"edge-btn edge-btn-medium edge-btn-simple edge-blog-list-button\"  >    <span class=\"edge-btn-text\">Read More<\/span>    <\/a><\/div>\n            <\/div>\n        <\/div>\n\t<\/div>\n<\/li><li class=\"edge-bl-item clearfix\">\n\t<div class=\"edge-bli-inner\">\n                \n\t<div class=\"edge-post-image\">\n        \t\t    <a itemprop=\"url\" href=\"https:\/\/ubereslegal.com\/en\/absolucion-a-un-conductor-por-posible-participacion-de-un-agente-provocador\/\" title=\"Acquittal of a Driver Due to Possible Participation of an Entrapment Agent\">\n                            <img decoding=\"async\" itemprop=\"image\" class=\"edge-custom-post-image\" src=\"http:\/\/ubereslegal.com\/wp-content\/uploads\/2025\/01\/close-up-man-preparing-steal-from-young-woman-scaled.jpg\" alt=\"Blog list featured image\" \/>\n                \t\t    <\/a>\n        \t<\/div>\n                <div class=\"edge-bli-content\">\n                        \n<h4 itemprop=\"name\" class=\"entry-title edge-post-title\">\n            <a itemprop=\"url\" href=\"https:\/\/ubereslegal.com\/en\/absolucion-a-un-conductor-por-posible-participacion-de-un-agente-provocador\/\" title=\"Acquittal of a Driver Due to Possible Participation of an Entrapment Agent\">\n            Acquittal of a Driver Due to Possible Participation of an Entrapment Agent            <\/a>\n    <\/h4>                        <div class=\"edge-bli-excerpt\">\n                \t\t<div class=\"edge-post-excerpt-holder\">\n\t\t\t<p itemprop=\"description\" class=\"edge-post-excerpt\">\n\t\t\t\t\nOn the 3rd of October, 2024, in the case \u201cGrahl Juan Jos\u00e9 s\/ infringir O.M. 3548\/16 Mod. 4627\/23\u201d, Expte. 260309, the Municipal Administrative Infractions Court, considering the possible involvement of an entrapment agent,\t\t\t<\/p>\n\t\t<\/div>\n\t                <div class=\"edge-post-read-more-button\">\n<a itemprop=\"url\" href=\"https:\/\/ubereslegal.com\/en\/absolucion-a-un-conductor-por-posible-participacion-de-un-agente-provocador\/\" target=\"_self\"  class=\"edge-btn edge-btn-medium edge-btn-simple edge-blog-list-button\"  >    <span class=\"edge-btn-text\">Read More<\/span>    <\/a><\/div>\n            <\/div>\n        <\/div>\n\t<\/div>\n<\/li><li class=\"edge-bl-item clearfix\">\n\t<div class=\"edge-bli-inner\">\n                \n\t<div class=\"edge-post-image\">\n        \t\t    <a itemprop=\"url\" href=\"https:\/\/ubereslegal.com\/en\/la-justicia-de-tierra-del-fuego-sobreseyo-a-otro-driver-y-ordeno-acatar-en-lo-sucesivo-el-precedente-quisbert-donde-se-afirma-la-legalidad-de-uber\/\" title=\"Tierra del Fuego Court Acquitted Another Driver And Ordered Future Proceedings To Comply With Precedent Set In \u201cQuisbert\u201d Case, In Which Uber\u2019s Legality Is Confirmed\">\n                            <img decoding=\"async\" itemprop=\"image\" class=\"edge-custom-post-image\" src=\"http:\/\/ubereslegal.com\/wp-content\/uploads\/2024\/10\/hammer-justice.jpg\" alt=\"Blog list featured image\" \/>\n                \t\t    <\/a>\n        \t<\/div>\n                <div class=\"edge-bli-content\">\n                        \n<h4 itemprop=\"name\" class=\"entry-title edge-post-title\">\n            <a itemprop=\"url\" href=\"https:\/\/ubereslegal.com\/en\/la-justicia-de-tierra-del-fuego-sobreseyo-a-otro-driver-y-ordeno-acatar-en-lo-sucesivo-el-precedente-quisbert-donde-se-afirma-la-legalidad-de-uber\/\" title=\"Tierra del Fuego Court Acquitted Another Driver And Ordered Future Proceedings To Comply With Precedent Set In \u201cQuisbert\u201d Case, In Which Uber\u2019s Legality Is Confirmed\">\n            Tierra del Fuego Court Acquitted Another Driver And Ordered Future Proceedings To Comply With Precedent Set In \u201cQuisbert\u201d Case, In Which Uber\u2019s Legality Is Confirmed            <\/a>\n    <\/h4>                        <div class=\"edge-bli-excerpt\">\n                \t\t<div class=\"edge-post-excerpt-holder\">\n\t\t\t<p itemprop=\"description\" class=\"edge-post-excerpt\">\n\t\t\t\t\nOn the 14th of October, 2024, in the case \u201cMartinez, Leonardo Alberto s\/ Recurso De Apelacion Art. 23 Inc. 5 C.P.\u201d, Expte. 5772\/2024, the Criminal Court of the Northern Judicial District\t\t\t<\/p>\n\t\t<\/div>\n\t                <div class=\"edge-post-read-more-button\">\n<a itemprop=\"url\" href=\"https:\/\/ubereslegal.com\/en\/la-justicia-de-tierra-del-fuego-sobreseyo-a-otro-driver-y-ordeno-acatar-en-lo-sucesivo-el-precedente-quisbert-donde-se-afirma-la-legalidad-de-uber\/\" target=\"_self\"  class=\"edge-btn edge-btn-medium edge-btn-simple edge-blog-list-button\"  >    <span class=\"edge-btn-text\">Read More<\/span>    <\/a><\/div>\n            <\/div>\n        <\/div>\n\t<\/div>\n<\/li><li class=\"edge-bl-item clearfix\">\n\t<div class=\"edge-bli-inner\">\n                \n\t<div class=\"edge-post-image\">\n        \t\t    <a itemprop=\"url\" href=\"https:\/\/ubereslegal.com\/en\/la-justicia-de-tierra-del-fuego-declaro-inconstitucional-la-prohibicion-de-utilizar-aplicaciones-de-intermediacion-en-rio-grande-por-irrazonable-y-absolvio-al-conductor\/\" title=\"Tierra del Fuego Court Declares The Ordinance Banning Passenger Transportation Via Intermediary Apps Unconstitutional In R\u00edo Grande And Acquits The Driver\">\n                            <img decoding=\"async\" itemprop=\"image\" class=\"edge-custom-post-image\" src=\"http:\/\/ubereslegal.com\/wp-content\/uploads\/2024\/06\/uber-157.jpg\" alt=\"Blog list featured image\" \/>\n                \t\t    <\/a>\n        \t<\/div>\n                <div class=\"edge-bli-content\">\n                        \n<h4 itemprop=\"name\" class=\"entry-title edge-post-title\">\n            <a itemprop=\"url\" href=\"https:\/\/ubereslegal.com\/en\/la-justicia-de-tierra-del-fuego-declaro-inconstitucional-la-prohibicion-de-utilizar-aplicaciones-de-intermediacion-en-rio-grande-por-irrazonable-y-absolvio-al-conductor\/\" title=\"Tierra del Fuego Court Declares The Ordinance Banning Passenger Transportation Via Intermediary Apps Unconstitutional In R\u00edo Grande And Acquits The Driver\">\n            Tierra del Fuego Court Declares The Ordinance Banning Passenger Transportation Via Intermediary Apps Unconstitutional In R\u00edo Grande And Acquits The Driver            <\/a>\n    <\/h4>                        <div class=\"edge-bli-excerpt\">\n                \t\t<div class=\"edge-post-excerpt-holder\">\n\t\t\t<p itemprop=\"description\" class=\"edge-post-excerpt\">\n\t\t\t\t\nOn the 15th of December, 2023, in the case \u201cQuisbert, Alejandro Javier s\/ recurso de apelaci\u00f3n art. 32 inc. 5\u00ba C.P.\u201d, Expte. 5635\/2023, the Criminal Court of the Northern Judicial District of Tierra del Fuego declared\t\t\t<\/p>\n\t\t<\/div>\n\t                <div class=\"edge-post-read-more-button\">\n<a itemprop=\"url\" href=\"https:\/\/ubereslegal.com\/en\/la-justicia-de-tierra-del-fuego-declaro-inconstitucional-la-prohibicion-de-utilizar-aplicaciones-de-intermediacion-en-rio-grande-por-irrazonable-y-absolvio-al-conductor\/\" target=\"_self\"  class=\"edge-btn edge-btn-medium edge-btn-simple edge-blog-list-button\"  >    <span class=\"edge-btn-text\">Read More<\/span>    <\/a><\/div>\n            <\/div>\n        <\/div>\n\t<\/div>\n<\/li>\t\t<\/ul>\n\t<\/div>\n\t<\/div><div class=\"vc_empty_space\"   style=\"height: 60px\"><span class=\"vc_empty_space_inner\"><\/span><\/div><\/div><\/div><\/div><\/div><div class=\"vc_row wpb_row vc_row-fluid\"><div class=\"wpb_column vc_column_container vc_col-sm-12\"><div class=\"vc_column-inner\"><div class=\"wpb_wrapper\">\n\t<div class=\"wpb_text_column wpb_content_element\" >\n\t\t<div class=\"wpb_wrapper\">\n\t\t\t<h5 style=\"text-align: center;\">Ushuaia<\/h5>\n\n\t\t<\/div>\n\t<\/div>\n<div class=\"vc_empty_space\"   style=\"height: 60px\"><span class=\"vc_empty_space_inner\"><\/span><\/div><div class=\"edge-blog-list-holder edge-bl-standard edge-bl-four-columns edge-bl-normal-space edge-bl-pag-no-pagination\"  data-type=\"standard\" data-number-of-posts=\"40\" data-number-of-columns=\"4\" data-space-between-columns=\"normal\" data-category=\"jurisprudencia-de-ushuaia\" data-order-by=\"date\" data-order=\"ASC\" data-image-size=\"landscape\" data-title-tag=\"h4\" data-excerpt-length=\"30\" data-post-info-section=\"no\" data-post-info-image=\"yes\" data-post-info-author=\"yes\" data-post-info-date=\"no\" data-post-info-category=\"yes\" data-post-info-comments=\"no\" data-post-info-like=\"no\" data-post-info-share=\"no\" data-pagination-type=\"no-pagination\" data-max-num-pages=\"1\" data-next-page=\"2\">\n\t<div class=\"edge-bl-wrapper\">\n\t\t<ul class=\"edge-blog-list\">\n\t\t\t<li class=\"edge-bl-item clearfix\">\n\t<div class=\"edge-bli-inner\">\n                \n\t<div class=\"edge-post-image\">\n        \t\t    <a itemprop=\"url\" href=\"https:\/\/ubereslegal.com\/en\/la-justicia-de-la-provincia-de-tierra-del-fuego-declaro-la-inconstitucionalidad-de-la-ordenanza-5283-2017-de-la-municipalidad-de-ushuaia\/\" title=\"Tierra del Fuego Court Declares Ushuaia\u2019s Ordinance 5283\/2017 Unconstitutional\">\n                            <img decoding=\"async\" itemprop=\"image\" class=\"edge-custom-post-image\" src=\"http:\/\/ubereslegal.com\/wp-content\/uploads\/2024\/08\/driver-dressed-elegant-ffsdfsaf-scaled.jpg\" alt=\"Blog list featured image\" \/>\n                \t\t    <\/a>\n        \t<\/div>\n                <div class=\"edge-bli-content\">\n                        \n<h4 itemprop=\"name\" class=\"entry-title edge-post-title\">\n            <a itemprop=\"url\" href=\"https:\/\/ubereslegal.com\/en\/la-justicia-de-la-provincia-de-tierra-del-fuego-declaro-la-inconstitucionalidad-de-la-ordenanza-5283-2017-de-la-municipalidad-de-ushuaia\/\" title=\"Tierra del Fuego Court Declares Ushuaia\u2019s Ordinance 5283\/2017 Unconstitutional\">\n            Tierra del Fuego Court Declares Ushuaia\u2019s Ordinance 5283\/2017 Unconstitutional            <\/a>\n    <\/h4>                        <div class=\"edge-bli-excerpt\">\n                \t\t<div class=\"edge-post-excerpt-holder\">\n\t\t\t<p itemprop=\"description\" class=\"edge-post-excerpt\">\n\t\t\t\t\n\n\n\n\nOn the 13th of August, 2024, in the case \u201cAvellaneda, Roman Miguel s\/Apelaci\u00f3n art. 35 O.M. No 2778\u2019 originario No R-036894-0\/2023 del Juzgado Municipal de Faltas y sus acumulados [\u2026]\u201d, Expte. N\u00b0 5091\/2024, the Criminal Court of the Southern Judicial District of Tierra del Fuego\t\t\t<\/p>\n\t\t<\/div>\n\t                <div class=\"edge-post-read-more-button\">\n<a itemprop=\"url\" href=\"https:\/\/ubereslegal.com\/en\/la-justicia-de-la-provincia-de-tierra-del-fuego-declaro-la-inconstitucionalidad-de-la-ordenanza-5283-2017-de-la-municipalidad-de-ushuaia\/\" target=\"_self\"  class=\"edge-btn edge-btn-medium edge-btn-simple edge-blog-list-button\"  >    <span class=\"edge-btn-text\">Read More<\/span>    <\/a><\/div>\n            <\/div>\n        <\/div>\n\t<\/div>\n<\/li><li class=\"edge-bl-item clearfix\">\n\t<div class=\"edge-bli-inner\">\n                \n\t<div class=\"edge-post-image\">\n        \t\t    <a itemprop=\"url\" href=\"https:\/\/ubereslegal.com\/en\/otra-sentencia-en-tierra-del-fuego-reafirma-la-inconstitucionalidad-de-la-ordenanza-proscriptiva-de-uber\/\" title=\"Another Ruling in Tierra del Fuego Reaffirms the Unconstitutionality of the Ordinance Banning Uber\">\n                            <img decoding=\"async\" itemprop=\"image\" class=\"edge-custom-post-image\" src=\"http:\/\/ubereslegal.com\/wp-content\/uploads\/2025\/03\/car-steering-wheel-interior-road-view-from-inside-car-scaled.jpg\" alt=\"Blog list featured image\" \/>\n                \t\t    <\/a>\n        \t<\/div>\n                <div class=\"edge-bli-content\">\n                        \n<h4 itemprop=\"name\" class=\"entry-title edge-post-title\">\n            <a itemprop=\"url\" href=\"https:\/\/ubereslegal.com\/en\/otra-sentencia-en-tierra-del-fuego-reafirma-la-inconstitucionalidad-de-la-ordenanza-proscriptiva-de-uber\/\" title=\"Another Ruling in Tierra del Fuego Reaffirms the Unconstitutionality of the Ordinance Banning Uber\">\n            Another Ruling in Tierra del Fuego Reaffirms the Unconstitutionality of the Ordinance Banning Uber            <\/a>\n    <\/h4>                        <div class=\"edge-bli-excerpt\">\n                \t\t<div class=\"edge-post-excerpt-holder\">\n\t\t\t<p itemprop=\"description\" class=\"edge-post-excerpt\">\n\t\t\t\t\nOn the 7th of November, 2024, in the case \u201cBarrera, Hector Elias s\/Apelaci\u00f3n art. 35 O.M. N\u00b0 2778\u2019, y sus acumulados [\u2026]\u201d,\t\t\t<\/p>\n\t\t<\/div>\n\t                <div class=\"edge-post-read-more-button\">\n<a itemprop=\"url\" href=\"https:\/\/ubereslegal.com\/en\/otra-sentencia-en-tierra-del-fuego-reafirma-la-inconstitucionalidad-de-la-ordenanza-proscriptiva-de-uber\/\" target=\"_self\"  class=\"edge-btn edge-btn-medium edge-btn-simple edge-blog-list-button\"  >    <span class=\"edge-btn-text\">Read More<\/span>    <\/a><\/div>\n            <\/div>\n        <\/div>\n\t<\/div>\n<\/li>\t\t<\/ul>\n\t<\/div>\n\t<\/div><div class=\"vc_empty_space\"   style=\"height: 60px\"><span class=\"vc_empty_space_inner\"><\/span><\/div><\/div><\/div><\/div><\/div><div class=\"vc_row wpb_row vc_row-fluid\"><div class=\"wpb_column vc_column_container vc_col-sm-12\"><div class=\"vc_column-inner\"><div class=\"wpb_wrapper\"><\/div><\/div><\/div><\/div>","protected":false},"excerpt":{"rendered":"El d\u00eda 07\/11\/2024, en la causa \u201c\u2018Barrera, Hector Elias s\/Apelaci\u00f3n art. 35 O.M. N\u00b0 2778\u2019, y sus acumulados [...]\u201d Expte. N\u00b0 5130\/2024, la Justicia en lo Correccional del Distrito Judicial Sur de la Provincia de Tierra del Fuego absolvi\u00f3 a [...]","protected":false},"author":2,"featured_media":0,"parent":0,"menu_order":0,"comment_status":"closed","ping_status":"closed","template":"","meta":{"inline_featured_image":false,"footnotes":"","_links_to":"","_links_to_target":""},"class_list":["post-3703","page","type-page","status-publish","hentry"],"_links":{"self":[{"href":"https:\/\/ubereslegal.com\/en\/wp-json\/wp\/v2\/pages\/3703","targetHints":{"allow":["GET"]}}],"collection":[{"href":"https:\/\/ubereslegal.com\/en\/wp-json\/wp\/v2\/pages"}],"about":[{"href":"https:\/\/ubereslegal.com\/en\/wp-json\/wp\/v2\/types\/page"}],"author":[{"embeddable":true,"href":"https:\/\/ubereslegal.com\/en\/wp-json\/wp\/v2\/users\/2"}],"replies":[{"embeddable":true,"href":"https:\/\/ubereslegal.com\/en\/wp-json\/wp\/v2\/comments?post=3703"}],"version-history":[{"count":15,"href":"https:\/\/ubereslegal.com\/en\/wp-json\/wp\/v2\/pages\/3703\/revisions"}],"predecessor-version":[{"id":4441,"href":"https:\/\/ubereslegal.com\/en\/wp-json\/wp\/v2\/pages\/3703\/revisions\/4441"}],"wp:attachment":[{"href":"https:\/\/ubereslegal.com\/en\/wp-json\/wp\/v2\/media?parent=3703"}],"curies":[{"name":"wp","href":"https:\/\/api.w.org\/{rel}","templated":true}]}}