{"id":3691,"date":"2024-10-25T16:19:53","date_gmt":"2024-10-25T16:19:53","guid":{"rendered":"https:\/\/ubereslegal.com\/?page_id=3691"},"modified":"2026-03-06T23:23:48","modified_gmt":"2026-03-06T23:23:48","slug":"salta","status":"publish","type":"page","link":"https:\/\/ubereslegal.com\/en\/salta\/","title":{"rendered":"Salta"},"content":{"rendered":"<div class=\"vc_row wpb_row vc_row-fluid\"><div class=\"wpb_column vc_column_container vc_col-sm-12\"><div class=\"vc_column-inner\"><div class=\"wpb_wrapper\"><div class=\"vc_empty_space\"   style=\"height: 160px\"><span class=\"vc_empty_space_inner\"><\/span><\/div>\n\t<div class=\"wpb_text_column wpb_content_element\" >\n\t\t<div class=\"wpb_wrapper\">\n\t\t\t<h5 style=\"text-align: center;\">City of Salta<\/h5>\n\n\t\t<\/div>\n\t<\/div>\n<div class=\"vc_empty_space\"   style=\"height: 60px\"><span class=\"vc_empty_space_inner\"><\/span><\/div><div class=\"edge-blog-list-holder edge-bl-standard edge-bl-four-columns edge-bl-normal-space edge-bl-pag-no-pagination\"  data-type=\"standard\" data-number-of-posts=\"40\" data-number-of-columns=\"4\" data-space-between-columns=\"normal\" data-category=\"jurisprudencia-de-salta\" data-order-by=\"date\" data-order=\"DESC\" data-image-size=\"landscape\" data-title-tag=\"h4\" data-excerpt-length=\"90\" data-post-info-section=\"no\" data-post-info-image=\"yes\" data-post-info-author=\"yes\" data-post-info-date=\"no\" data-post-info-category=\"yes\" data-post-info-comments=\"no\" data-post-info-like=\"no\" data-post-info-share=\"no\" data-pagination-type=\"no-pagination\" data-max-num-pages=\"1\" data-next-page=\"2\">\n\t<div class=\"edge-bl-wrapper\">\n\t\t<ul class=\"edge-blog-list\">\n\t\t\t<li class=\"edge-bl-item clearfix\">\n\t<div class=\"edge-bli-inner\">\n                \n\t<div class=\"edge-post-image\">\n        \t\t    <a itemprop=\"url\" href=\"https:\/\/ubereslegal.com\/en\/la-suprema-corte-de-salta-reconoce-la-legalidad-de-uber\/\" title=\"La Suprema Corte de Salta reconoce la legalidad de Uber\">\n                            <img decoding=\"async\" itemprop=\"image\" class=\"edge-custom-post-image\" src=\"http:\/\/ubereslegal.com\/wp-content\/uploads\/2026\/03\/closeup-gavel-judgement-concept-scaled.jpg\" alt=\"Blog list featured image\" \/>\n                \t\t    <\/a>\n        \t<\/div>\n                <div class=\"edge-bli-content\">\n                        \n<h4 itemprop=\"name\" class=\"entry-title edge-post-title\">\n            <a itemprop=\"url\" href=\"https:\/\/ubereslegal.com\/en\/la-suprema-corte-de-salta-reconoce-la-legalidad-de-uber\/\" title=\"La Suprema Corte de Salta reconoce la legalidad de Uber\">\n            La Suprema Corte de Salta reconoce la legalidad de Uber            <\/a>\n    <\/h4>                        <div class=\"edge-bli-excerpt\">\n                \t\t<div class=\"edge-post-excerpt-holder\">\n\t\t\t<p itemprop=\"description\" class=\"edge-post-excerpt\">\n\t\t\t\t\nEl 29\/10\/2025 la Suprema Corte de Justicia de Salta confirm\u00f3 la sentencia dictada por el Tribunal de Impugnaci\u00f3n en la causa \u201cFABI\u00c1N, N\u00c9STOR RICARDO; FURL\u00c1N, CRISTIAN PABLO - RECURSO DE INCONSTITUCIONALIDAD\u201d (Expte. No CJS S-II 890.490\/24), en la que se revoc\u00f3 la condena impuesta a un conductor y se orden\u00f3 la devoluci\u00f3n de lo pagado en concepto de multa, por considerar que la cuesti\u00f3n devino abstracta tras la regulaci\u00f3n del servicio de transporte de pasajeros contratado a trav\u00e9s de aplicaciones m\u00f3viles y que \u00e9ste es legal.\n\n\n\nCorte Salta (1)Descarga\t\t\t<\/p>\n\t\t<\/div>\n\t                <div class=\"edge-post-read-more-button\">\n<a itemprop=\"url\" href=\"https:\/\/ubereslegal.com\/en\/la-suprema-corte-de-salta-reconoce-la-legalidad-de-uber\/\" target=\"_self\"  class=\"edge-btn edge-btn-medium edge-btn-simple edge-blog-list-button\"  >    <span class=\"edge-btn-text\">Read More<\/span>    <\/a><\/div>\n            <\/div>\n        <\/div>\n\t<\/div>\n<\/li><li class=\"edge-bl-item clearfix\">\n\t<div class=\"edge-bli-inner\">\n                \n\t<div class=\"edge-post-image\">\n        \t\t    <a itemprop=\"url\" href=\"https:\/\/ubereslegal.com\/en\/el-tribunal-de-impugnacion-absuelve-a-un-conductor-y-ordena-a-la-amt-a-devolver-el-dinero-abonado-en-concepto-de-multa\/\" title=\"El Tribunal de Impugnaci\u00f3n absuelve a un conductor y ordena a la AMT a devolver el dinero abonado en concepto de multa\">\n                            <img decoding=\"async\" itemprop=\"image\" class=\"edge-custom-post-image\" src=\"http:\/\/ubereslegal.com\/wp-content\/uploads\/2026\/03\/man-driving-with-his-girlfriend-scaled.jpg\" alt=\"Blog list featured image\" \/>\n                \t\t    <\/a>\n        \t<\/div>\n                <div class=\"edge-bli-content\">\n                        \n<h4 itemprop=\"name\" class=\"entry-title edge-post-title\">\n            <a itemprop=\"url\" href=\"https:\/\/ubereslegal.com\/en\/el-tribunal-de-impugnacion-absuelve-a-un-conductor-y-ordena-a-la-amt-a-devolver-el-dinero-abonado-en-concepto-de-multa\/\" title=\"El Tribunal de Impugnaci\u00f3n absuelve a un conductor y ordena a la AMT a devolver el dinero abonado en concepto de multa\">\n            El Tribunal de Impugnaci\u00f3n absuelve a un conductor y ordena a la AMT a devolver el dinero abonado en concepto de multa            <\/a>\n    <\/h4>                        <div class=\"edge-bli-excerpt\">\n                \t\t<div class=\"edge-post-excerpt-holder\">\n\t\t\t<p itemprop=\"description\" class=\"edge-post-excerpt\">\n\t\t\t\t\nEl 28\/10\/2024 el Tribunal de Impugnaci\u00f3n, en el marco de la causa&nbsp; \u201cApelaciones Garant\u00edas sin preso- Recurso de apelaci\u00f3n presentado por el Dr. Fern\u00e1ndez, Marcelo en representaci\u00f3n de Fabi\u00e1n, N\u00e9stor Ricardo; Furlan, Cristian Pablo; contra la resoluci\u00f3n 239\/24\u201d revoc\u00f3 la condena impuesta al conductor, a quien se lo acus\u00f3 de prestar un servicio de transporte p\u00fablico de pasajeros sin habilitaci\u00f3n utilizando Uber y orden\u00f3&nbsp; la restituci\u00f3n del dinero abonado en concepto de multa.&nbsp;\n\n\n\nPara ello, sostuvo que la falta no se pod\u00eda tener por acreditada ya que no se hab\u00eda probado\t\t\t<\/p>\n\t\t<\/div>\n\t                <div class=\"edge-post-read-more-button\">\n<a itemprop=\"url\" href=\"https:\/\/ubereslegal.com\/en\/el-tribunal-de-impugnacion-absuelve-a-un-conductor-y-ordena-a-la-amt-a-devolver-el-dinero-abonado-en-concepto-de-multa\/\" target=\"_self\"  class=\"edge-btn edge-btn-medium edge-btn-simple edge-blog-list-button\"  >    <span class=\"edge-btn-text\">Read More<\/span>    <\/a><\/div>\n            <\/div>\n        <\/div>\n\t<\/div>\n<\/li><li class=\"edge-bl-item clearfix\">\n\t<div class=\"edge-bli-inner\">\n                \n\t<div class=\"edge-post-image\">\n        \t\t    <a itemprop=\"url\" href=\"https:\/\/ubereslegal.com\/en\/nuevamente-el-tribunal-de-impugnacion-confirma-la-absolucion-de-un-conductor-y-ordena-la-devolucion-de-lo-abonado\/\" title=\"Nuevamente el Tribunal de Impugnaci\u00f3n confirma la absoluci\u00f3n de un conductor y ordena la devoluci\u00f3n de lo abonado\">\n                            <img decoding=\"async\" itemprop=\"image\" class=\"edge-custom-post-image\" src=\"http:\/\/ubereslegal.com\/wp-content\/uploads\/2026\/03\/judge-with-gavel-courtroom-scaled.jpg\" alt=\"Blog list featured image\" \/>\n                \t\t    <\/a>\n        \t<\/div>\n                <div class=\"edge-bli-content\">\n                        \n<h4 itemprop=\"name\" class=\"entry-title edge-post-title\">\n            <a itemprop=\"url\" href=\"https:\/\/ubereslegal.com\/en\/nuevamente-el-tribunal-de-impugnacion-confirma-la-absolucion-de-un-conductor-y-ordena-la-devolucion-de-lo-abonado\/\" title=\"Nuevamente el Tribunal de Impugnaci\u00f3n confirma la absoluci\u00f3n de un conductor y ordena la devoluci\u00f3n de lo abonado\">\n            Nuevamente el Tribunal de Impugnaci\u00f3n confirma la absoluci\u00f3n de un conductor y ordena la devoluci\u00f3n de lo abonado            <\/a>\n    <\/h4>                        <div class=\"edge-bli-excerpt\">\n                \t\t<div class=\"edge-post-excerpt-holder\">\n\t\t\t<p itemprop=\"description\" class=\"edge-post-excerpt\">\n\t\t\t\t\nEl 27\/10\/2025 el Tribunal de Impugnaci\u00f3n confirm\u00f3 la absoluci\u00f3n dictada por el Juzgado de Garant\u00edas de 3\u00b0 Nominaci\u00f3n en el marco de la causa \u201cRecurso de apelaci\u00f3n presentado por Caz\u00f3n, Gustavo Fernando con el patrocinio letrado del Dr. Fernandez, Marcelo en contra de la resoluci\u00f3n no 396 - Exp 238-714438\/24, de autoridad metropolitana de transporte (A.M.T.) - apelaciones garant\u00edas sin preso\u201d, por considerar que la cuesti\u00f3n devino abstracta al haberse regulado el servicio y que \u00e9ste es legal.\n\n\n\nCazon Tribuanal Impugnacio\u0301n (1)Descarga\t\t\t<\/p>\n\t\t<\/div>\n\t                <div class=\"edge-post-read-more-button\">\n<a itemprop=\"url\" href=\"https:\/\/ubereslegal.com\/en\/nuevamente-el-tribunal-de-impugnacion-confirma-la-absolucion-de-un-conductor-y-ordena-la-devolucion-de-lo-abonado\/\" target=\"_self\"  class=\"edge-btn edge-btn-medium edge-btn-simple edge-blog-list-button\"  >    <span class=\"edge-btn-text\">Read More<\/span>    <\/a><\/div>\n            <\/div>\n        <\/div>\n\t<\/div>\n<\/li><li class=\"edge-bl-item clearfix\">\n\t<div class=\"edge-bli-inner\">\n                \n\t<div class=\"edge-post-image\">\n        \t\t    <a itemprop=\"url\" href=\"https:\/\/ubereslegal.com\/en\/la-justicia-de-garantias-revoco-una-condena-impuesta-por-la-amt-y-ordeno-la-devolucion-del-vehiculo-sin-exigir-el-pago-previo-de-la-multa\/\" title=\"\u00a0La Justicia de Garant\u00edas revoc\u00f3 una condena impuesta por la AMT y orden\u00f3 la devoluci\u00f3n del veh\u00edculo sin exigir el pago previo de la multa\">\n                            <img decoding=\"async\" itemprop=\"image\" class=\"edge-custom-post-image\" src=\"http:\/\/ubereslegal.com\/wp-content\/uploads\/2026\/03\/handsome-man-driving-his-car-scaled.jpg\" alt=\"Blog list featured image\" \/>\n                \t\t    <\/a>\n        \t<\/div>\n                <div class=\"edge-bli-content\">\n                        \n<h4 itemprop=\"name\" class=\"entry-title edge-post-title\">\n            <a itemprop=\"url\" href=\"https:\/\/ubereslegal.com\/en\/la-justicia-de-garantias-revoco-una-condena-impuesta-por-la-amt-y-ordeno-la-devolucion-del-vehiculo-sin-exigir-el-pago-previo-de-la-multa\/\" title=\"\u00a0La Justicia de Garant\u00edas revoc\u00f3 una condena impuesta por la AMT y orden\u00f3 la devoluci\u00f3n del veh\u00edculo sin exigir el pago previo de la multa\">\n            \u00a0La Justicia de Garant\u00edas revoc\u00f3 una condena impuesta por la AMT y orden\u00f3 la devoluci\u00f3n del veh\u00edculo sin exigir el pago previo de la multa            <\/a>\n    <\/h4>                        <div class=\"edge-bli-excerpt\">\n                \t\t<div class=\"edge-post-excerpt-holder\">\n\t\t\t<p itemprop=\"description\" class=\"edge-post-excerpt\">\n\t\t\t\t\nEl 21\/05\/2025 el Juzgado de Garant\u00edas de 3\u00b0 Nominaci\u00f3n revoc\u00f3 una multa impuesta en sede administrativa y orden\u00f3 la inmediata devoluci\u00f3n del veh\u00edculo, por considerar que la cuesti\u00f3n devino abstracta tras la regulaci\u00f3n del servicio de transporte de pasajeros contratado a trav\u00e9s de aplicaciones m\u00f3viles, y que \u00e9ste es legal.\n\n\n\nJusticia Garantias Cazon (1)Descarga\t\t\t<\/p>\n\t\t<\/div>\n\t                <div class=\"edge-post-read-more-button\">\n<a itemprop=\"url\" href=\"https:\/\/ubereslegal.com\/en\/la-justicia-de-garantias-revoco-una-condena-impuesta-por-la-amt-y-ordeno-la-devolucion-del-vehiculo-sin-exigir-el-pago-previo-de-la-multa\/\" target=\"_self\"  class=\"edge-btn edge-btn-medium edge-btn-simple edge-blog-list-button\"  >    <span class=\"edge-btn-text\">Read More<\/span>    <\/a><\/div>\n            <\/div>\n        <\/div>\n\t<\/div>\n<\/li><li class=\"edge-bl-item clearfix\">\n\t<div class=\"edge-bli-inner\">\n                \n\t<div class=\"edge-post-image\">\n        \t\t    <a itemprop=\"url\" href=\"https:\/\/ubereslegal.com\/en\/los-tribunales-provinciales-no-pueden-suspender-la-aplicacion-de-uber-salta-2\/\" title=\"Provincial Courts Cannot Suspend The Uber Application (Salta)\">\n                            <img decoding=\"async\" itemprop=\"image\" class=\"edge-custom-post-image\" src=\"http:\/\/ubereslegal.com\/wp-content\/uploads\/2024\/06\/uber-145.jpg\" alt=\"Blog list featured image\" \/>\n                \t\t    <\/a>\n        \t<\/div>\n                <div class=\"edge-bli-content\">\n                        \n<h4 itemprop=\"name\" class=\"entry-title edge-post-title\">\n            <a itemprop=\"url\" href=\"https:\/\/ubereslegal.com\/en\/los-tribunales-provinciales-no-pueden-suspender-la-aplicacion-de-uber-salta-2\/\" title=\"Provincial Courts Cannot Suspend The Uber Application (Salta)\">\n            Provincial Courts Cannot Suspend The Uber Application (Salta)            <\/a>\n    <\/h4>                        <div class=\"edge-bli-excerpt\">\n                \t\t<div class=\"edge-post-excerpt-holder\">\n\t\t\t<p itemprop=\"description\" class=\"edge-post-excerpt\">\n\t\t\t\t\nOn the 15th of December, 2021, in the case \u201cAutoridad Metropolitana de Transporte vs. Uber Technologies I.C. y otros \u2013 Por medida cautelar \u2013 Competencia\u201d, (Expte. 41158\/21), Salta\u2019s Supreme Court ruled that, according to Article 4 of Law 27078, activities linked to the internet and telecommunications are subject to federal jurisdiction and that any related matters should\t\t\t<\/p>\n\t\t<\/div>\n\t                <div class=\"edge-post-read-more-button\">\n<a itemprop=\"url\" href=\"https:\/\/ubereslegal.com\/en\/los-tribunales-provinciales-no-pueden-suspender-la-aplicacion-de-uber-salta-2\/\" target=\"_self\"  class=\"edge-btn edge-btn-medium edge-btn-simple edge-blog-list-button\"  >    <span class=\"edge-btn-text\">Read More<\/span>    <\/a><\/div>\n            <\/div>\n        <\/div>\n\t<\/div>\n<\/li><li class=\"edge-bl-item clearfix\">\n\t<div class=\"edge-bli-inner\">\n                \n\t<div class=\"edge-post-image\">\n        \t\t    <a itemprop=\"url\" href=\"https:\/\/ubereslegal.com\/en\/revocacion-de-la-multa-por-violar-los-principios-de-legalidad-y-tipicidad-salta-capital\/\" title=\"Revocation Of A Fine Due To Violation Of The Principles Of Legality And Typicality (City of Salta)\">\n                            <img decoding=\"async\" itemprop=\"image\" class=\"edge-custom-post-image\" src=\"http:\/\/ubereslegal.com\/wp-content\/uploads\/2024\/06\/uber-138.jpg\" alt=\"Blog list featured image\" \/>\n                \t\t    <\/a>\n        \t<\/div>\n                <div class=\"edge-bli-content\">\n                        \n<h4 itemprop=\"name\" class=\"entry-title edge-post-title\">\n            <a itemprop=\"url\" href=\"https:\/\/ubereslegal.com\/en\/revocacion-de-la-multa-por-violar-los-principios-de-legalidad-y-tipicidad-salta-capital\/\" title=\"Revocation Of A Fine Due To Violation Of The Principles Of Legality And Typicality (City of Salta)\">\n            Revocation Of A Fine Due To Violation Of The Principles Of Legality And Typicality (City of Salta)            <\/a>\n    <\/h4>                        <div class=\"edge-bli-excerpt\">\n                \t\t<div class=\"edge-post-excerpt-holder\">\n\t\t\t<p itemprop=\"description\" class=\"edge-post-excerpt\">\n\t\t\t\t\nOn the 24th of July, 2023, in the case \u201cRecurso de apelaci\u00f3n presentado por el Dr. Ret Davalos, Sergio Alejandro en representaci\u00f3n de Lavilla Cointte, Joaquin en contra de Resoluci\u00f3n 248\/23 Exp 238-68484\/23 de la Autoridad Metropolitana de Transporte \u2013 Recurso de la AMT, GAR \u2013 184523\/23\u201d,  the Court of Guarantees revoked the sanction imposed on the driver and ordered the amounts paid as a fine to be returned\t\t\t<\/p>\n\t\t<\/div>\n\t                <div class=\"edge-post-read-more-button\">\n<a itemprop=\"url\" href=\"https:\/\/ubereslegal.com\/en\/revocacion-de-la-multa-por-violar-los-principios-de-legalidad-y-tipicidad-salta-capital\/\" target=\"_self\"  class=\"edge-btn edge-btn-medium edge-btn-simple edge-blog-list-button\"  >    <span class=\"edge-btn-text\">Read More<\/span>    <\/a><\/div>\n            <\/div>\n        <\/div>\n\t<\/div>\n<\/li><li class=\"edge-bl-item clearfix\">\n\t<div class=\"edge-bli-inner\">\n                \n\t<div class=\"edge-post-image\">\n        \t\t    <a itemprop=\"url\" href=\"https:\/\/ubereslegal.com\/en\/denegatoria-de-medida-cautelar-de-bloqueo-de-la-plataforma-uber-al-afectar-el-derecho-a-la-libertad-de-expresion\/\" title=\"Rejection Of Injunction To Block Uber Platform Since It Affects The Right To Freedom Of Expression\">\n                            <img decoding=\"async\" itemprop=\"image\" class=\"edge-custom-post-image\" src=\"http:\/\/ubereslegal.com\/wp-content\/uploads\/2024\/06\/uber-39.jpg\" alt=\"Blog list featured image\" \/>\n                \t\t    <\/a>\n        \t<\/div>\n                <div class=\"edge-bli-content\">\n                        \n<h4 itemprop=\"name\" class=\"entry-title edge-post-title\">\n            <a itemprop=\"url\" href=\"https:\/\/ubereslegal.com\/en\/denegatoria-de-medida-cautelar-de-bloqueo-de-la-plataforma-uber-al-afectar-el-derecho-a-la-libertad-de-expresion\/\" title=\"Rejection Of Injunction To Block Uber Platform Since It Affects The Right To Freedom Of Expression\">\n            Rejection Of Injunction To Block Uber Platform Since It Affects The Right To Freedom Of Expression            <\/a>\n    <\/h4>                        <div class=\"edge-bli-excerpt\">\n                \t\t<div class=\"edge-post-excerpt-holder\">\n\t\t\t<p itemprop=\"description\" class=\"edge-post-excerpt\">\n\t\t\t\t\nOn the 30th of April, 2024, in the case \u201cAutoridad Metropolitana de Transporte c\/ Uber Argentina y\/o Uber Technologier s\/ Medida Cautelar\u201d, (Exp. FSA 5525\/2023\/CA1), Chamber 1 of the Federal Administrative Litigation Court of Salta ruled against a request for an injunction seeking to ban the \u201cUber\u201d platform in the province\t\t\t<\/p>\n\t\t<\/div>\n\t                <div class=\"edge-post-read-more-button\">\n<a itemprop=\"url\" href=\"https:\/\/ubereslegal.com\/en\/denegatoria-de-medida-cautelar-de-bloqueo-de-la-plataforma-uber-al-afectar-el-derecho-a-la-libertad-de-expresion\/\" target=\"_self\"  class=\"edge-btn edge-btn-medium edge-btn-simple edge-blog-list-button\"  >    <span class=\"edge-btn-text\">Read More<\/span>    <\/a><\/div>\n            <\/div>\n        <\/div>\n\t<\/div>\n<\/li>\t\t<\/ul>\n\t<\/div>\n\t<\/div><div class=\"vc_empty_space\"   style=\"height: 60px\"><span class=\"vc_empty_space_inner\"><\/span><\/div><\/div><\/div><\/div><\/div>","protected":false},"excerpt":{"rendered":"La Sala I de la C\u00e1mara en lo Contencioso Administrativo Federal de Salta en los autos \u201cAutoridad Metropolitana de Transporte c\/ Uber Argentina y\/o Uber Technologier s\/ Medida Cautelar\u201d (Exp. FSA 5525\/2023\/CA1) el pasado 30\/04\/2024, ante un pedido de una [...]","protected":false},"author":2,"featured_media":0,"parent":0,"menu_order":0,"comment_status":"closed","ping_status":"closed","template":"","meta":{"inline_featured_image":false,"footnotes":"","_links_to":"","_links_to_target":""},"class_list":["post-3691","page","type-page","status-publish","hentry"],"_links":{"self":[{"href":"https:\/\/ubereslegal.com\/en\/wp-json\/wp\/v2\/pages\/3691","targetHints":{"allow":["GET"]}}],"collection":[{"href":"https:\/\/ubereslegal.com\/en\/wp-json\/wp\/v2\/pages"}],"about":[{"href":"https:\/\/ubereslegal.com\/en\/wp-json\/wp\/v2\/types\/page"}],"author":[{"embeddable":true,"href":"https:\/\/ubereslegal.com\/en\/wp-json\/wp\/v2\/users\/2"}],"replies":[{"embeddable":true,"href":"https:\/\/ubereslegal.com\/en\/wp-json\/wp\/v2\/comments?post=3691"}],"version-history":[{"count":8,"href":"https:\/\/ubereslegal.com\/en\/wp-json\/wp\/v2\/pages\/3691\/revisions"}],"predecessor-version":[{"id":4649,"href":"https:\/\/ubereslegal.com\/en\/wp-json\/wp\/v2\/pages\/3691\/revisions\/4649"}],"wp:attachment":[{"href":"https:\/\/ubereslegal.com\/en\/wp-json\/wp\/v2\/media?parent=3691"}],"curies":[{"name":"wp","href":"https:\/\/api.w.org\/{rel}","templated":true}]}}