{"id":3676,"date":"2024-10-25T16:03:10","date_gmt":"2024-10-25T16:03:10","guid":{"rendered":"https:\/\/ubereslegal.com\/?page_id=3676"},"modified":"2025-05-13T16:07:42","modified_gmt":"2025-05-13T16:07:42","slug":"la-pampa","status":"publish","type":"page","link":"https:\/\/ubereslegal.com\/en\/la-pampa\/","title":{"rendered":"La Pampa"},"content":{"rendered":"<div class=\"vc_row wpb_row vc_row-fluid\"><div class=\"wpb_column vc_column_container vc_col-sm-12\"><div class=\"vc_column-inner\"><div class=\"wpb_wrapper\"><div class=\"vc_empty_space\"   style=\"height: 160px\"><span class=\"vc_empty_space_inner\"><\/span><\/div>\n\t<div class=\"wpb_text_column wpb_content_element\" >\n\t\t<div class=\"wpb_wrapper\">\n\t\t\t<h5 style=\"text-align: center;\">Santa Rosa<\/h5>\n<p>&nbsp;<\/p>\n\n\t\t<\/div>\n\t<\/div>\n<div class=\"edge-blog-list-holder edge-bl-standard edge-bl-four-columns edge-bl-normal-space edge-bl-pag-no-pagination\"  data-type=\"standard\" data-number-of-posts=\"40\" data-number-of-columns=\"4\" data-space-between-columns=\"normal\" data-category=\"jurisp-santa-rosa\" data-order-by=\"date\" data-order=\"ASC\" data-image-size=\"landscape\" data-title-tag=\"h4\" data-excerpt-length=\"30\" data-post-info-section=\"no\" data-post-info-image=\"yes\" data-post-info-author=\"yes\" data-post-info-date=\"no\" data-post-info-category=\"yes\" data-post-info-comments=\"no\" data-post-info-like=\"no\" data-post-info-share=\"no\" data-pagination-type=\"no-pagination\" data-max-num-pages=\"1\" data-next-page=\"2\">\n\t<div class=\"edge-bl-wrapper\">\n\t\t<ul class=\"edge-blog-list\">\n\t\t\t<li class=\"edge-bl-item clearfix\">\n\t<div class=\"edge-bli-inner\">\n                \n\t<div class=\"edge-post-image\">\n        \t\t    <a itemprop=\"url\" href=\"https:\/\/ubereslegal.com\/en\/requerir-el-previo-pago-de-la-multa-para-recuperar-un-vehiculo-secuestrado-afecta-la-presuncion-de-inocencia-santa-rosa\/\" title=\"Requiring Advance Payment Of A Fine In Order To Recover A Seized Vehicle Violates The Presumption Of Innocence Principle (Santa Rosa)\">\n                            <img decoding=\"async\" itemprop=\"image\" class=\"edge-custom-post-image\" src=\"http:\/\/ubereslegal.com\/wp-content\/uploads\/2024\/09\/foto-devolucion-del-vehiculo.png\" alt=\"Blog list featured image\" \/>\n                \t\t    <\/a>\n        \t<\/div>\n                <div class=\"edge-bli-content\">\n                        \n<h4 itemprop=\"name\" class=\"entry-title edge-post-title\">\n            <a itemprop=\"url\" href=\"https:\/\/ubereslegal.com\/en\/requerir-el-previo-pago-de-la-multa-para-recuperar-un-vehiculo-secuestrado-afecta-la-presuncion-de-inocencia-santa-rosa\/\" title=\"Requiring Advance Payment Of A Fine In Order To Recover A Seized Vehicle Violates The Presumption Of Innocence Principle (Santa Rosa)\">\n            Requiring Advance Payment Of A Fine In Order To Recover A Seized Vehicle Violates The Presumption Of Innocence Principle (Santa Rosa)            <\/a>\n    <\/h4>                        <div class=\"edge-bli-excerpt\">\n                \t\t<div class=\"edge-post-excerpt-holder\">\n\t\t\t<p itemprop=\"description\" class=\"edge-post-excerpt\">\n\t\t\t\t\nOn the 21st of August, 2024, in the case \u201cStisin, Adrian L. s\/ Inf. Ord. 4226\/2010 c\/ Retenci\u00f3n preventiva\u201d, (Case No. 6071\/2024), the judiciary of the Municipality of Santa Rosa ordered the immediate return\t\t\t<\/p>\n\t\t<\/div>\n\t                <div class=\"edge-post-read-more-button\">\n<a itemprop=\"url\" href=\"https:\/\/ubereslegal.com\/en\/requerir-el-previo-pago-de-la-multa-para-recuperar-un-vehiculo-secuestrado-afecta-la-presuncion-de-inocencia-santa-rosa\/\" target=\"_self\"  class=\"edge-btn edge-btn-medium edge-btn-simple edge-blog-list-button\"  >    <span class=\"edge-btn-text\">Read More<\/span>    <\/a><\/div>\n            <\/div>\n        <\/div>\n\t<\/div>\n<\/li>\t\t<\/ul>\n\t<\/div>\n\t<\/div><div class=\"vc_empty_space\"   style=\"height: 60px\"><span class=\"vc_empty_space_inner\"><\/span><\/div><\/div><\/div><\/div><\/div>","protected":false},"excerpt":{"rendered":"El 21\/08\/2024, en el marco de la causa \u201cStisin, Adrian L. s\/ Inf. Ord. 4226\/2010 c\/ Retenci\u00f3n preventiva\u201d, Expte. 6071\/2024, la Justicia de la Municipalidad de Santa Rosa resolvi\u00f3 la inmediata restituci\u00f3n de un veh\u00edculo ileg\u00edtimamente retenido sin exigir el [...]","protected":false},"author":2,"featured_media":0,"parent":0,"menu_order":0,"comment_status":"closed","ping_status":"closed","template":"","meta":{"inline_featured_image":false,"footnotes":"","_links_to":"","_links_to_target":""},"class_list":["post-3676","page","type-page","status-publish","hentry"],"_links":{"self":[{"href":"https:\/\/ubereslegal.com\/en\/wp-json\/wp\/v2\/pages\/3676","targetHints":{"allow":["GET"]}}],"collection":[{"href":"https:\/\/ubereslegal.com\/en\/wp-json\/wp\/v2\/pages"}],"about":[{"href":"https:\/\/ubereslegal.com\/en\/wp-json\/wp\/v2\/types\/page"}],"author":[{"embeddable":true,"href":"https:\/\/ubereslegal.com\/en\/wp-json\/wp\/v2\/users\/2"}],"replies":[{"embeddable":true,"href":"https:\/\/ubereslegal.com\/en\/wp-json\/wp\/v2\/comments?post=3676"}],"version-history":[{"count":7,"href":"https:\/\/ubereslegal.com\/en\/wp-json\/wp\/v2\/pages\/3676\/revisions"}],"predecessor-version":[{"id":4427,"href":"https:\/\/ubereslegal.com\/en\/wp-json\/wp\/v2\/pages\/3676\/revisions\/4427"}],"wp:attachment":[{"href":"https:\/\/ubereslegal.com\/en\/wp-json\/wp\/v2\/media?parent=3676"}],"curies":[{"name":"wp","href":"https:\/\/api.w.org\/{rel}","templated":true}]}}