{"id":3674,"date":"2024-10-25T16:02:21","date_gmt":"2024-10-25T16:02:21","guid":{"rendered":"https:\/\/ubereslegal.com\/?page_id=3674"},"modified":"2024-12-26T23:48:18","modified_gmt":"2024-12-26T23:48:18","slug":"jujuy","status":"publish","type":"page","link":"https:\/\/ubereslegal.com\/en\/jujuy\/","title":{"rendered":"Jujuy"},"content":{"rendered":"<div class=\"vc_row wpb_row vc_row-fluid\"><div class=\"wpb_column vc_column_container vc_col-sm-12\"><div class=\"vc_column-inner\"><div class=\"wpb_wrapper\">\n\t<div class=\"wpb_text_column wpb_content_element\" >\n\t\t<div class=\"wpb_wrapper\">\n\t\t\t<h5 style=\"text-align: center;\"><strong>San Salvador de Jujuy<\/strong><\/h5>\n\n\t\t<\/div>\n\t<\/div>\n<div class=\"vc_empty_space\"   style=\"height: 60px\"><span class=\"vc_empty_space_inner\"><\/span><\/div><div class=\"edge-blog-list-holder edge-bl-standard edge-bl-four-columns edge-bl-normal-space edge-bl-pag-no-pagination\"  data-type=\"standard\" data-number-of-posts=\"40\" data-number-of-columns=\"4\" data-space-between-columns=\"normal\" data-category=\"jurisprudencia-de-jujuy\" data-order-by=\"date\" data-order=\"DESC\" data-image-size=\"landscape\" data-title-tag=\"h4\" data-excerpt-length=\"30\" data-post-info-section=\"no\" data-post-info-image=\"yes\" data-post-info-author=\"yes\" data-post-info-date=\"no\" data-post-info-category=\"yes\" data-post-info-comments=\"no\" data-post-info-like=\"no\" data-post-info-share=\"no\" data-pagination-type=\"no-pagination\" data-max-num-pages=\"1\" data-next-page=\"2\">\n\t<div class=\"edge-bl-wrapper\">\n\t\t<ul class=\"edge-blog-list\">\n\t\t\t<li class=\"edge-bl-item clearfix\">\n\t<div class=\"edge-bli-inner\">\n                \n\t<div class=\"edge-post-image\">\n        \t\t    <a itemprop=\"url\" href=\"https:\/\/ubereslegal.com\/en\/la-justicia-de-jujuy-nuevamente-absolvio-a-otro-conductor-de-uber-por-la-nulidad-del-proceso\/\" title=\"Jujuy Court Once Again Acquits An Uber Driver Due To Clear Nullity Of The Proceedings\">\n                            <img decoding=\"async\" itemprop=\"image\" class=\"edge-custom-post-image\" src=\"http:\/\/ubereslegal.com\/wp-content\/uploads\/2024\/12\/elegant-uber-driver-giving-taxi-ride-scaled.jpg\" alt=\"Blog list featured image\" \/>\n                \t\t    <\/a>\n        \t<\/div>\n                <div class=\"edge-bli-content\">\n                        \n<h4 itemprop=\"name\" class=\"entry-title edge-post-title\">\n            <a itemprop=\"url\" href=\"https:\/\/ubereslegal.com\/en\/la-justicia-de-jujuy-nuevamente-absolvio-a-otro-conductor-de-uber-por-la-nulidad-del-proceso\/\" title=\"Jujuy Court Once Again Acquits An Uber Driver Due To Clear Nullity Of The Proceedings\">\n            Jujuy Court Once Again Acquits An Uber Driver Due To Clear Nullity Of The Proceedings            <\/a>\n    <\/h4>                        <div class=\"edge-bli-excerpt\">\n                \t\t<div class=\"edge-post-excerpt-holder\">\n\t\t\t<p itemprop=\"description\" class=\"edge-post-excerpt\">\n\t\t\t\t\nOn the 9th of December, 2024, in the case \u201cApelaci\u00f3n de Juzgado de Faltas Municipales\t\t\t<\/p>\n\t\t<\/div>\n\t                <div class=\"edge-post-read-more-button\">\n<a itemprop=\"url\" href=\"https:\/\/ubereslegal.com\/en\/la-justicia-de-jujuy-nuevamente-absolvio-a-otro-conductor-de-uber-por-la-nulidad-del-proceso\/\" target=\"_self\"  class=\"edge-btn edge-btn-medium edge-btn-simple edge-blog-list-button\"  >    <span class=\"edge-btn-text\">Read More<\/span>    <\/a><\/div>\n            <\/div>\n        <\/div>\n\t<\/div>\n<\/li><li class=\"edge-bl-item clearfix\">\n\t<div class=\"edge-bli-inner\">\n                \n\t<div class=\"edge-post-image\">\n        \t\t    <a itemprop=\"url\" href=\"https:\/\/ubereslegal.com\/en\/nueva-absolucion-a-otro-conductor-por-la-nulidad-del-procedimiento-en-jujuy\/\" title=\"New Acquittal Of Another Driver Due To Nullity Of Proceedings In Jujuy\">\n                            <img decoding=\"async\" itemprop=\"image\" class=\"edge-custom-post-image\" src=\"http:\/\/ubereslegal.com\/wp-content\/uploads\/2024\/12\/couple-car-road-trip-scaled.jpg\" alt=\"Blog list featured image\" \/>\n                \t\t    <\/a>\n        \t<\/div>\n                <div class=\"edge-bli-content\">\n                        \n<h4 itemprop=\"name\" class=\"entry-title edge-post-title\">\n            <a itemprop=\"url\" href=\"https:\/\/ubereslegal.com\/en\/nueva-absolucion-a-otro-conductor-por-la-nulidad-del-procedimiento-en-jujuy\/\" title=\"New Acquittal Of Another Driver Due To Nullity Of Proceedings In Jujuy\">\n            New Acquittal Of Another Driver Due To Nullity Of Proceedings In Jujuy            <\/a>\n    <\/h4>                        <div class=\"edge-bli-excerpt\">\n                \t\t<div class=\"edge-post-excerpt-holder\">\n\t\t\t<p itemprop=\"description\" class=\"edge-post-excerpt\">\n\t\t\t\t\nOn the 2nd of December, 2024, in the case \u201cApelaci\u00f3n de Juzgado de Faltas Municipales: Abarza Arag\u00f3n, Felipe Rafael c\/Municipalidad de San Salvador de Jujuy\u201d,\t\t\t<\/p>\n\t\t<\/div>\n\t                <div class=\"edge-post-read-more-button\">\n<a itemprop=\"url\" href=\"https:\/\/ubereslegal.com\/en\/nueva-absolucion-a-otro-conductor-por-la-nulidad-del-procedimiento-en-jujuy\/\" target=\"_self\"  class=\"edge-btn edge-btn-medium edge-btn-simple edge-blog-list-button\"  >    <span class=\"edge-btn-text\">Read More<\/span>    <\/a><\/div>\n            <\/div>\n        <\/div>\n\t<\/div>\n<\/li><li class=\"edge-bl-item clearfix\">\n\t<div class=\"edge-bli-inner\">\n                \n\t<div class=\"edge-post-image\">\n        \t\t    <a itemprop=\"url\" href=\"https:\/\/ubereslegal.com\/en\/la-justicia-de-jujuy-nuevamente-sobreseyo-a-un-driver-por-la-manifiesta-nulidad-del-procedimiento-seguido-en-su-contra\/\" title=\"Jujuy Court Once Again Acquits A Driver Due To The Clear Nullity of the Proceedings Taken Against Him\">\n                            <img decoding=\"async\" itemprop=\"image\" class=\"edge-custom-post-image\" src=\"http:\/\/ubereslegal.com\/wp-content\/uploads\/2024\/12\/lawyer-filling-document-1-scaled.jpg\" alt=\"Blog list featured image\" \/>\n                \t\t    <\/a>\n        \t<\/div>\n                <div class=\"edge-bli-content\">\n                        \n<h4 itemprop=\"name\" class=\"entry-title edge-post-title\">\n            <a itemprop=\"url\" href=\"https:\/\/ubereslegal.com\/en\/la-justicia-de-jujuy-nuevamente-sobreseyo-a-un-driver-por-la-manifiesta-nulidad-del-procedimiento-seguido-en-su-contra\/\" title=\"Jujuy Court Once Again Acquits A Driver Due To The Clear Nullity of the Proceedings Taken Against Him\">\n            Jujuy Court Once Again Acquits A Driver Due To The Clear Nullity of the Proceedings Taken Against Him            <\/a>\n    <\/h4>                        <div class=\"edge-bli-excerpt\">\n                \t\t<div class=\"edge-post-excerpt-holder\">\n\t\t\t<p itemprop=\"description\" class=\"edge-post-excerpt\">\n\t\t\t\t\nOn 28th of October, 2024, in the case \u201cApelaci\u00f3n de Juzgado de Faltas Municipales: Seborga, Jos\u00e9 \u00c1ngel c\/Municipalidad de San Salvador de Jujuy\u201d, File No. C-253224\/24, Seat 4 of the Second Chamber\t\t\t<\/p>\n\t\t<\/div>\n\t                <div class=\"edge-post-read-more-button\">\n<a itemprop=\"url\" href=\"https:\/\/ubereslegal.com\/en\/la-justicia-de-jujuy-nuevamente-sobreseyo-a-un-driver-por-la-manifiesta-nulidad-del-procedimiento-seguido-en-su-contra\/\" target=\"_self\"  class=\"edge-btn edge-btn-medium edge-btn-simple edge-blog-list-button\"  >    <span class=\"edge-btn-text\">Read More<\/span>    <\/a><\/div>\n            <\/div>\n        <\/div>\n\t<\/div>\n<\/li><li class=\"edge-bl-item clearfix\">\n\t<div class=\"edge-bli-inner\">\n                \n\t<div class=\"edge-post-image\">\n        \t\t    <a itemprop=\"url\" href=\"https:\/\/ubereslegal.com\/en\/la-justicia-de-jujuy-declaro-la-nulidad-de-un-procedimiento-contra-un-conductor-que-utilizaba-uber\/\" title=\"Jujuy Court Declares Null The Proceedings Against An Uber Driver\">\n                            <img decoding=\"async\" itemprop=\"image\" class=\"edge-custom-post-image\" src=\"http:\/\/ubereslegal.com\/wp-content\/uploads\/2024\/10\/security-guard-workspace-scaled.jpg\" alt=\"Blog list featured image\" \/>\n                \t\t    <\/a>\n        \t<\/div>\n                <div class=\"edge-bli-content\">\n                        \n<h4 itemprop=\"name\" class=\"entry-title edge-post-title\">\n            <a itemprop=\"url\" href=\"https:\/\/ubereslegal.com\/en\/la-justicia-de-jujuy-declaro-la-nulidad-de-un-procedimiento-contra-un-conductor-que-utilizaba-uber\/\" title=\"Jujuy Court Declares Null The Proceedings Against An Uber Driver\">\n            Jujuy Court Declares Null The Proceedings Against An Uber Driver            <\/a>\n    <\/h4>                        <div class=\"edge-bli-excerpt\">\n                \t\t<div class=\"edge-post-excerpt-holder\">\n\t\t\t<p itemprop=\"description\" class=\"edge-post-excerpt\">\n\t\t\t\t\nOn the 14th of October, 2024, in the case \u201cApelaci\u00f3n de Juzgado de Faltas Municipales: Espinosa Zalazar, Jos\u00e9 Mar\u00eda c\/ Municipalidad de San Salvador de Jujuy\u201d, File No. C-247996\/24,\t\t\t<\/p>\n\t\t<\/div>\n\t                <div class=\"edge-post-read-more-button\">\n<a itemprop=\"url\" href=\"https:\/\/ubereslegal.com\/en\/la-justicia-de-jujuy-declaro-la-nulidad-de-un-procedimiento-contra-un-conductor-que-utilizaba-uber\/\" target=\"_self\"  class=\"edge-btn edge-btn-medium edge-btn-simple edge-blog-list-button\"  >    <span class=\"edge-btn-text\">Read More<\/span>    <\/a><\/div>\n            <\/div>\n        <\/div>\n\t<\/div>\n<\/li><li class=\"edge-bl-item clearfix\">\n\t<div class=\"edge-bli-inner\">\n                \n\t<div class=\"edge-post-image\">\n        \t\t    <a itemprop=\"url\" href=\"https:\/\/ubereslegal.com\/en\/no-se-puede-sancionar-a-quienes-conducen-utilizando-uber-tribunal-contencioso-administrativo-jujuy\/\" title=\"Those Who Driver Using Uber Cannot Be Sanctioned (Administrative Litigation Court, Jujuy)\">\n                            <img decoding=\"async\" itemprop=\"image\" class=\"edge-custom-post-image\" src=\"http:\/\/ubereslegal.com\/wp-content\/uploads\/2024\/06\/uber-10.jpg\" alt=\"Blog list featured image\" \/>\n                \t\t    <\/a>\n        \t<\/div>\n                <div class=\"edge-bli-content\">\n                        \n<h4 itemprop=\"name\" class=\"entry-title edge-post-title\">\n            <a itemprop=\"url\" href=\"https:\/\/ubereslegal.com\/en\/no-se-puede-sancionar-a-quienes-conducen-utilizando-uber-tribunal-contencioso-administrativo-jujuy\/\" title=\"Those Who Driver Using Uber Cannot Be Sanctioned (Administrative Litigation Court, Jujuy)\">\n            Those Who Driver Using Uber Cannot Be Sanctioned (Administrative Litigation Court, Jujuy)            <\/a>\n    <\/h4>                        <div class=\"edge-bli-excerpt\">\n                \t\t<div class=\"edge-post-excerpt-holder\">\n\t\t\t<p itemprop=\"description\" class=\"edge-post-excerpt\">\n\t\t\t\t\nOn the 12th of July, 2021, in the case \u201cVillagra, Juan Ignacio c\/ Municipalidad de San Salvador de Jujuy\u201d, (Case No. C-185108\/21), the Court declared the invalidity of the legal acts and proceedings carried out by\t\t\t<\/p>\n\t\t<\/div>\n\t                <div class=\"edge-post-read-more-button\">\n<a itemprop=\"url\" href=\"https:\/\/ubereslegal.com\/en\/no-se-puede-sancionar-a-quienes-conducen-utilizando-uber-tribunal-contencioso-administrativo-jujuy\/\" target=\"_self\"  class=\"edge-btn edge-btn-medium edge-btn-simple edge-blog-list-button\"  >    <span class=\"edge-btn-text\">Read More<\/span>    <\/a><\/div>\n            <\/div>\n        <\/div>\n\t<\/div>\n<\/li><li class=\"edge-bl-item clearfix\">\n\t<div class=\"edge-bli-inner\">\n                \n\t<div class=\"edge-post-image\">\n        \t\t    <a itemprop=\"url\" href=\"https:\/\/ubereslegal.com\/en\/anulacion-de-la-multa-por-irretroactividad-de-la-ordenanza-en-que-se-fundo-tribunal-contencioso-administrativo-sala-ii-vocalia-4\/\" title=\"Cancellation Of Fine Due To Non-Retroactivity Of The Ordinance (Administrative Litigation Court - Seat 4 - Second Chamber)\">\n                            <img decoding=\"async\" itemprop=\"image\" class=\"edge-custom-post-image\" src=\"http:\/\/ubereslegal.com\/wp-content\/uploads\/2024\/06\/uber-102.jpg\" alt=\"Blog list featured image\" \/>\n                \t\t    <\/a>\n        \t<\/div>\n                <div class=\"edge-bli-content\">\n                        \n<h4 itemprop=\"name\" class=\"entry-title edge-post-title\">\n            <a itemprop=\"url\" href=\"https:\/\/ubereslegal.com\/en\/anulacion-de-la-multa-por-irretroactividad-de-la-ordenanza-en-que-se-fundo-tribunal-contencioso-administrativo-sala-ii-vocalia-4\/\" title=\"Cancellation Of Fine Due To Non-Retroactivity Of The Ordinance (Administrative Litigation Court - Seat 4 - Second Chamber)\">\n            Cancellation Of Fine Due To Non-Retroactivity Of The Ordinance (Administrative Litigation Court - Seat 4 - Second Chamber)            <\/a>\n    <\/h4>                        <div class=\"edge-bli-excerpt\">\n                \t\t<div class=\"edge-post-excerpt-holder\">\n\t\t\t<p itemprop=\"description\" class=\"edge-post-excerpt\">\n\t\t\t\t\nOn the 11th of May, 2023, in the case \u201cApelaci\u00f3n de Resoluciones de Juzgados de Faltas Municipales: Villagra Juan Ignacio c\/ Municipalidad de San Salvador de Jujuy\u201d, (Case No. 18863\/2022), the Court annulled the fine imposed under Ordinance\t\t\t<\/p>\n\t\t<\/div>\n\t                <div class=\"edge-post-read-more-button\">\n<a itemprop=\"url\" href=\"https:\/\/ubereslegal.com\/en\/anulacion-de-la-multa-por-irretroactividad-de-la-ordenanza-en-que-se-fundo-tribunal-contencioso-administrativo-sala-ii-vocalia-4\/\" target=\"_self\"  class=\"edge-btn edge-btn-medium edge-btn-simple edge-blog-list-button\"  >    <span class=\"edge-btn-text\">Read More<\/span>    <\/a><\/div>\n            <\/div>\n        <\/div>\n\t<\/div>\n<\/li>\t\t<\/ul>\n\t<\/div>\n\t<\/div><div class=\"vc_empty_space\"   style=\"height: 60px\"><span class=\"vc_empty_space_inner\"><\/span><\/div><\/div><\/div><\/div><\/div><div class=\"vc_row wpb_row vc_row-fluid\"><div class=\"wpb_column vc_column_container vc_col-sm-12\"><div class=\"vc_column-inner\"><div class=\"wpb_wrapper\"><\/div><\/div><\/div><\/div>","protected":false},"excerpt":{"rendered":"En la causa \u201cApelaci\u00f3n de Resoluciones de Juzgados de Faltas Municipales: Villagra Juan Ignacio c\/Municipalidad de San Salvador de Jujuy\u201d, (expte.CA-18863\/2022), 11\/05\/2023, el Tribunal anul\u00f3 la multa impuesta en virtud de la Ordenanza N\u00b0 7.468\/2020, debido a que al momento [...]","protected":false},"author":2,"featured_media":0,"parent":0,"menu_order":0,"comment_status":"closed","ping_status":"closed","template":"","meta":{"inline_featured_image":false,"footnotes":"","_links_to":"","_links_to_target":""},"class_list":["post-3674","page","type-page","status-publish","hentry"],"_links":{"self":[{"href":"https:\/\/ubereslegal.com\/en\/wp-json\/wp\/v2\/pages\/3674","targetHints":{"allow":["GET"]}}],"collection":[{"href":"https:\/\/ubereslegal.com\/en\/wp-json\/wp\/v2\/pages"}],"about":[{"href":"https:\/\/ubereslegal.com\/en\/wp-json\/wp\/v2\/types\/page"}],"author":[{"embeddable":true,"href":"https:\/\/ubereslegal.com\/en\/wp-json\/wp\/v2\/users\/2"}],"replies":[{"embeddable":true,"href":"https:\/\/ubereslegal.com\/en\/wp-json\/wp\/v2\/comments?post=3674"}],"version-history":[{"count":7,"href":"https:\/\/ubereslegal.com\/en\/wp-json\/wp\/v2\/pages\/3674\/revisions"}],"predecessor-version":[{"id":4143,"href":"https:\/\/ubereslegal.com\/en\/wp-json\/wp\/v2\/pages\/3674\/revisions\/4143"}],"wp:attachment":[{"href":"https:\/\/ubereslegal.com\/en\/wp-json\/wp\/v2\/media?parent=3674"}],"curies":[{"name":"wp","href":"https:\/\/api.w.org\/{rel}","templated":true}]}}