{"id":3665,"date":"2024-10-25T15:49:11","date_gmt":"2024-10-25T15:49:11","guid":{"rendered":"https:\/\/ubereslegal.com\/?page_id=3665"},"modified":"2025-09-02T20:13:30","modified_gmt":"2025-09-02T20:13:30","slug":"cordoba","status":"publish","type":"page","link":"https:\/\/ubereslegal.com\/en\/cordoba\/","title":{"rendered":"C\u00f3rdoba"},"content":{"rendered":"<div class=\"vc_row wpb_row vc_row-fluid\"><div class=\"wpb_column vc_column_container vc_col-sm-12\"><div class=\"vc_column-inner\"><div class=\"wpb_wrapper\"><div class=\"vc_empty_space\"   style=\"height: 160px\"><span class=\"vc_empty_space_inner\"><\/span><\/div>\n\t<div class=\"wpb_text_column wpb_content_element\" >\n\t\t<div class=\"wpb_wrapper\">\n\t\t\t<h5 style=\"text-align: center;\">City of C\u00f3rdoba<\/h5>\n<p>&nbsp;<\/p>\n\n\t\t<\/div>\n\t<\/div>\n<div class=\"edge-blog-list-holder edge-bl-standard edge-bl-four-columns edge-bl-normal-space edge-bl-pag-no-pagination\"  data-type=\"standard\" data-number-of-posts=\"40\" data-number-of-columns=\"4\" data-space-between-columns=\"normal\" data-category=\"jurisprudencia-de-cordoba\" data-order-by=\"date\" data-order=\"DESC\" data-image-size=\"landscape\" data-title-tag=\"h4\" data-excerpt-length=\"30\" data-post-info-section=\"no\" data-post-info-image=\"yes\" data-post-info-author=\"yes\" data-post-info-date=\"no\" data-post-info-category=\"yes\" data-post-info-comments=\"no\" data-post-info-like=\"no\" data-post-info-share=\"no\" data-pagination-type=\"no-pagination\" data-max-num-pages=\"1\" data-next-page=\"2\">\n\t<div class=\"edge-bl-wrapper\">\n\t\t<ul class=\"edge-blog-list\">\n\t\t\t<li class=\"edge-bl-item clearfix\">\n\t<div class=\"edge-bli-inner\">\n                \n\t<div class=\"edge-post-image\">\n        \t\t    <a itemprop=\"url\" href=\"https:\/\/ubereslegal.com\/en\/el-certificado-de-discapacidad-es-una-formalidad-devolucion-de-un-vehiculo-a-una-persona-con-capacidades-reducidas\/\" title=\"\u00a0El certificado de discapacidad es una formalidad: devoluci\u00f3n de un veh\u00edculo a una persona con capacidades reducidas\">\n                            <img decoding=\"async\" itemprop=\"image\" class=\"edge-custom-post-image\" src=\"http:\/\/ubereslegal.com\/wp-content\/uploads\/2025\/09\/lugar-para-discapacitados-en-frankfurt-alemania-scaled.jpg\" alt=\"Blog list featured image\" \/>\n                \t\t    <\/a>\n        \t<\/div>\n                <div class=\"edge-bli-content\">\n                        \n<h4 itemprop=\"name\" class=\"entry-title edge-post-title\">\n            <a itemprop=\"url\" href=\"https:\/\/ubereslegal.com\/en\/el-certificado-de-discapacidad-es-una-formalidad-devolucion-de-un-vehiculo-a-una-persona-con-capacidades-reducidas\/\" title=\"\u00a0El certificado de discapacidad es una formalidad: devoluci\u00f3n de un veh\u00edculo a una persona con capacidades reducidas\">\n            \u00a0El certificado de discapacidad es una formalidad: devoluci\u00f3n de un veh\u00edculo a una persona con capacidades reducidas            <\/a>\n    <\/h4>                        <div class=\"edge-bli-excerpt\">\n                \t\t<div class=\"edge-post-excerpt-holder\">\n\t\t\t<p itemprop=\"description\" class=\"edge-post-excerpt\">\n\t\t\t\t\nEn la causa \u201cRivero Walter Jos\u00e9\u201d, (Exp. FO057919), el 02\/07\/2025, el Juzgado Municipal de Faltas N\u00b0 3 atendi\u00f3 la situaci\u00f3n de discapacidad real del titular del veh\u00edculo, a\u00fan sin tener\t\t\t<\/p>\n\t\t<\/div>\n\t                <div class=\"edge-post-read-more-button\">\n<a itemprop=\"url\" href=\"https:\/\/ubereslegal.com\/en\/el-certificado-de-discapacidad-es-una-formalidad-devolucion-de-un-vehiculo-a-una-persona-con-capacidades-reducidas\/\" target=\"_self\"  class=\"edge-btn edge-btn-medium edge-btn-simple edge-blog-list-button\"  >    <span class=\"edge-btn-text\">Read More<\/span>    <\/a><\/div>\n            <\/div>\n        <\/div>\n\t<\/div>\n<\/li><li class=\"edge-bl-item clearfix\">\n\t<div class=\"edge-bli-inner\">\n                \n\t<div class=\"edge-post-image\">\n        \t\t    <a itemprop=\"url\" href=\"https:\/\/ubereslegal.com\/en\/la-justicia-de-faltas-de-la-ciudad-de-cordoba-devuelve-otro-vehiculo-indispensable-para-hombre-que-padecia-una-severa-discapacidad\/\" title=\"La Justicia de Faltas de la Ciudad de C\u00f3rdoba devuelve otro veh\u00edculo indispensable para hombre que padec\u00eda una severa discapacidad\">\n                            <img decoding=\"async\" itemprop=\"image\" class=\"edge-custom-post-image\" src=\"http:\/\/ubereslegal.com\/wp-content\/uploads\/2025\/09\/hombre-de-tiro-completo-en-silla-de-ruedas-cerca-del-coche-scaled.jpg\" alt=\"Blog list featured image\" \/>\n                \t\t    <\/a>\n        \t<\/div>\n                <div class=\"edge-bli-content\">\n                        \n<h4 itemprop=\"name\" class=\"entry-title edge-post-title\">\n            <a itemprop=\"url\" href=\"https:\/\/ubereslegal.com\/en\/la-justicia-de-faltas-de-la-ciudad-de-cordoba-devuelve-otro-vehiculo-indispensable-para-hombre-que-padecia-una-severa-discapacidad\/\" title=\"La Justicia de Faltas de la Ciudad de C\u00f3rdoba devuelve otro veh\u00edculo indispensable para hombre que padec\u00eda una severa discapacidad\">\n            La Justicia de Faltas de la Ciudad de C\u00f3rdoba devuelve otro veh\u00edculo indispensable para hombre que padec\u00eda una severa discapacidad            <\/a>\n    <\/h4>                        <div class=\"edge-bli-excerpt\">\n                \t\t<div class=\"edge-post-excerpt-holder\">\n\t\t\t<p itemprop=\"description\" class=\"edge-post-excerpt\">\n\t\t\t\t\nAnte la acreditaci\u00f3n de una hipoacusia mixta severa bilateral, en la causa \u201cBasualdo Tiburcio Juan\u201d, (Exp. F0053861) el Juzgado Municipal de Faltas N\u00b0 3 de la Ciudad de C\u00f3rdoba dispuso\t\t\t<\/p>\n\t\t<\/div>\n\t                <div class=\"edge-post-read-more-button\">\n<a itemprop=\"url\" href=\"https:\/\/ubereslegal.com\/en\/la-justicia-de-faltas-de-la-ciudad-de-cordoba-devuelve-otro-vehiculo-indispensable-para-hombre-que-padecia-una-severa-discapacidad\/\" target=\"_self\"  class=\"edge-btn edge-btn-medium edge-btn-simple edge-blog-list-button\"  >    <span class=\"edge-btn-text\">Read More<\/span>    <\/a><\/div>\n            <\/div>\n        <\/div>\n\t<\/div>\n<\/li><li class=\"edge-bl-item clearfix\">\n\t<div class=\"edge-bli-inner\">\n                \n\t<div class=\"edge-post-image\">\n        \t\t    <a itemprop=\"url\" href=\"https:\/\/ubereslegal.com\/en\/otra-restitucion-de-un-automotor-retenido-por-situacion-de-extrema-vulnerabilidad-del-grupo-familiar\/\" title=\"Otra restituci\u00f3n de un automotor retenido por situaci\u00f3n de extrema vulnerabilidad del grupo familiar\">\n                            <img decoding=\"async\" itemprop=\"image\" class=\"edge-custom-post-image\" src=\"http:\/\/ubereslegal.com\/wp-content\/uploads\/2025\/07\/familia-feliz-de-tiro-medio-con-coche-scaled.jpg\" alt=\"Blog list featured image\" \/>\n                \t\t    <\/a>\n        \t<\/div>\n                <div class=\"edge-bli-content\">\n                        \n<h4 itemprop=\"name\" class=\"entry-title edge-post-title\">\n            <a itemprop=\"url\" href=\"https:\/\/ubereslegal.com\/en\/otra-restitucion-de-un-automotor-retenido-por-situacion-de-extrema-vulnerabilidad-del-grupo-familiar\/\" title=\"Otra restituci\u00f3n de un automotor retenido por situaci\u00f3n de extrema vulnerabilidad del grupo familiar\">\n            Otra restituci\u00f3n de un automotor retenido por situaci\u00f3n de extrema vulnerabilidad del grupo familiar            <\/a>\n    <\/h4>                        <div class=\"edge-bli-excerpt\">\n                \t\t<div class=\"edge-post-excerpt-holder\">\n\t\t\t<p itemprop=\"description\" class=\"edge-post-excerpt\">\n\t\t\t\t\nEl Juzgado Municipal de Faltas N\u00b0 80 de C\u00f3rdoba, en el marco de una causa por la prestaci\u00f3n de un servicio de transporte con uso de la aplicaci\u00f3n de Uber\t\t\t<\/p>\n\t\t<\/div>\n\t                <div class=\"edge-post-read-more-button\">\n<a itemprop=\"url\" href=\"https:\/\/ubereslegal.com\/en\/otra-restitucion-de-un-automotor-retenido-por-situacion-de-extrema-vulnerabilidad-del-grupo-familiar\/\" target=\"_self\"  class=\"edge-btn edge-btn-medium edge-btn-simple edge-blog-list-button\"  >    <span class=\"edge-btn-text\">Read More<\/span>    <\/a><\/div>\n            <\/div>\n        <\/div>\n\t<\/div>\n<\/li><li class=\"edge-bl-item clearfix\">\n\t<div class=\"edge-bli-inner\">\n                \n\t<div class=\"edge-post-image\">\n        \t\t    <a itemprop=\"url\" href=\"https:\/\/ubereslegal.com\/en\/restitucion-sin-pago-previo-ni-constitucion-de-garantia-prendaria-en-consideracion-de-la-discapacidad-de-un-miembro-del-grupo-familiar\/\" title=\"Restituci\u00f3n sin pago previo, ni constituci\u00f3n de garant\u00eda prendaria, en consideraci\u00f3n de la discapacidad de un miembro del grupo familiar\">\n                            <img decoding=\"async\" itemprop=\"image\" class=\"edge-custom-post-image\" src=\"http:\/\/ubereslegal.com\/wp-content\/uploads\/2025\/07\/mujer-y-hombre-en-silla-de-ruedas-plano-medio-scaled.jpg\" alt=\"Blog list featured image\" \/>\n                \t\t    <\/a>\n        \t<\/div>\n                <div class=\"edge-bli-content\">\n                        \n<h4 itemprop=\"name\" class=\"entry-title edge-post-title\">\n            <a itemprop=\"url\" href=\"https:\/\/ubereslegal.com\/en\/restitucion-sin-pago-previo-ni-constitucion-de-garantia-prendaria-en-consideracion-de-la-discapacidad-de-un-miembro-del-grupo-familiar\/\" title=\"Restituci\u00f3n sin pago previo, ni constituci\u00f3n de garant\u00eda prendaria, en consideraci\u00f3n de la discapacidad de un miembro del grupo familiar\">\n            Restituci\u00f3n sin pago previo, ni constituci\u00f3n de garant\u00eda prendaria, en consideraci\u00f3n de la discapacidad de un miembro del grupo familiar            <\/a>\n    <\/h4>                        <div class=\"edge-bli-excerpt\">\n                \t\t<div class=\"edge-post-excerpt-holder\">\n\t\t\t<p itemprop=\"description\" class=\"edge-post-excerpt\">\n\t\t\t\t\nEn el marco de la causa \u201cGomez Nestor Fabian\u201d (F0055287), el 19\/06\/2025, el Juzgado Municipal de Faltas N\u00b03 de la Ciudad de C\u00f3rdoba orden\u00f3 la inmediata restituci\u00f3n del veh\u00edculo retenido\t\t\t<\/p>\n\t\t<\/div>\n\t                <div class=\"edge-post-read-more-button\">\n<a itemprop=\"url\" href=\"https:\/\/ubereslegal.com\/en\/restitucion-sin-pago-previo-ni-constitucion-de-garantia-prendaria-en-consideracion-de-la-discapacidad-de-un-miembro-del-grupo-familiar\/\" target=\"_self\"  class=\"edge-btn edge-btn-medium edge-btn-simple edge-blog-list-button\"  >    <span class=\"edge-btn-text\">Read More<\/span>    <\/a><\/div>\n            <\/div>\n        <\/div>\n\t<\/div>\n<\/li><li class=\"edge-bl-item clearfix\">\n\t<div class=\"edge-bli-inner\">\n                \n\t<div class=\"edge-post-image\">\n        \t\t    <a itemprop=\"url\" href=\"https:\/\/ubereslegal.com\/en\/la-justicia-de-faltas-de-cordoba-restituye-el-vehiculo-de-una-persona-discapacitada-sin-exigir-el-previo-pago-de-la-multa-ni-constitucion-de-garantia\/\" title=\"C\u00f3rdoba Infractions Court Returns Vehicle to a Disabled Person Without Requiring Payment In Advance Nor Provision of Guarantee\">\n                            <img decoding=\"async\" itemprop=\"image\" class=\"edge-custom-post-image\" src=\"http:\/\/ubereslegal.com\/wp-content\/uploads\/2024\/11\/full-shot-man-wheelchair-getting-inside-car-scaled.jpg\" alt=\"Blog list featured image\" \/>\n                \t\t    <\/a>\n        \t<\/div>\n                <div class=\"edge-bli-content\">\n                        \n<h4 itemprop=\"name\" class=\"entry-title edge-post-title\">\n            <a itemprop=\"url\" href=\"https:\/\/ubereslegal.com\/en\/la-justicia-de-faltas-de-cordoba-restituye-el-vehiculo-de-una-persona-discapacitada-sin-exigir-el-previo-pago-de-la-multa-ni-constitucion-de-garantia\/\" title=\"C\u00f3rdoba Infractions Court Returns Vehicle to a Disabled Person Without Requiring Payment In Advance Nor Provision of Guarantee\">\n            C\u00f3rdoba Infractions Court Returns Vehicle to a Disabled Person Without Requiring Payment In Advance Nor Provision of Guarantee            <\/a>\n    <\/h4>                        <div class=\"edge-bli-excerpt\">\n                \t\t<div class=\"edge-post-excerpt-holder\">\n\t\t\t<p itemprop=\"description\" class=\"edge-post-excerpt\">\n\t\t\t\t\nOn the 5th of November, 2024, in the case \u201cPi\u00f1a, Daniel Alejandro\u201d, the Municipal Infractions Court No. 5 in the city of C\u00f3rdoba ordered the immediate return of a seized vehicle\t\t\t<\/p>\n\t\t<\/div>\n\t                <div class=\"edge-post-read-more-button\">\n<a itemprop=\"url\" href=\"https:\/\/ubereslegal.com\/en\/la-justicia-de-faltas-de-cordoba-restituye-el-vehiculo-de-una-persona-discapacitada-sin-exigir-el-previo-pago-de-la-multa-ni-constitucion-de-garantia\/\" target=\"_self\"  class=\"edge-btn edge-btn-medium edge-btn-simple edge-blog-list-button\"  >    <span class=\"edge-btn-text\">Read More<\/span>    <\/a><\/div>\n            <\/div>\n        <\/div>\n\t<\/div>\n<\/li><li class=\"edge-bl-item clearfix\">\n\t<div class=\"edge-bli-inner\">\n                \n\t<div class=\"edge-post-image\">\n        \t\t    <a itemprop=\"url\" href=\"https:\/\/ubereslegal.com\/en\/restitucion-de-vehiculo-sin-pago-previo-ni-constitucion-de-garantia-prendaria-a-una-persona-discapacitada-por-su-grave-situacion-de-vulnerabilidad\/\" title=\"Vehicle Returned Without Advance Payment, Nor Pledge of Guarantee, Of Fine For Disabled Person Due To Their Seriously Vulnerable Situation\">\n                            <img decoding=\"async\" itemprop=\"image\" class=\"edge-custom-post-image\" src=\"http:\/\/ubereslegal.com\/wp-content\/uploads\/2024\/11\/medium-shot-woman-man-wheelchair-scaled.jpg\" alt=\"Blog list featured image\" \/>\n                \t\t    <\/a>\n        \t<\/div>\n                <div class=\"edge-bli-content\">\n                        \n<h4 itemprop=\"name\" class=\"entry-title edge-post-title\">\n            <a itemprop=\"url\" href=\"https:\/\/ubereslegal.com\/en\/restitucion-de-vehiculo-sin-pago-previo-ni-constitucion-de-garantia-prendaria-a-una-persona-discapacitada-por-su-grave-situacion-de-vulnerabilidad\/\" title=\"Vehicle Returned Without Advance Payment, Nor Pledge of Guarantee, Of Fine For Disabled Person Due To Their Seriously Vulnerable Situation\">\n            Vehicle Returned Without Advance Payment, Nor Pledge of Guarantee, Of Fine For Disabled Person Due To Their Seriously Vulnerable Situation            <\/a>\n    <\/h4>                        <div class=\"edge-bli-excerpt\">\n                \t\t<div class=\"edge-post-excerpt-holder\">\n\t\t\t<p itemprop=\"description\" class=\"edge-post-excerpt\">\n\t\t\t\t\nOn the 30th of July, 2024, in the case \u201cAr\u00e9valo Braian Sebasti\u00e1n\u201d, the C\u00f3rdoba Chamber of Municipal Infractions Court Appeals decided to order the immediate return of a vehicle that had been unlawfully\t\t\t<\/p>\n\t\t<\/div>\n\t                <div class=\"edge-post-read-more-button\">\n<a itemprop=\"url\" href=\"https:\/\/ubereslegal.com\/en\/restitucion-de-vehiculo-sin-pago-previo-ni-constitucion-de-garantia-prendaria-a-una-persona-discapacitada-por-su-grave-situacion-de-vulnerabilidad\/\" target=\"_self\"  class=\"edge-btn edge-btn-medium edge-btn-simple edge-blog-list-button\"  >    <span class=\"edge-btn-text\">Read More<\/span>    <\/a><\/div>\n            <\/div>\n        <\/div>\n\t<\/div>\n<\/li><li class=\"edge-bl-item clearfix\">\n\t<div class=\"edge-bli-inner\">\n                \n\t<div class=\"edge-post-image\">\n        \t\t    <a itemprop=\"url\" href=\"https:\/\/ubereslegal.com\/en\/uber-es-legal-en-cordoba-cca-cba\/\" title=\"Uber Is Legal In C\u00f3rdoba (Administrative Litigation Court of C\u00f3rdoba)\">\n                            <img decoding=\"async\" itemprop=\"image\" class=\"edge-custom-post-image\" src=\"http:\/\/ubereslegal.com\/wp-content\/uploads\/2024\/06\/uber-25.jpg\" alt=\"Blog list featured image\" \/>\n                \t\t    <\/a>\n        \t<\/div>\n                <div class=\"edge-bli-content\">\n                        \n<h4 itemprop=\"name\" class=\"entry-title edge-post-title\">\n            <a itemprop=\"url\" href=\"https:\/\/ubereslegal.com\/en\/uber-es-legal-en-cordoba-cca-cba\/\" title=\"Uber Is Legal In C\u00f3rdoba (Administrative Litigation Court of C\u00f3rdoba)\">\n            Uber Is Legal In C\u00f3rdoba (Administrative Litigation Court of C\u00f3rdoba)            <\/a>\n    <\/h4>                        <div class=\"edge-bli-excerpt\">\n                \t\t<div class=\"edge-post-excerpt-holder\">\n\t\t\t<p itemprop=\"description\" class=\"edge-post-excerpt\">\n\t\t\t\t\nOn the 30th of October, 2020, in the case \u201cMunicipalidad de C\u00f3rdoba c\/ Uber y otros- Amparo (Ley 5125)\u201d, File No. 870901, C\u00f3rdoba\u2019s Administrative Litigation Court understood that: (i) Ordinance 12.859 does\t\t\t<\/p>\n\t\t<\/div>\n\t                <div class=\"edge-post-read-more-button\">\n<a itemprop=\"url\" href=\"https:\/\/ubereslegal.com\/en\/uber-es-legal-en-cordoba-cca-cba\/\" target=\"_self\"  class=\"edge-btn edge-btn-medium edge-btn-simple edge-blog-list-button\"  >    <span class=\"edge-btn-text\">Read More<\/span>    <\/a><\/div>\n            <\/div>\n        <\/div>\n\t<\/div>\n<\/li>\t\t<\/ul>\n\t<\/div>\n\t<\/div><div class=\"vc_empty_space\"   style=\"height: 32px\"><span class=\"vc_empty_space_inner\"><\/span><\/div><\/div><\/div><\/div><\/div><div class=\"vc_row wpb_row vc_row-fluid\"><div class=\"wpb_column vc_column_container vc_col-sm-12\"><div class=\"vc_column-inner\"><div class=\"wpb_wrapper\"><\/div><\/div><\/div><\/div>","protected":false},"excerpt":{"rendered":"En la causa \u201cMunicipalidad de C\u00f3rdoba c\/ Uber y otros- Amparo (Ley 5125)\u201d, (Expte. N\u00b0 870901), 30\/10\/2020, la Justicia Contencioso Administrativa de C\u00f3rdoba entendi\u00f3 que: (i) la Ordenanza 12.859 no regula el servicio de Uber, sino servicios parecidos como el [...]","protected":false},"author":2,"featured_media":0,"parent":0,"menu_order":0,"comment_status":"closed","ping_status":"closed","template":"","meta":{"inline_featured_image":false,"footnotes":"","_links_to":"","_links_to_target":""},"class_list":["post-3665","page","type-page","status-publish","hentry"],"_links":{"self":[{"href":"https:\/\/ubereslegal.com\/en\/wp-json\/wp\/v2\/pages\/3665","targetHints":{"allow":["GET"]}}],"collection":[{"href":"https:\/\/ubereslegal.com\/en\/wp-json\/wp\/v2\/pages"}],"about":[{"href":"https:\/\/ubereslegal.com\/en\/wp-json\/wp\/v2\/types\/page"}],"author":[{"embeddable":true,"href":"https:\/\/ubereslegal.com\/en\/wp-json\/wp\/v2\/users\/2"}],"replies":[{"embeddable":true,"href":"https:\/\/ubereslegal.com\/en\/wp-json\/wp\/v2\/comments?post=3665"}],"version-history":[{"count":8,"href":"https:\/\/ubereslegal.com\/en\/wp-json\/wp\/v2\/pages\/3665\/revisions"}],"predecessor-version":[{"id":4565,"href":"https:\/\/ubereslegal.com\/en\/wp-json\/wp\/v2\/pages\/3665\/revisions\/4565"}],"wp:attachment":[{"href":"https:\/\/ubereslegal.com\/en\/wp-json\/wp\/v2\/media?parent=3665"}],"curies":[{"name":"wp","href":"https:\/\/api.w.org\/{rel}","templated":true}]}}