{"id":2480,"date":"2024-07-29T03:01:33","date_gmt":"2024-07-29T03:01:33","guid":{"rendered":"http:\/\/ubereslegal.com\/?page_id=2480"},"modified":"2025-05-13T17:58:38","modified_gmt":"2025-05-13T17:58:38","slug":"resto-del-mundo","status":"publish","type":"page","link":"https:\/\/ubereslegal.com\/en\/noticias\/resto-del-mundo\/","title":{"rendered":"News from the Rest of the World"},"content":{"rendered":"<div data-vc-full-width=\"true\" data-vc-full-width-init=\"false\" class=\"vc_row wpb_row vc_row-fluid vc_custom_1722378867156\"><div class=\"wpb_column vc_column_container vc_col-sm-12\"><div class=\"vc_column-inner\"><div class=\"wpb_wrapper\"><div class=\"vc_empty_space\"   style=\"height: 160px\"><span class=\"vc_empty_space_inner\"><\/span><\/div>\n\t<div class=\"wpb_text_column wpb_content_element  vc_custom_1722378797621 country\" >\n\t\t<div class=\"wpb_wrapper\">\n\t\t\t<h5>Arabia Saudita<\/h5>\n\n\t\t<\/div>\n\t<\/div>\n<div class=\"edge-blog-list-holder edge-bl-standard edge-bl-three-columns edge-bl-large-space edge-bl-pag-no-pagination\"  data-type=\"standard\" data-number-of-posts=\"-1\" data-number-of-columns=\"3\" data-space-between-columns=\"large\" data-category=\"arabia-saudita\" data-order-by=\"date\" data-order=\"ASC\" data-image-size=\"full\" data-title-tag=\"h4\" data-excerpt-length=\"90\" data-post-info-section=\"yes\" data-post-info-image=\"no\" data-post-info-author=\"no\" data-post-info-date=\"yes\" data-post-info-category=\"no\" data-post-info-comments=\"no\" data-post-info-like=\"no\" data-post-info-share=\"no\" data-pagination-type=\"no-pagination\" data-max-num-pages=\"0\" data-next-page=\"2\">\n\t<div class=\"edge-bl-wrapper\">\n\t\t<ul class=\"edge-blog-list\">\n\t\t\t<li class=\"edge-bl-item clearfix\">\n\t<div class=\"edge-bli-inner\">\n                <div class=\"edge-bli-content\">\n                            <div itemprop=\"dateCreated\" class=\"edge-post-info-date entry-date published updated\">\n            <a itemprop=\"url\" href=\"https:\/\/ubereslegal.com\/en\/2016\/06\/\">\n    \n        2 June, 2016        <\/a>\n    <meta itemprop=\"interactionCount\" content=\"UserComments: 0\"\/>\n<\/div>                        \n<h4 itemprop=\"name\" class=\"entry-title edge-post-title\">\n            <a itemprop=\"url\" href=\"https:\/\/elpais.com\/economia\/2016\/06\/02\/actualidad\/1464827794_462866.html\" title=\"El fondo p\u00fablico de inversi\u00f3n de Arabia Saudi invertir\u00e1 3.500 millones de d\u00f3lares en Uber.\">\n            El fondo p\u00fablico de inversi\u00f3n de Arabia Saudi invertir\u00e1 3.500 millones de d\u00f3lares en Uber.            <\/a>\n    <\/h4>                            <div class=\"edge-bli-info\">\n\t                                <\/div>\n                        <div class=\"edge-bli-excerpt\">\n                                <div class=\"edge-post-read-more-button\">\n<a itemprop=\"url\" href=\"https:\/\/elpais.com\/economia\/2016\/06\/02\/actualidad\/1464827794_462866.html\" target=\"_self\"  class=\"edge-btn edge-btn-medium edge-btn-simple edge-blog-list-button\"  >    <span class=\"edge-btn-text\">Read More<\/span>    <\/a><\/div>\n            <\/div>\n        <\/div>\n\t<\/div>\n<\/li>\t\t<\/ul>\n\t<\/div>\n\t<\/div><div class=\"vc_empty_space\"   style=\"height: 40px\"><span class=\"vc_empty_space_inner\"><\/span><\/div><\/div><\/div><\/div><\/div><div class=\"vc_row-full-width vc_clearfix\"><\/div><div data-vc-full-width=\"true\" data-vc-full-width-init=\"false\" class=\"vc_row wpb_row vc_row-fluid vc_custom_1722378876275 vc_row-has-fill\"><div class=\"wpb_column vc_column_container vc_col-sm-12\"><div class=\"vc_column-inner\"><div class=\"wpb_wrapper\">\n\t<div class=\"wpb_text_column wpb_content_element  vc_custom_1722378805169 country\" >\n\t\t<div class=\"wpb_wrapper\">\n\t\t\t<h5>Egipto<\/h5>\n\n\t\t<\/div>\n\t<\/div>\n<div class=\"edge-blog-list-holder edge-bl-standard edge-bl-three-columns edge-bl-large-space edge-bl-pag-no-pagination\"  data-type=\"standard\" data-number-of-posts=\"-1\" data-number-of-columns=\"3\" data-space-between-columns=\"large\" data-category=\"egipto\" data-order-by=\"date\" data-order=\"ASC\" data-image-size=\"full\" data-title-tag=\"h4\" data-excerpt-length=\"90\" data-post-info-section=\"yes\" data-post-info-image=\"no\" data-post-info-author=\"no\" data-post-info-date=\"yes\" data-post-info-category=\"no\" data-post-info-comments=\"no\" data-post-info-like=\"no\" data-post-info-share=\"no\" data-pagination-type=\"no-pagination\" data-max-num-pages=\"0\" data-next-page=\"2\">\n\t<div class=\"edge-bl-wrapper\">\n\t\t<ul class=\"edge-blog-list\">\n\t\t\t<li class=\"edge-bl-item clearfix\">\n\t<div class=\"edge-bli-inner\">\n                <div class=\"edge-bli-content\">\n                            <div itemprop=\"dateCreated\" class=\"edge-post-info-date entry-date published updated\">\n            <a itemprop=\"url\" href=\"https:\/\/ubereslegal.com\/en\/2018\/05\/\">\n    \n        7 May, 2018        <\/a>\n    <meta itemprop=\"interactionCount\" content=\"UserComments: 0\"\/>\n<\/div>                        \n<h4 itemprop=\"name\" class=\"entry-title edge-post-title\">\n            <a itemprop=\"url\" href=\"https:\/\/apnews.com\/general-news-dac47535d4004682ac6db0d1641dc4d0\" title=\"El Parlamento de Egipto aprob\u00f3 una ley para legalizar las aplicaciones de transporte.\">\n            El Parlamento de Egipto aprob\u00f3 una ley para legalizar las aplicaciones de transporte.            <\/a>\n    <\/h4>                            <div class=\"edge-bli-info\">\n\t                                <\/div>\n                        <div class=\"edge-bli-excerpt\">\n                                <div class=\"edge-post-read-more-button\">\n<a itemprop=\"url\" href=\"https:\/\/apnews.com\/general-news-dac47535d4004682ac6db0d1641dc4d0\" target=\"_self\"  class=\"edge-btn edge-btn-medium edge-btn-simple edge-blog-list-button\"  >    <span class=\"edge-btn-text\">Read More<\/span>    <\/a><\/div>\n            <\/div>\n        <\/div>\n\t<\/div>\n<\/li>\t\t<\/ul>\n\t<\/div>\n\t<\/div><div class=\"vc_empty_space\"   style=\"height: 40px\"><span class=\"vc_empty_space_inner\"><\/span><\/div><\/div><\/div><\/div><\/div><div class=\"vc_row-full-width vc_clearfix\"><\/div><div data-vc-full-width=\"true\" data-vc-full-width-init=\"false\" class=\"vc_row wpb_row vc_row-fluid vc_custom_1722378885792\"><div class=\"wpb_column vc_column_container vc_col-sm-12\"><div class=\"vc_column-inner\"><div class=\"wpb_wrapper\">\n\t<div class=\"wpb_text_column wpb_content_element  vc_custom_1722378813023 country\" >\n\t\t<div class=\"wpb_wrapper\">\n\t\t\t<h5>Indonesia<\/h5>\n\n\t\t<\/div>\n\t<\/div>\n<div class=\"edge-blog-list-holder edge-bl-standard edge-bl-three-columns edge-bl-large-space edge-bl-pag-no-pagination\"  data-type=\"standard\" data-number-of-posts=\"-1\" data-number-of-columns=\"3\" data-space-between-columns=\"large\" data-category=\"indonesia\" data-order-by=\"date\" data-order=\"ASC\" data-image-size=\"full\" data-title-tag=\"h4\" data-excerpt-length=\"90\" data-post-info-section=\"yes\" data-post-info-image=\"no\" data-post-info-author=\"no\" data-post-info-date=\"yes\" data-post-info-category=\"no\" data-post-info-comments=\"no\" data-post-info-like=\"no\" data-post-info-share=\"no\" data-pagination-type=\"no-pagination\" data-max-num-pages=\"0\" data-next-page=\"2\">\n\t<div class=\"edge-bl-wrapper\">\n\t\t<ul class=\"edge-blog-list\">\n\t\t\t<li class=\"edge-bl-item clearfix\">\n\t<div class=\"edge-bli-inner\">\n                <div class=\"edge-bli-content\">\n                            <div itemprop=\"dateCreated\" class=\"edge-post-info-date entry-date published updated\">\n            <a itemprop=\"url\" href=\"https:\/\/ubereslegal.com\/en\/2015\/12\/\">\n    \n        8 December, 2015        <\/a>\n    <meta itemprop=\"interactionCount\" content=\"UserComments: 0\"\/>\n<\/div>                        \n<h4 itemprop=\"name\" class=\"entry-title edge-post-title\">\n            <a itemprop=\"url\" href=\"https:\/\/techcrunch.com\/2015\/12\/08\/uber-gains-government-approval-to-operate-legally-in-jakarta-indonesia\/\" title=\"El gobierno de Indonesia aprob\u00f3 a la empresa Uber como una entidad completamente legal en Jakarta.\">\n            El gobierno de Indonesia aprob\u00f3 a la empresa Uber como una entidad completamente legal en Jakarta.            <\/a>\n    <\/h4>                            <div class=\"edge-bli-info\">\n\t                                <\/div>\n                        <div class=\"edge-bli-excerpt\">\n                                <div class=\"edge-post-read-more-button\">\n<a itemprop=\"url\" href=\"https:\/\/techcrunch.com\/2015\/12\/08\/uber-gains-government-approval-to-operate-legally-in-jakarta-indonesia\/\" target=\"_self\"  class=\"edge-btn edge-btn-medium edge-btn-simple edge-blog-list-button\"  >    <span class=\"edge-btn-text\">Read More<\/span>    <\/a><\/div>\n            <\/div>\n        <\/div>\n\t<\/div>\n<\/li>\t\t<\/ul>\n\t<\/div>\n\t<\/div><div class=\"vc_empty_space\"   style=\"height: 40px\"><span class=\"vc_empty_space_inner\"><\/span><\/div><\/div><\/div><\/div><\/div><div class=\"vc_row-full-width vc_clearfix\"><\/div>","protected":false},"excerpt":{"rendered":"","protected":false},"author":2,"featured_media":0,"parent":18,"menu_order":0,"comment_status":"closed","ping_status":"closed","template":"","meta":{"inline_featured_image":false,"footnotes":"","_links_to":"","_links_to_target":""},"class_list":["post-2480","page","type-page","status-publish","hentry"],"_links":{"self":[{"href":"https:\/\/ubereslegal.com\/en\/wp-json\/wp\/v2\/pages\/2480","targetHints":{"allow":["GET"]}}],"collection":[{"href":"https:\/\/ubereslegal.com\/en\/wp-json\/wp\/v2\/pages"}],"about":[{"href":"https:\/\/ubereslegal.com\/en\/wp-json\/wp\/v2\/types\/page"}],"author":[{"embeddable":true,"href":"https:\/\/ubereslegal.com\/en\/wp-json\/wp\/v2\/users\/2"}],"replies":[{"embeddable":true,"href":"https:\/\/ubereslegal.com\/en\/wp-json\/wp\/v2\/comments?post=2480"}],"version-history":[{"count":5,"href":"https:\/\/ubereslegal.com\/en\/wp-json\/wp\/v2\/pages\/2480\/revisions"}],"predecessor-version":[{"id":4451,"href":"https:\/\/ubereslegal.com\/en\/wp-json\/wp\/v2\/pages\/2480\/revisions\/4451"}],"up":[{"embeddable":true,"href":"https:\/\/ubereslegal.com\/en\/wp-json\/wp\/v2\/pages\/18"}],"wp:attachment":[{"href":"https:\/\/ubereslegal.com\/en\/wp-json\/wp\/v2\/media?parent=2480"}],"curies":[{"name":"wp","href":"https:\/\/api.w.org\/{rel}","templated":true}]}}