{"id":2476,"date":"2024-07-29T03:01:03","date_gmt":"2024-07-29T03:01:03","guid":{"rendered":"http:\/\/ubereslegal.com\/?page_id=2476"},"modified":"2025-05-13T17:58:05","modified_gmt":"2025-05-13T17:58:05","slug":"norteamerica","status":"publish","type":"page","link":"https:\/\/ubereslegal.com\/en\/noticias\/norteamerica\/","title":{"rendered":"North America News"},"content":{"rendered":"<div data-vc-full-width=\"true\" data-vc-full-width-init=\"false\" class=\"vc_row wpb_row vc_row-fluid vc_custom_1722378690474\"><div class=\"wpb_column vc_column_container vc_col-sm-12\"><div class=\"vc_column-inner\"><div class=\"wpb_wrapper\"><div class=\"vc_empty_space\"   style=\"height: 160px\"><span class=\"vc_empty_space_inner\"><\/span><\/div>\n\t<div class=\"wpb_text_column wpb_content_element  vc_custom_1722378627575 country\" >\n\t\t<div class=\"wpb_wrapper\">\n\t\t\t<h5>Estados Unidos<\/h5>\n\n\t\t<\/div>\n\t<\/div>\n<div class=\"edge-blog-list-holder edge-bl-standard edge-bl-three-columns edge-bl-large-space edge-bl-pag-no-pagination\"  data-type=\"standard\" data-number-of-posts=\"-1\" data-number-of-columns=\"3\" data-space-between-columns=\"large\" data-category=\"estados-unidos\" data-order-by=\"date\" data-order=\"ASC\" data-image-size=\"full\" data-title-tag=\"h4\" data-excerpt-length=\"90\" data-post-info-section=\"yes\" data-post-info-image=\"no\" data-post-info-author=\"no\" data-post-info-date=\"yes\" data-post-info-category=\"no\" data-post-info-comments=\"no\" data-post-info-like=\"no\" data-post-info-share=\"no\" data-pagination-type=\"no-pagination\" data-max-num-pages=\"0\" data-next-page=\"2\">\n\t<div class=\"edge-bl-wrapper\">\n\t\t<ul class=\"edge-blog-list\">\n\t\t\t<li class=\"edge-bl-item clearfix\">\n\t<div class=\"edge-bli-inner\">\n                <div class=\"edge-bli-content\">\n                            <div itemprop=\"dateCreated\" class=\"edge-post-info-date entry-date published updated\">\n            <a itemprop=\"url\" href=\"https:\/\/ubereslegal.com\/en\/2016\/10\/\">\n    \n        13 October, 2016        <\/a>\n    <meta itemprop=\"interactionCount\" content=\"UserComments: 0\"\/>\n<\/div>                        \n<h4 itemprop=\"name\" class=\"entry-title edge-post-title\">\n            <a itemprop=\"url\" href=\"https:\/\/panampost.com\/orlando-avendano\/2016\/10\/13\/corte-federal-de-ee-uu-dictamina-que-taxistas-no-tienen-derecho-a-un-monopolio\/\" title=\"El juez del Circuito siete de Apelaciones de la Corte federal de Estados Unidos, Richard Posner, dictamin\u00f3 que no existe ning\u00fan derecho en la Constituci\u00f3n por el cual los taxis tengan derecho a mantener un monopolio. Adem\u00e1s, entendi\u00f3 que Uber y taxi son diferentes servicios de transporte.\">\n            El juez del Circuito siete de Apelaciones de la Corte federal de Estados Unidos, Richard Posner, dictamin\u00f3 que no existe ning\u00fan derecho en la Constituci\u00f3n por el cual los taxis tengan derecho a mantener un monopolio. Adem\u00e1s, entendi\u00f3 que Uber y taxi son diferentes servicios de transporte.            <\/a>\n    <\/h4>                            <div class=\"edge-bli-info\">\n\t                                <\/div>\n                        <div class=\"edge-bli-excerpt\">\n                                <div class=\"edge-post-read-more-button\">\n<a itemprop=\"url\" href=\"https:\/\/panampost.com\/orlando-avendano\/2016\/10\/13\/corte-federal-de-ee-uu-dictamina-que-taxistas-no-tienen-derecho-a-un-monopolio\/\" target=\"_self\"  class=\"edge-btn edge-btn-medium edge-btn-simple edge-blog-list-button\"  >    <span class=\"edge-btn-text\">Read More<\/span>    <\/a><\/div>\n            <\/div>\n        <\/div>\n\t<\/div>\n<\/li><li class=\"edge-bl-item clearfix\">\n\t<div class=\"edge-bli-inner\">\n                <div class=\"edge-bli-content\">\n                            <div itemprop=\"dateCreated\" class=\"edge-post-info-date entry-date published updated\">\n            <a itemprop=\"url\" href=\"https:\/\/ubereslegal.com\/en\/2017\/05\/\">\n    \n        30 May, 2017        <\/a>\n    <meta itemprop=\"interactionCount\" content=\"UserComments: 0\"\/>\n<\/div>                        \n<h4 itemprop=\"name\" class=\"entry-title edge-post-title\">\n            <a itemprop=\"url\" href=\"https:\/\/www.courthousenews.com\/new-texas-rideshare-law-victory-uber-lyft\/\" title=\"Nueva ley de ride sharing de Texas, permite que Uber y Lyft regresen a Austin y otras ciudades de Texas de las que hab\u00eda salido.\">\n            Nueva ley de ride sharing de Texas, permite que Uber y Lyft regresen a Austin y otras ciudades de Texas de las que hab\u00eda salido.            <\/a>\n    <\/h4>                            <div class=\"edge-bli-info\">\n\t                                <\/div>\n                        <div class=\"edge-bli-excerpt\">\n                                <div class=\"edge-post-read-more-button\">\n<a itemprop=\"url\" href=\"https:\/\/www.courthousenews.com\/new-texas-rideshare-law-victory-uber-lyft\/\" target=\"_self\"  class=\"edge-btn edge-btn-medium edge-btn-simple edge-blog-list-button\"  >    <span class=\"edge-btn-text\">Read More<\/span>    <\/a><\/div>\n            <\/div>\n        <\/div>\n\t<\/div>\n<\/li><li class=\"edge-bl-item clearfix\">\n\t<div class=\"edge-bli-inner\">\n                <div class=\"edge-bli-content\">\n                            <div itemprop=\"dateCreated\" class=\"edge-post-info-date entry-date published updated\">\n            <a itemprop=\"url\" href=\"https:\/\/ubereslegal.com\/en\/2019\/12\/\">\n    \n        23 December, 2019        <\/a>\n    <meta itemprop=\"interactionCount\" content=\"UserComments: 0\"\/>\n<\/div>                        \n<h4 itemprop=\"name\" class=\"entry-title edge-post-title\">\n            <a itemprop=\"url\" href=\"https:\/\/www.theverge.com\/2019\/12\/23\/21035554\/nyc-uber-lyft-law-limit-cruising-tlc-judge-blocked\" title=\"Un Juez de la Suprema Corte de Nueva York bloque\u00f3 la ley que limita a los conductores de Uber a circular buscando nuevos pasajeros calific\u00e1ndola de \u201carbitraria y caprichosa\u201d.\">\n            Un Juez de la Suprema Corte de Nueva York bloque\u00f3 la ley que limita a los conductores de Uber a circular buscando nuevos pasajeros calific\u00e1ndola de \u201carbitraria y caprichosa\u201d.            <\/a>\n    <\/h4>                            <div class=\"edge-bli-info\">\n\t                                <\/div>\n                        <div class=\"edge-bli-excerpt\">\n                                <div class=\"edge-post-read-more-button\">\n<a itemprop=\"url\" href=\"https:\/\/www.theverge.com\/2019\/12\/23\/21035554\/nyc-uber-lyft-law-limit-cruising-tlc-judge-blocked\" target=\"_self\"  class=\"edge-btn edge-btn-medium edge-btn-simple edge-blog-list-button\"  >    <span class=\"edge-btn-text\">Read More<\/span>    <\/a><\/div>\n            <\/div>\n        <\/div>\n\t<\/div>\n<\/li><li class=\"edge-bl-item clearfix\">\n\t<div class=\"edge-bli-inner\">\n                <div class=\"edge-bli-content\">\n                            <div itemprop=\"dateCreated\" class=\"edge-post-info-date entry-date published updated\">\n            <a itemprop=\"url\" href=\"https:\/\/ubereslegal.com\/en\/2020\/04\/\">\n    \n        14 April, 2020        <\/a>\n    <meta itemprop=\"interactionCount\" content=\"UserComments: 0\"\/>\n<\/div>                        \n<h4 itemprop=\"name\" class=\"entry-title edge-post-title\">\n            <a itemprop=\"url\" href=\"https:\/\/autojusticeattorney.com\/new-uber-lyft-law-florida\/\" title=\"La \u201cLey de Uber\/Lyft\u201d establece los requisitos necesarios para realizar el servicio de viajes en todo el estado de Florida.\">\n            La \u201cLey de Uber\/Lyft\u201d establece los requisitos necesarios para realizar el servicio de viajes en todo el estado de Florida.            <\/a>\n    <\/h4>                            <div class=\"edge-bli-info\">\n\t                                <\/div>\n                        <div class=\"edge-bli-excerpt\">\n                                <div class=\"edge-post-read-more-button\">\n<a itemprop=\"url\" href=\"https:\/\/autojusticeattorney.com\/new-uber-lyft-law-florida\/\" target=\"_self\"  class=\"edge-btn edge-btn-medium edge-btn-simple edge-blog-list-button\"  >    <span class=\"edge-btn-text\">Read More<\/span>    <\/a><\/div>\n            <\/div>\n        <\/div>\n\t<\/div>\n<\/li><li class=\"edge-bl-item clearfix\">\n\t<div class=\"edge-bli-inner\">\n                <div class=\"edge-bli-content\">\n                            <div itemprop=\"dateCreated\" class=\"edge-post-info-date entry-date published updated\">\n            <a itemprop=\"url\" href=\"https:\/\/ubereslegal.com\/en\/2023\/03\/\">\n    \n        14 March, 2023        <\/a>\n    <meta itemprop=\"interactionCount\" content=\"UserComments: 0\"\/>\n<\/div>                        \n<h4 itemprop=\"name\" class=\"entry-title edge-post-title\">\n            <a itemprop=\"url\" href=\"https:\/\/www.eleconomista.com.mx\/empresas\/Tribunal-de-California-ratifica-ley-que-da-estatus-de-independientes-a-conductores-de-Uber-20230313-0100.html\" title=\"Una corte de apelaciones de California ratific\u00f3 la constitucionalidad de la ley que otorga estatus de independientes y no de empleados a los conductores que utilizan aplicaciones como Uber.\">\n            Una corte de apelaciones de California ratific\u00f3 la constitucionalidad de la ley que otorga estatus de independientes y no de empleados a los conductores que utilizan aplicaciones como Uber.            <\/a>\n    <\/h4>                            <div class=\"edge-bli-info\">\n\t                                <\/div>\n                        <div class=\"edge-bli-excerpt\">\n                                <div class=\"edge-post-read-more-button\">\n<a itemprop=\"url\" href=\"https:\/\/www.eleconomista.com.mx\/empresas\/Tribunal-de-California-ratifica-ley-que-da-estatus-de-independientes-a-conductores-de-Uber-20230313-0100.html\" target=\"_self\"  class=\"edge-btn edge-btn-medium edge-btn-simple edge-blog-list-button\"  >    <span class=\"edge-btn-text\">Read More<\/span>    <\/a><\/div>\n            <\/div>\n        <\/div>\n\t<\/div>\n<\/li><li class=\"edge-bl-item clearfix\">\n\t<div class=\"edge-bli-inner\">\n                <div class=\"edge-bli-content\">\n                            <div itemprop=\"dateCreated\" class=\"edge-post-info-date entry-date published updated\">\n            <a itemprop=\"url\" href=\"https:\/\/ubereslegal.com\/en\/2024\/06\/\">\n    \n        4 June, 2024        <\/a>\n    <meta itemprop=\"interactionCount\" content=\"UserComments: 0\"\/>\n<\/div>                        \n<h4 itemprop=\"name\" class=\"entry-title edge-post-title\">\n            <a itemprop=\"url\" href=\"https:\/\/www.lanacion.com.ar\/agencias\/las-acciones-de-uber-y-lyft-se-disparan-tras-decision-judicial-de-tratar-a-conductores-como-nid14032023\/\" title=\"Suben las acciones de Uber y Lyft tras la decisi\u00f3n de un tribunal de California que dictamin\u00f3 que los conductores pueden ser tratados como contratistas independientes.\">\n            Suben las acciones de Uber y Lyft tras la decisi\u00f3n de un tribunal de California que dictamin\u00f3 que los conductores pueden ser tratados como contratistas independientes.            <\/a>\n    <\/h4>                            <div class=\"edge-bli-info\">\n\t                                <\/div>\n                        <div class=\"edge-bli-excerpt\">\n                                <div class=\"edge-post-read-more-button\">\n<a itemprop=\"url\" href=\"https:\/\/www.lanacion.com.ar\/agencias\/las-acciones-de-uber-y-lyft-se-disparan-tras-decision-judicial-de-tratar-a-conductores-como-nid14032023\/\" target=\"_self\"  class=\"edge-btn edge-btn-medium edge-btn-simple edge-blog-list-button\"  >    <span class=\"edge-btn-text\">Read More<\/span>    <\/a><\/div>\n            <\/div>\n        <\/div>\n\t<\/div>\n<\/li><li class=\"edge-bl-item clearfix\">\n\t<div class=\"edge-bli-inner\">\n                <div class=\"edge-bli-content\">\n                            <div itemprop=\"dateCreated\" class=\"edge-post-info-date entry-date published updated\">\n            <a itemprop=\"url\" href=\"https:\/\/ubereslegal.com\/en\/2024\/06\/\">\n    \n        4 June, 2024        <\/a>\n    <meta itemprop=\"interactionCount\" content=\"UserComments: 0\"\/>\n<\/div>                        \n<h4 itemprop=\"name\" class=\"entry-title edge-post-title\">\n            <a itemprop=\"url\" href=\"https:\/\/dominguezfirm.com\/injury-lawyer\/rideshare-accidents\/uber-and-lyft-laws-and-regulations-in-california\/\" title=\"La noticia trata las diferentes leyes y normas tendientes a proteger a los conductores y usuarios de las aplicaciones Uber y Lyft en California.\u00a0\">\n            La noticia trata las diferentes leyes y normas tendientes a proteger a los conductores y usuarios de las aplicaciones Uber y Lyft en California.\u00a0            <\/a>\n    <\/h4>                            <div class=\"edge-bli-info\">\n\t                                <\/div>\n                        <div class=\"edge-bli-excerpt\">\n                                <div class=\"edge-post-read-more-button\">\n<a itemprop=\"url\" href=\"https:\/\/dominguezfirm.com\/injury-lawyer\/rideshare-accidents\/uber-and-lyft-laws-and-regulations-in-california\/\" target=\"_self\"  class=\"edge-btn edge-btn-medium edge-btn-simple edge-blog-list-button\"  >    <span class=\"edge-btn-text\">Read More<\/span>    <\/a><\/div>\n            <\/div>\n        <\/div>\n\t<\/div>\n<\/li>\t\t<\/ul>\n\t<\/div>\n\t<\/div><div class=\"vc_empty_space\"   style=\"height: 40px\"><span class=\"vc_empty_space_inner\"><\/span><\/div><\/div><\/div><\/div><\/div><div class=\"vc_row-full-width vc_clearfix\"><\/div><div data-vc-full-width=\"true\" data-vc-full-width-init=\"false\" class=\"vc_row wpb_row vc_row-fluid vc_custom_1722378703311 vc_row-has-fill\"><div class=\"wpb_column vc_column_container vc_col-sm-12\"><div class=\"vc_column-inner\"><div class=\"wpb_wrapper\">\n\t<div class=\"wpb_text_column wpb_content_element  vc_custom_1722378749573 country\" >\n\t\t<div class=\"wpb_wrapper\">\n\t\t\t<h5>M\u00e9xico<\/h5>\n\n\t\t<\/div>\n\t<\/div>\n<div class=\"edge-blog-list-holder edge-bl-standard edge-bl-three-columns edge-bl-large-space edge-bl-pag-no-pagination\"  data-type=\"standard\" data-number-of-posts=\"-1\" data-number-of-columns=\"3\" data-space-between-columns=\"large\" data-category=\"mexico\" data-order-by=\"date\" data-order=\"ASC\" data-image-size=\"full\" data-title-tag=\"h4\" data-excerpt-length=\"90\" data-post-info-section=\"yes\" data-post-info-image=\"no\" data-post-info-author=\"no\" data-post-info-date=\"yes\" data-post-info-category=\"no\" data-post-info-comments=\"no\" data-post-info-like=\"no\" data-post-info-share=\"no\" data-pagination-type=\"no-pagination\" data-max-num-pages=\"0\" data-next-page=\"2\">\n\t<div class=\"edge-bl-wrapper\">\n\t\t<ul class=\"edge-blog-list\">\n\t\t\t<li class=\"edge-bl-item clearfix\">\n\t<div class=\"edge-bli-inner\">\n                <div class=\"edge-bli-content\">\n                            <div itemprop=\"dateCreated\" class=\"edge-post-info-date entry-date published updated\">\n            <a itemprop=\"url\" href=\"https:\/\/ubereslegal.com\/en\/2023\/01\/\">\n    \n        11 January, 2023        <\/a>\n    <meta itemprop=\"interactionCount\" content=\"UserComments: 0\"\/>\n<\/div>                        \n<h4 itemprop=\"name\" class=\"entry-title edge-post-title\">\n            <a itemprop=\"url\" href=\"https:\/\/www.infobae.com\/america\/mexico\/2023\/01\/12\/uber-podra-operar-en-cancun-tras-superar-demandas-de-taxistas-en-tribunales\/\" title=\"Uber podr\u00e1 operar legalmente en Canc\u00fan.\u00a0\">\n            Uber podr\u00e1 operar legalmente en Canc\u00fan.\u00a0            <\/a>\n    <\/h4>                            <div class=\"edge-bli-info\">\n\t                                <\/div>\n                        <div class=\"edge-bli-excerpt\">\n                                <div class=\"edge-post-read-more-button\">\n<a itemprop=\"url\" href=\"https:\/\/www.infobae.com\/america\/mexico\/2023\/01\/12\/uber-podra-operar-en-cancun-tras-superar-demandas-de-taxistas-en-tribunales\/\" target=\"_self\"  class=\"edge-btn edge-btn-medium edge-btn-simple edge-blog-list-button\"  >    <span class=\"edge-btn-text\">Read More<\/span>    <\/a><\/div>\n            <\/div>\n        <\/div>\n\t<\/div>\n<\/li><li class=\"edge-bl-item clearfix\">\n\t<div class=\"edge-bli-inner\">\n                <div class=\"edge-bli-content\">\n                            <div itemprop=\"dateCreated\" class=\"edge-post-info-date entry-date published updated\">\n            <a itemprop=\"url\" href=\"https:\/\/ubereslegal.com\/en\/2023\/01\/\">\n    \n        12 January, 2023        <\/a>\n    <meta itemprop=\"interactionCount\" content=\"UserComments: 0\"\/>\n<\/div>                        \n<h4 itemprop=\"name\" class=\"entry-title edge-post-title\">\n            <a itemprop=\"url\" href=\"https:\/\/www.reportur.com\/mexico\/2023\/01\/12\/quintana-roo-uber-es-legal-pese-a-la-protesta-y-presion-de-los-taxistas\/\" title=\"Los jueces en Quintana Roo se expidieron en favor de Uber por considerarlo un servicio privado que no afectar\u00eda a los taxistas.\u00a0\">\n            Los jueces en Quintana Roo se expidieron en favor de Uber por considerarlo un servicio privado que no afectar\u00eda a los taxistas.\u00a0            <\/a>\n    <\/h4>                            <div class=\"edge-bli-info\">\n\t                                <\/div>\n                        <div class=\"edge-bli-excerpt\">\n                                <div class=\"edge-post-read-more-button\">\n<a itemprop=\"url\" href=\"https:\/\/www.reportur.com\/mexico\/2023\/01\/12\/quintana-roo-uber-es-legal-pese-a-la-protesta-y-presion-de-los-taxistas\/\" target=\"_self\"  class=\"edge-btn edge-btn-medium edge-btn-simple edge-blog-list-button\"  >    <span class=\"edge-btn-text\">Read More<\/span>    <\/a><\/div>\n            <\/div>\n        <\/div>\n\t<\/div>\n<\/li><li class=\"edge-bl-item clearfix\">\n\t<div class=\"edge-bli-inner\">\n                <div class=\"edge-bli-content\">\n                            <div itemprop=\"dateCreated\" class=\"edge-post-info-date entry-date published updated\">\n            <a itemprop=\"url\" href=\"https:\/\/ubereslegal.com\/en\/2023\/01\/\">\n    \n        17 January, 2023        <\/a>\n    <meta itemprop=\"interactionCount\" content=\"UserComments: 0\"\/>\n<\/div>                        \n<h4 itemprop=\"name\" class=\"entry-title edge-post-title\">\n            <a itemprop=\"url\" href=\"https:\/\/www.eleconomista.com.mx\/estados\/Uber-iniciara-operaciones-en-Chetumal-20230116-0113.html\" title=\"Uber anuncia que iniciar\u00e1 operaciones en Chetumal tras el amparo en favor de la empresa, por el cual se determina que los servicios prestados por los socio conductores son privados.\">\n            Uber anuncia que iniciar\u00e1 operaciones en Chetumal tras el amparo en favor de la empresa, por el cual se determina que los servicios prestados por los socio conductores son privados.            <\/a>\n    <\/h4>                            <div class=\"edge-bli-info\">\n\t                                <\/div>\n                        <div class=\"edge-bli-excerpt\">\n                                <div class=\"edge-post-read-more-button\">\n<a itemprop=\"url\" href=\"https:\/\/www.eleconomista.com.mx\/estados\/Uber-iniciara-operaciones-en-Chetumal-20230116-0113.html\" target=\"_self\"  class=\"edge-btn edge-btn-medium edge-btn-simple edge-blog-list-button\"  >    <span class=\"edge-btn-text\">Read More<\/span>    <\/a><\/div>\n            <\/div>\n        <\/div>\n\t<\/div>\n<\/li><li class=\"edge-bl-item clearfix\">\n\t<div class=\"edge-bli-inner\">\n                <div class=\"edge-bli-content\">\n                            <div itemprop=\"dateCreated\" class=\"edge-post-info-date entry-date published updated\">\n            <a itemprop=\"url\" href=\"https:\/\/ubereslegal.com\/en\/2023\/03\/\">\n    \n        10 March, 2023        <\/a>\n    <meta itemprop=\"interactionCount\" content=\"UserComments: 0\"\/>\n<\/div>                        \n<h4 itemprop=\"name\" class=\"entry-title edge-post-title\">\n            <a itemprop=\"url\" href=\"https:\/\/www.reportur.com\/agencias\/2023\/03\/10\/quintana-roo-advierte-a-taxistas-por-nueva-ola-de-violencia-contra-uber\/\" title=\"La secretaria de gobierno de M\u00e9xico, Cristina Torres G\u00f3mez, anunci\u00f3 que se les iniciaran procedimientos y retirar\u00e1 la concesi\u00f3n a los taxistas que agredan a conductores de Uber.\">\n            La secretaria de gobierno de M\u00e9xico, Cristina Torres G\u00f3mez, anunci\u00f3 que se les iniciaran procedimientos y retirar\u00e1 la concesi\u00f3n a los taxistas que agredan a conductores de Uber.            <\/a>\n    <\/h4>                            <div class=\"edge-bli-info\">\n\t                                <\/div>\n                        <div class=\"edge-bli-excerpt\">\n                                <div class=\"edge-post-read-more-button\">\n<a itemprop=\"url\" href=\"https:\/\/www.reportur.com\/agencias\/2023\/03\/10\/quintana-roo-advierte-a-taxistas-por-nueva-ola-de-violencia-contra-uber\/\" target=\"_self\"  class=\"edge-btn edge-btn-medium edge-btn-simple edge-blog-list-button\"  >    <span class=\"edge-btn-text\">Read More<\/span>    <\/a><\/div>\n            <\/div>\n        <\/div>\n\t<\/div>\n<\/li>\t\t<\/ul>\n\t<\/div>\n\t<\/div><div class=\"vc_empty_space\"   style=\"height: 40px\"><span class=\"vc_empty_space_inner\"><\/span><\/div><\/div><\/div><\/div><\/div><div class=\"vc_row-full-width vc_clearfix\"><\/div>","protected":false},"excerpt":{"rendered":"","protected":false},"author":2,"featured_media":0,"parent":18,"menu_order":0,"comment_status":"closed","ping_status":"closed","template":"","meta":{"inline_featured_image":false,"footnotes":"","_links_to":"","_links_to_target":""},"class_list":["post-2476","page","type-page","status-publish","hentry"],"_links":{"self":[{"href":"https:\/\/ubereslegal.com\/en\/wp-json\/wp\/v2\/pages\/2476","targetHints":{"allow":["GET"]}}],"collection":[{"href":"https:\/\/ubereslegal.com\/en\/wp-json\/wp\/v2\/pages"}],"about":[{"href":"https:\/\/ubereslegal.com\/en\/wp-json\/wp\/v2\/types\/page"}],"author":[{"embeddable":true,"href":"https:\/\/ubereslegal.com\/en\/wp-json\/wp\/v2\/users\/2"}],"replies":[{"embeddable":true,"href":"https:\/\/ubereslegal.com\/en\/wp-json\/wp\/v2\/comments?post=2476"}],"version-history":[{"count":5,"href":"https:\/\/ubereslegal.com\/en\/wp-json\/wp\/v2\/pages\/2476\/revisions"}],"predecessor-version":[{"id":4450,"href":"https:\/\/ubereslegal.com\/en\/wp-json\/wp\/v2\/pages\/2476\/revisions\/4450"}],"up":[{"embeddable":true,"href":"https:\/\/ubereslegal.com\/en\/wp-json\/wp\/v2\/pages\/18"}],"wp:attachment":[{"href":"https:\/\/ubereslegal.com\/en\/wp-json\/wp\/v2\/media?parent=2476"}],"curies":[{"name":"wp","href":"https:\/\/api.w.org\/{rel}","templated":true}]}}