{"id":2133,"date":"2024-06-24T20:28:56","date_gmt":"2024-06-24T20:28:56","guid":{"rendered":"http:\/\/ubereslegal.com\/?page_id=2133"},"modified":"2025-05-13T17:54:07","modified_gmt":"2025-05-13T17:54:07","slug":"jurisprudencia-regulatoria-internacional","status":"publish","type":"page","link":"https:\/\/ubereslegal.com\/en\/jurisprudencia\/jurisprudencia-regulatoria-internacional\/","title":{"rendered":"International Regulatory Jurisprudence"},"content":{"rendered":"<div class=\"vc_row wpb_row vc_row-fluid\"><div class=\"wpb_column vc_column_container vc_col-sm-12\"><div class=\"vc_column-inner\"><div class=\"wpb_wrapper\"><div class=\"vc_empty_space\"   style=\"height: 160px\"><span class=\"vc_empty_space_inner\"><\/span><\/div>\n\t<div class=\"wpb_text_column wpb_content_element\" >\n\t\t<div class=\"wpb_wrapper\">\n\t\t\t<p style=\"text-align: center;\"><strong>International Regulatory Jurisprudence<\/strong><\/p>\n<p>&nbsp;<\/p>\n\n\t\t<\/div>\n\t<\/div>\n<div class=\"edge-blog-list-holder edge-bl-standard edge-bl-four-columns edge-bl-normal-space edge-bl-pag-load-more\"  data-type=\"standard\" data-number-of-posts=\"20\" data-number-of-columns=\"4\" data-space-between-columns=\"normal\" data-category=\"jurisprudencia-regulatoria-internacional\" data-order-by=\"date\" data-order=\"ASC\" data-image-size=\"landscape\" data-title-tag=\"h4\" data-excerpt-length=\"30\" data-post-info-section=\"no\" data-post-info-image=\"yes\" data-post-info-author=\"yes\" data-post-info-date=\"no\" data-post-info-category=\"yes\" data-post-info-comments=\"no\" data-post-info-like=\"no\" data-post-info-share=\"no\" data-pagination-type=\"load-more\" data-max-num-pages=\"1\" data-next-page=\"2\">\n\t<div class=\"edge-bl-wrapper\">\n\t\t<ul class=\"edge-blog-list\">\n\t\t\t<li class=\"edge-bl-item clearfix\">\n\t<div class=\"edge-bli-inner\">\n                \n\t<div class=\"edge-post-image\">\n        \t\t    <a itemprop=\"url\" href=\"https:\/\/ubereslegal.com\/en\/el-funcionamiento-de-uber-se-adecua-a-los-principios-de-libre-competencia-chile\/\" title=\"Uber\u2019s Operation Aligns With The Principles of Free Competition (Chile)\">\n                            <img decoding=\"async\" itemprop=\"image\" class=\"edge-custom-post-image\" src=\"http:\/\/ubereslegal.com\/wp-content\/uploads\/2024\/06\/uber-137.png\" alt=\"Blog list featured image\" \/>\n                \t\t    <\/a>\n        \t<\/div>\n                <div class=\"edge-bli-content\">\n                        \n<h4 itemprop=\"name\" class=\"entry-title edge-post-title\">\n            <a itemprop=\"url\" href=\"https:\/\/ubereslegal.com\/en\/el-funcionamiento-de-uber-se-adecua-a-los-principios-de-libre-competencia-chile\/\" title=\"Uber\u2019s Operation Aligns With The Principles of Free Competition (Chile)\">\n            Uber\u2019s Operation Aligns With The Principles of Free Competition (Chile)            <\/a>\n    <\/h4>                        <div class=\"edge-bli-excerpt\">\n                \t\t<div class=\"edge-post-excerpt-holder\">\n\t\t\t<p itemprop=\"description\" class=\"edge-post-excerpt\">\n\t\t\t\t\nOn the 18th of January, 2023, in the case \u201cLogan con Tribunal de Defensa de la Libre Competencia\u201d, the Supreme Court rejected\t\t\t<\/p>\n\t\t<\/div>\n\t                <div class=\"edge-post-read-more-button\">\n<a itemprop=\"url\" href=\"https:\/\/ubereslegal.com\/en\/el-funcionamiento-de-uber-se-adecua-a-los-principios-de-libre-competencia-chile\/\" target=\"_self\"  class=\"edge-btn edge-btn-medium edge-btn-simple edge-blog-list-button\"  >    <span class=\"edge-btn-text\">Read More<\/span>    <\/a><\/div>\n            <\/div>\n        <\/div>\n\t<\/div>\n<\/li><li class=\"edge-bl-item clearfix\">\n\t<div class=\"edge-bli-inner\">\n                \n\t<div class=\"edge-post-image\">\n        \t\t    <a itemprop=\"url\" href=\"https:\/\/ubereslegal.com\/en\/las-aplicaciones-cubren-una-demanda-no-cubierta-por-los-taxis-colombia\/\" title=\"Apps Meet Demand Not Covered By Taxis (Colombia)\">\n                            <img decoding=\"async\" itemprop=\"image\" class=\"edge-custom-post-image\" src=\"http:\/\/ubereslegal.com\/wp-content\/uploads\/2024\/06\/uber-3.jpg\" alt=\"Blog list featured image\" \/>\n                \t\t    <\/a>\n        \t<\/div>\n                <div class=\"edge-bli-content\">\n                        \n<h4 itemprop=\"name\" class=\"entry-title edge-post-title\">\n            <a itemprop=\"url\" href=\"https:\/\/ubereslegal.com\/en\/las-aplicaciones-cubren-una-demanda-no-cubierta-por-los-taxis-colombia\/\" title=\"Apps Meet Demand Not Covered By Taxis (Colombia)\">\n            Apps Meet Demand Not Covered By Taxis (Colombia)            <\/a>\n    <\/h4>                        <div class=\"edge-bli-excerpt\">\n                \t\t<div class=\"edge-post-excerpt-holder\">\n\t\t\t<p itemprop=\"description\" class=\"edge-post-excerpt\">\n\t\t\t\t\nOn the 26th of November, 2015, regarding the \u201cProyecto de Decreto: Por el cual se modifica el libro 2, parte 2, t\u00edtulo 1, cap\u00edtulo 3 del Decreto 1079 de 2015, Decreto \u00danico Reglamentario del Sector Transporte\u201d, the Superintendent pointed out\t\t\t<\/p>\n\t\t<\/div>\n\t                <div class=\"edge-post-read-more-button\">\n<a itemprop=\"url\" href=\"https:\/\/ubereslegal.com\/en\/las-aplicaciones-cubren-una-demanda-no-cubierta-por-los-taxis-colombia\/\" target=\"_self\"  class=\"edge-btn edge-btn-medium edge-btn-simple edge-blog-list-button\"  >    <span class=\"edge-btn-text\">Read More<\/span>    <\/a><\/div>\n            <\/div>\n        <\/div>\n\t<\/div>\n<\/li><li class=\"edge-bl-item clearfix\">\n\t<div class=\"edge-bli-inner\">\n                \n\t<div class=\"edge-post-image\">\n        \t\t    <a itemprop=\"url\" href=\"https:\/\/ubereslegal.com\/en\/es-sano-para-la-competencia-que-exista-el-servicio-de-transporte-de-pasajeros-mediante-aplicaciones-electronicas-mexico\/\" title=\"It Is Healthy For Competition To Exist In Passenger Transportation Services Through Electronic Applications (Mexico)\">\n                            <img decoding=\"async\" itemprop=\"image\" class=\"edge-custom-post-image\" src=\"http:\/\/ubereslegal.com\/wp-content\/uploads\/2024\/06\/uber-143.png\" alt=\"Blog list featured image\" \/>\n                \t\t    <\/a>\n        \t<\/div>\n                <div class=\"edge-bli-content\">\n                        \n<h4 itemprop=\"name\" class=\"entry-title edge-post-title\">\n            <a itemprop=\"url\" href=\"https:\/\/ubereslegal.com\/en\/es-sano-para-la-competencia-que-exista-el-servicio-de-transporte-de-pasajeros-mediante-aplicaciones-electronicas-mexico\/\" title=\"It Is Healthy For Competition To Exist In Passenger Transportation Services Through Electronic Applications (Mexico)\">\n            It Is Healthy For Competition To Exist In Passenger Transportation Services Through Electronic Applications (Mexico)            <\/a>\n    <\/h4>                        <div class=\"edge-bli-excerpt\">\n                \t\t<div class=\"edge-post-excerpt-holder\">\n\t\t\t<p itemprop=\"description\" class=\"edge-post-excerpt\">\n\t\t\t\t\nThe COFECE understands that the presence of these platforms is positive and asserts that the self-regulation implemented by the ERTs is efficient for them to sustain and compete in markets\t\t\t<\/p>\n\t\t<\/div>\n\t                <div class=\"edge-post-read-more-button\">\n<a itemprop=\"url\" href=\"https:\/\/ubereslegal.com\/en\/es-sano-para-la-competencia-que-exista-el-servicio-de-transporte-de-pasajeros-mediante-aplicaciones-electronicas-mexico\/\" target=\"_self\"  class=\"edge-btn edge-btn-medium edge-btn-simple edge-blog-list-button\"  >    <span class=\"edge-btn-text\">Read More<\/span>    <\/a><\/div>\n            <\/div>\n        <\/div>\n\t<\/div>\n<\/li><li class=\"edge-bl-item clearfix\">\n\t<div class=\"edge-bli-inner\">\n                \n\t<div class=\"edge-post-image\">\n        \t\t    <a itemprop=\"url\" href=\"https:\/\/ubereslegal.com\/en\/no-se-puede-exigir-licencia-de-taxi-a-los-conductores-que-prestan-sus-servicios-a-traves-de-uber-porque-son-servicios-distintos-peru\/\" title=\"Taxi Licences Cannot Be Demanded Of Drivers Who Provide Services Using Uber Because They Are Different Services (Peru)\">\n                            <img decoding=\"async\" itemprop=\"image\" class=\"edge-custom-post-image\" src=\"http:\/\/ubereslegal.com\/wp-content\/uploads\/2024\/06\/uber-142.png\" alt=\"Blog list featured image\" \/>\n                \t\t    <\/a>\n        \t<\/div>\n                <div class=\"edge-bli-content\">\n                        \n<h4 itemprop=\"name\" class=\"entry-title edge-post-title\">\n            <a itemprop=\"url\" href=\"https:\/\/ubereslegal.com\/en\/no-se-puede-exigir-licencia-de-taxi-a-los-conductores-que-prestan-sus-servicios-a-traves-de-uber-porque-son-servicios-distintos-peru\/\" title=\"Taxi Licences Cannot Be Demanded Of Drivers Who Provide Services Using Uber Because They Are Different Services (Peru)\">\n            Taxi Licences Cannot Be Demanded Of Drivers Who Provide Services Using Uber Because They Are Different Services (Peru)            <\/a>\n    <\/h4>                        <div class=\"edge-bli-excerpt\">\n                \t\t<div class=\"edge-post-excerpt-holder\">\n\t\t\t<p itemprop=\"description\" class=\"edge-post-excerpt\">\n\t\t\t\t\nINDECOPI, through its specialised chamber in Competition Defence Chamber, indicated that the economic activity carried out by the digital platform Uber is not classified as a taxi service\t\t\t<\/p>\n\t\t<\/div>\n\t                <div class=\"edge-post-read-more-button\">\n<a itemprop=\"url\" href=\"https:\/\/ubereslegal.com\/en\/no-se-puede-exigir-licencia-de-taxi-a-los-conductores-que-prestan-sus-servicios-a-traves-de-uber-porque-son-servicios-distintos-peru\/\" target=\"_self\"  class=\"edge-btn edge-btn-medium edge-btn-simple edge-blog-list-button\"  >    <span class=\"edge-btn-text\">Read More<\/span>    <\/a><\/div>\n            <\/div>\n        <\/div>\n\t<\/div>\n<\/li><li class=\"edge-bl-item clearfix\">\n\t<div class=\"edge-bli-inner\">\n                \n\t<div class=\"edge-post-image\">\n        \t\t    <a itemprop=\"url\" href=\"https:\/\/ubereslegal.com\/en\/los-servicios-de-uber-y-taxi-son-diferentes-suprema-corte-de-justicia-de-uruguay\/\" title=\"Uber And Taxi Services Are Different (Supreme Court Of Justice, Uruguay)\">\n                            <img decoding=\"async\" itemprop=\"image\" class=\"edge-custom-post-image\" src=\"http:\/\/ubereslegal.com\/wp-content\/uploads\/2024\/06\/uber-26.jpg\" alt=\"Blog list featured image\" \/>\n                \t\t    <\/a>\n        \t<\/div>\n                <div class=\"edge-bli-content\">\n                        \n<h4 itemprop=\"name\" class=\"entry-title edge-post-title\">\n            <a itemprop=\"url\" href=\"https:\/\/ubereslegal.com\/en\/los-servicios-de-uber-y-taxi-son-diferentes-suprema-corte-de-justicia-de-uruguay\/\" title=\"Uber And Taxi Services Are Different (Supreme Court Of Justice, Uruguay)\">\n            Uber And Taxi Services Are Different (Supreme Court Of Justice, Uruguay)            <\/a>\n    <\/h4>                        <div class=\"edge-bli-excerpt\">\n                \t\t<div class=\"edge-post-excerpt-holder\">\n\t\t\t<p itemprop=\"description\" class=\"edge-post-excerpt\">\n\t\t\t\t\nOn the 23rd of November, 2019, in the case \u201cAlberotti, Roque y otros c\/ Gobierno Departamental de Montevideo \u2013 Acci\u00f3n de inconstitucionalidad- Decreto de la Junta Departamental de Montevideo N\u00ba 36.197 de fecha 15 de diciembre de 2016\u201d, the Court explained the differences\t\t\t<\/p>\n\t\t<\/div>\n\t                <div class=\"edge-post-read-more-button\">\n<a itemprop=\"url\" href=\"https:\/\/ubereslegal.com\/en\/los-servicios-de-uber-y-taxi-son-diferentes-suprema-corte-de-justicia-de-uruguay\/\" target=\"_self\"  class=\"edge-btn edge-btn-medium edge-btn-simple edge-blog-list-button\"  >    <span class=\"edge-btn-text\">Read More<\/span>    <\/a><\/div>\n            <\/div>\n        <\/div>\n\t<\/div>\n<\/li><li class=\"edge-bl-item clearfix\">\n\t<div class=\"edge-bli-inner\">\n                \n\t<div class=\"edge-post-image\">\n        \t\t    <a itemprop=\"url\" href=\"https:\/\/ubereslegal.com\/en\/el-supremo-tribunal-federal-de-brasil-reitera-que-conducir-uber-es-legal-brasil\/\" title=\"Federal Supreme Court Of Brazil Reiterates That Driving Using Uber Is Legal (Brazil)\">\n                            <img decoding=\"async\" itemprop=\"image\" class=\"edge-custom-post-image\" src=\"http:\/\/ubereslegal.com\/wp-content\/uploads\/2024\/06\/uber-141.png\" alt=\"Blog list featured image\" \/>\n                \t\t    <\/a>\n        \t<\/div>\n                <div class=\"edge-bli-content\">\n                        \n<h4 itemprop=\"name\" class=\"entry-title edge-post-title\">\n            <a itemprop=\"url\" href=\"https:\/\/ubereslegal.com\/en\/el-supremo-tribunal-federal-de-brasil-reitera-que-conducir-uber-es-legal-brasil\/\" title=\"Federal Supreme Court Of Brazil Reiterates That Driving Using Uber Is Legal (Brazil)\">\n            Federal Supreme Court Of Brazil Reiterates That Driving Using Uber Is Legal (Brazil)            <\/a>\n    <\/h4>                        <div class=\"edge-bli-excerpt\">\n                \t\t<div class=\"edge-post-excerpt-holder\">\n\t\t\t<p itemprop=\"description\" class=\"edge-post-excerpt\">\n\t\t\t\t\nOn the 8th of May, 2019, in the case \u201cDemanda por incumplimiento del principio fundamental 449 Distrito Federal\u201d, (File No. ADPF 449\/DF), the unconstitutionality of the Municipal Law of Strength was declared\t\t\t<\/p>\n\t\t<\/div>\n\t                <div class=\"edge-post-read-more-button\">\n<a itemprop=\"url\" href=\"https:\/\/ubereslegal.com\/en\/el-supremo-tribunal-federal-de-brasil-reitera-que-conducir-uber-es-legal-brasil\/\" target=\"_self\"  class=\"edge-btn edge-btn-medium edge-btn-simple edge-blog-list-button\"  >    <span class=\"edge-btn-text\">Read More<\/span>    <\/a><\/div>\n            <\/div>\n        <\/div>\n\t<\/div>\n<\/li><li class=\"edge-bl-item clearfix\">\n\t<div class=\"edge-bli-inner\">\n                \n\t<div class=\"edge-post-image\">\n        \t\t    <a itemprop=\"url\" href=\"https:\/\/ubereslegal.com\/en\/conducir-uber-es-legal-en-brasil-brasil\/\" title=\"Driving Uber Is Legal In Brazil (Brazil)\">\n                            <img decoding=\"async\" itemprop=\"image\" class=\"edge-custom-post-image\" src=\"http:\/\/ubereslegal.com\/wp-content\/uploads\/2024\/06\/uber-140.png\" alt=\"Blog list featured image\" \/>\n                \t\t    <\/a>\n        \t<\/div>\n                <div class=\"edge-bli-content\">\n                        \n<h4 itemprop=\"name\" class=\"entry-title edge-post-title\">\n            <a itemprop=\"url\" href=\"https:\/\/ubereslegal.com\/en\/conducir-uber-es-legal-en-brasil-brasil\/\" title=\"Driving Uber Is Legal In Brazil (Brazil)\">\n            Driving Uber Is Legal In Brazil (Brazil)            <\/a>\n    <\/h4>                        <div class=\"edge-bli-excerpt\">\n                \t\t<div class=\"edge-post-excerpt-holder\">\n\t\t\t<p itemprop=\"description\" class=\"edge-post-excerpt\">\n\t\t\t\t\nThe Court, analysing the constitutionality of Sao Paolo\u2019s Municipal Law No. 16\/279\/15 which prohibited the use of services like Uber, concluded that: (i) the service is legal on account of being regulated by the Civil Code; (ii) the service produces benefits for\t\t\t<\/p>\n\t\t<\/div>\n\t                <div class=\"edge-post-read-more-button\">\n<a itemprop=\"url\" href=\"https:\/\/ubereslegal.com\/en\/conducir-uber-es-legal-en-brasil-brasil\/\" target=\"_self\"  class=\"edge-btn edge-btn-medium edge-btn-simple edge-blog-list-button\"  >    <span class=\"edge-btn-text\">Read More<\/span>    <\/a><\/div>\n            <\/div>\n        <\/div>\n\t<\/div>\n<\/li>\t\t<\/ul>\n\t<\/div>\n\t<\/div><div class=\"vc_empty_space\"   style=\"height: 60px\"><span class=\"vc_empty_space_inner\"><\/span><\/div><\/div><\/div><\/div><\/div>","protected":false},"excerpt":{"rendered":"El Tribunal, analizando la constitucionalidad de la Ley Municipal Nro. 16.279\/15 de San Pablo que prohibi\u00f3 el uso de servicios como Uber, concluy\u00f3 que: (i) el servicio es legal por estar regulado por el C\u00f3digo Civil, (ii) el servicio produce [...]","protected":false},"author":2,"featured_media":0,"parent":14,"menu_order":0,"comment_status":"closed","ping_status":"closed","template":"","meta":{"inline_featured_image":false,"footnotes":"","_links_to":"","_links_to_target":""},"class_list":["post-2133","page","type-page","status-publish","hentry"],"_links":{"self":[{"href":"https:\/\/ubereslegal.com\/en\/wp-json\/wp\/v2\/pages\/2133","targetHints":{"allow":["GET"]}}],"collection":[{"href":"https:\/\/ubereslegal.com\/en\/wp-json\/wp\/v2\/pages"}],"about":[{"href":"https:\/\/ubereslegal.com\/en\/wp-json\/wp\/v2\/types\/page"}],"author":[{"embeddable":true,"href":"https:\/\/ubereslegal.com\/en\/wp-json\/wp\/v2\/users\/2"}],"replies":[{"embeddable":true,"href":"https:\/\/ubereslegal.com\/en\/wp-json\/wp\/v2\/comments?post=2133"}],"version-history":[{"count":6,"href":"https:\/\/ubereslegal.com\/en\/wp-json\/wp\/v2\/pages\/2133\/revisions"}],"predecessor-version":[{"id":4445,"href":"https:\/\/ubereslegal.com\/en\/wp-json\/wp\/v2\/pages\/2133\/revisions\/4445"}],"up":[{"embeddable":true,"href":"https:\/\/ubereslegal.com\/en\/wp-json\/wp\/v2\/pages\/14"}],"wp:attachment":[{"href":"https:\/\/ubereslegal.com\/en\/wp-json\/wp\/v2\/media?parent=2133"}],"curies":[{"name":"wp","href":"https:\/\/api.w.org\/{rel}","templated":true}]}}