{"id":5,"date":"2024-05-27T15:53:33","date_gmt":"2024-05-27T15:53:33","guid":{"rendered":"http:\/\/ubereslegal.com\/?page_id=5"},"modified":"2024-06-28T17:31:26","modified_gmt":"2024-06-28T17:31:26","slug":"quienes-somos","status":"publish","type":"page","link":"http:\/\/ubereslegal.com\/en\/quienes-somos\/","title":{"rendered":"About Us"},"content":{"rendered":"<div data-vc-full-width=\"true\" data-vc-full-width-init=\"false\" class=\"vc_row wpb_row vc_row-fluid\"><div class=\"wpb_column vc_column_container vc_col-sm-12\"><div class=\"vc_column-inner vc_custom_1719595873037\"><div class=\"wpb_wrapper\"><div class=\"vc_row wpb_row vc_inner vc_row-fluid vc_row-o-content-middle vc_row-flex\"><div class=\"wpb_column vc_column_container vc_col-sm-6\"><div class=\"vc_column-inner\"><div class=\"wpb_wrapper\">\n\t<div  class=\"wpb_single_image wpb_content_element vc_align_left  wpb_animate_when_almost_visible wpb_fadeInLeft fadeInLeft\">\n\t\t\n\t\t<figure class=\"wpb_wrapper vc_figure\">\n\t\t\t<div class=\"vc_single_image-wrapper   vc_box_border_grey\"><img loading=\"lazy\" decoding=\"async\" width=\"1200\" height=\"900\" src=\"http:\/\/ubereslegal.com\/wp-content\/uploads\/2024\/06\/uber-qs.jpg\" class=\"vc_single_image-img attachment-full\" alt=\"\" title=\"uber-qs\" srcset=\"http:\/\/ubereslegal.com\/wp-content\/uploads\/2024\/06\/uber-qs.jpg 1200w, http:\/\/ubereslegal.com\/wp-content\/uploads\/2024\/06\/uber-qs-300x225.jpg 300w, http:\/\/ubereslegal.com\/wp-content\/uploads\/2024\/06\/uber-qs-1024x768.jpg 1024w, http:\/\/ubereslegal.com\/wp-content\/uploads\/2024\/06\/uber-qs-768x576.jpg 768w\" sizes=\"auto, (max-width: 1200px) 100vw, 1200px\" \/><\/div>\n\t\t<\/figure>\n\t<\/div>\n<\/div><\/div><\/div><div class=\"wpb_column vc_column_container vc_col-sm-4\"><div class=\"vc_column-inner\"><div class=\"wpb_wrapper\">\n\t<div class=\"wpb_text_column wpb_content_element\" >\n\t\t<div class=\"wpb_wrapper\">\n\t\t\t<h2 class=\"x-el x-el-h4 c1-1 c1-2 c1-22 c1-23 c1-74 c1-2v c1-2w c1-1c c1-1e c1-b c1-29 c1-4t c1-3i c1-4v c1-4w c1-4x c1-4y\" role=\"heading\" aria-level=\"4\" data-ux=\"ContentHeading\" data-aid=\"ABOUT_HEADLINE_RENDERED0\" data-typography=\"HeadingDelta\" data-font-scaled=\"true\">What is Uber es Legal?<\/h2>\n\n\t\t<\/div>\n\t<\/div>\n\n\t<div class=\"wpb_text_column wpb_content_element\" >\n\t\t<div class=\"wpb_wrapper\">\n\t\t\t<p>Uber es Legal is a website whose main aim is to provide its readers information about the legal situation of Uber App. In Uber es Legal You can consult the opinion of prominent jurists specialized in the matter, the most relevant rulings and administrative decisions and the latest news at local, regional and global level.<\/p>\n\n\t\t<\/div>\n\t<\/div>\n<\/div><\/div><\/div><div class=\"wpb_column vc_column_container vc_col-sm-2 vc_hidden-md vc_hidden-sm vc_hidden-xs\"><div class=\"vc_column-inner\"><div class=\"wpb_wrapper\"><\/div><\/div><\/div><\/div><\/div><\/div><\/div><\/div><div class=\"vc_row-full-width vc_clearfix\"><\/div>","protected":false},"excerpt":{"rendered":"\u00bfQu\u00e9 es Uber Es Legal? Uber Es Legal es un sitio web que tiene el fin de brindar a sus lectores informaci\u00f3n sobre la situaci\u00f3n legal de Uber. En Uber Es Legal se puede consultar la opini\u00f3n de importantes juristas [...]","protected":false},"author":2,"featured_media":0,"parent":0,"menu_order":0,"comment_status":"closed","ping_status":"closed","template":"","meta":{"inline_featured_image":false,"footnotes":"","_links_to":"","_links_to_target":""},"class_list":["post-5","page","type-page","status-publish","hentry"],"_links":{"self":[{"href":"http:\/\/ubereslegal.com\/en\/wp-json\/wp\/v2\/pages\/5","targetHints":{"allow":["GET"]}}],"collection":[{"href":"http:\/\/ubereslegal.com\/en\/wp-json\/wp\/v2\/pages"}],"about":[{"href":"http:\/\/ubereslegal.com\/en\/wp-json\/wp\/v2\/types\/page"}],"author":[{"embeddable":true,"href":"http:\/\/ubereslegal.com\/en\/wp-json\/wp\/v2\/users\/2"}],"replies":[{"embeddable":true,"href":"http:\/\/ubereslegal.com\/en\/wp-json\/wp\/v2\/comments?post=5"}],"version-history":[{"count":13,"href":"http:\/\/ubereslegal.com\/en\/wp-json\/wp\/v2\/pages\/5\/revisions"}],"predecessor-version":[{"id":2320,"href":"http:\/\/ubereslegal.com\/en\/wp-json\/wp\/v2\/pages\/5\/revisions\/2320"}],"wp:attachment":[{"href":"http:\/\/ubereslegal.com\/en\/wp-json\/wp\/v2\/media?parent=5"}],"curies":[{"name":"wp","href":"https:\/\/api.w.org\/{rel}","templated":true}]}}