{"id":3678,"date":"2024-10-25T16:06:09","date_gmt":"2024-10-25T16:06:09","guid":{"rendered":"https:\/\/ubereslegal.com\/?page_id=3678"},"modified":"2025-08-19T18:17:45","modified_gmt":"2025-08-19T18:17:45","slug":"la-rioja","status":"publish","type":"page","link":"http:\/\/ubereslegal.com\/en\/la-rioja\/","title":{"rendered":"La Rioja"},"content":{"rendered":"<div class=\"vc_row wpb_row vc_row-fluid\"><div class=\"wpb_column vc_column_container vc_col-sm-12\"><div class=\"vc_column-inner\"><div class=\"wpb_wrapper\"><div class=\"vc_empty_space\"   style=\"height: 160px\"><span class=\"vc_empty_space_inner\"><\/span><\/div><div class=\"edge-blog-list-holder edge-bl-standard edge-bl-four-columns edge-bl-normal-space edge-bl-pag-no-pagination\"  data-type=\"standard\" data-number-of-posts=\"40\" data-number-of-columns=\"4\" data-space-between-columns=\"normal\" data-category=\"jurisprudencia-de-la-rioja\" data-order-by=\"date\" data-order=\"ASC\" data-image-size=\"landscape\" data-title-tag=\"h4\" data-excerpt-length=\"30\" data-post-info-section=\"no\" data-post-info-image=\"yes\" data-post-info-author=\"yes\" data-post-info-date=\"no\" data-post-info-category=\"yes\" data-post-info-comments=\"no\" data-post-info-like=\"no\" data-post-info-share=\"no\" data-pagination-type=\"no-pagination\" data-max-num-pages=\"1\" data-next-page=\"2\">\n\t<div class=\"edge-bl-wrapper\">\n\t\t<ul class=\"edge-blog-list\">\n\t\t\t<li class=\"edge-bl-item clearfix\">\n\t<div class=\"edge-bli-inner\">\n                \n\t<div class=\"edge-post-image\">\n        \t\t    <a itemprop=\"url\" href=\"http:\/\/ubereslegal.com\/en\/sobreseimiento-en-la-rioja-por-afectacion-al-derecho-a-la-defensa\/\" title=\"Dismissal in La Rioja Due to Violation of the Right to a Defence\">\n                            <img decoding=\"async\" itemprop=\"image\" class=\"edge-custom-post-image\" src=\"http:\/\/ubereslegal.com\/wp-content\/uploads\/2024\/12\/10185688.jpg\" alt=\"Blog list featured image\" \/>\n                \t\t    <\/a>\n        \t<\/div>\n                <div class=\"edge-bli-content\">\n                        \n<h4 itemprop=\"name\" class=\"entry-title edge-post-title\">\n            <a itemprop=\"url\" href=\"http:\/\/ubereslegal.com\/en\/sobreseimiento-en-la-rioja-por-afectacion-al-derecho-a-la-defensa\/\" title=\"Dismissal in La Rioja Due to Violation of the Right to a Defence\">\n            Dismissal in La Rioja Due to Violation of the Right to a Defence            <\/a>\n    <\/h4>                        <div class=\"edge-bli-excerpt\">\n                \t\t<div class=\"edge-post-excerpt-holder\">\n\t\t\t<p itemprop=\"description\" class=\"edge-post-excerpt\">\n\t\t\t\t\nEl Juzgado Administrativo de Faltas N\u00b03 de la Municipalidad de La Rioja, en el marco de la causa \u201cReynoso Mart\u00edn Nicol\u00e1s\u201d, expte. N\u00b0 00012\/2024, en fecha 26\/03\/2024, sobresey\u00f3 al imputado\t\t\t<\/p>\n\t\t<\/div>\n\t                <div class=\"edge-post-read-more-button\">\n<a itemprop=\"url\" href=\"http:\/\/ubereslegal.com\/en\/sobreseimiento-en-la-rioja-por-afectacion-al-derecho-a-la-defensa\/\" target=\"_self\"  class=\"edge-btn edge-btn-medium edge-btn-simple edge-blog-list-button\"  >    <span class=\"edge-btn-text\">Read More<\/span>    <\/a><\/div>\n            <\/div>\n        <\/div>\n\t<\/div>\n<\/li>\t\t<\/ul>\n\t<\/div>\n\t<\/div><div class=\"vc_empty_space\"   style=\"height: 60px\"><span class=\"vc_empty_space_inner\"><\/span><\/div><\/div><\/div><\/div><\/div><div class=\"vc_row wpb_row vc_row-fluid\"><div class=\"wpb_column vc_column_container vc_col-sm-12\"><div class=\"vc_column-inner\"><div class=\"wpb_wrapper\"><\/div><\/div><\/div><\/div>","protected":false},"excerpt":{"rendered":"El Juzgado Administrativo de Faltas N\u00b03 de la Municipalidad de La Rioja, en el marco de la causa \u201cReynoso Mart\u00edn Nicol\u00e1s\u201d, expte. N\u00b0 00012\/2024, en fecha 26\/03\/2024, sobresey\u00f3 al imputado al considerar que la indicaci\u00f3n de art\u00edculos sin la debida [...]","protected":false},"author":2,"featured_media":0,"parent":0,"menu_order":0,"comment_status":"closed","ping_status":"closed","template":"","meta":{"inline_featured_image":false,"footnotes":"","_links_to":"","_links_to_target":""},"class_list":["post-3678","page","type-page","status-publish","hentry"],"_links":{"self":[{"href":"http:\/\/ubereslegal.com\/en\/wp-json\/wp\/v2\/pages\/3678","targetHints":{"allow":["GET"]}}],"collection":[{"href":"http:\/\/ubereslegal.com\/en\/wp-json\/wp\/v2\/pages"}],"about":[{"href":"http:\/\/ubereslegal.com\/en\/wp-json\/wp\/v2\/types\/page"}],"author":[{"embeddable":true,"href":"http:\/\/ubereslegal.com\/en\/wp-json\/wp\/v2\/users\/2"}],"replies":[{"embeddable":true,"href":"http:\/\/ubereslegal.com\/en\/wp-json\/wp\/v2\/comments?post=3678"}],"version-history":[{"count":6,"href":"http:\/\/ubereslegal.com\/en\/wp-json\/wp\/v2\/pages\/3678\/revisions"}],"predecessor-version":[{"id":4077,"href":"http:\/\/ubereslegal.com\/en\/wp-json\/wp\/v2\/pages\/3678\/revisions\/4077"}],"wp:attachment":[{"href":"http:\/\/ubereslegal.com\/en\/wp-json\/wp\/v2\/media?parent=3678"}],"curies":[{"name":"wp","href":"https:\/\/api.w.org\/{rel}","templated":true}]}}