{"id":16,"date":"2024-05-27T15:55:28","date_gmt":"2024-05-27T15:55:28","guid":{"rendered":"http:\/\/ubereslegal.com\/?page_id=16"},"modified":"2025-05-13T19:23:49","modified_gmt":"2025-05-13T19:23:49","slug":"temas","status":"publish","type":"page","link":"http:\/\/ubereslegal.com\/en\/temas\/","title":{"rendered":"Themes"},"content":{"rendered":"<div data-vc-full-width=\"true\" data-vc-full-width-init=\"false\" data-vc-stretch-content=\"true\" class=\"vc_row wpb_row vc_row-fluid vc_custom_1719596622061 vc_row-has-fill vc_row-o-full-height vc_row-o-columns-middle vc_row-o-equal-height vc_row-flex\"><div class=\"wpb_column vc_column_container vc_col-sm-12\"><div class=\"vc_column-inner vc_custom_1722537357155\"><div class=\"wpb_wrapper\"><div  class=\"vc_wp_search wpb_content_element\"><div class=\"widget widget_search\"><h2 class=\"widgettitle\">Search Themes<\/h2><form role=\"search\" method=\"get\" class=\"searchform\" id=\"searchform\" action=\"http:\/\/ubereslegal.com\/en\/\" data-trp-original-action=\"http:\/\/ubereslegal.com\/en\/\">\n    <label class=\"screen-reader-text\">Search for:<\/label>\n    <div class=\"input-holder clearfix\">\n        <input type=\"search\" class=\"search-field\" placeholder=\"Type here\" value=\"\" name=\"s\" title=\"Search for:\"\/>\n        <button type=\"submit\" id=\"searchsubmit\"><span class=\"icon_search\"><\/span><\/button>\n    <\/div>\n<input type=\"hidden\" name=\"trp-form-language\" value=\"en\"\/><\/form><\/div><\/div><div class=\"vc_row wpb_row vc_inner vc_row-fluid vc_row-o-equal-height vc_row-flex\"><div class=\"wpb_column vc_column_container vc_col-sm-3\"><div class=\"vc_column-inner\"><div class=\"wpb_wrapper\"><div class=\"vc_empty_space\"   style=\"height: 240px\"><span class=\"vc_empty_space_inner\"><\/span><\/div>\n\t<div  class=\"wpb_single_image wpb_content_element vc_align_left\">\n\t\t\n\t\t<figure class=\"wpb_wrapper vc_figure\">\n\t\t\t<div class=\"vc_single_image-wrapper   vc_box_border_grey\"><img loading=\"lazy\" decoding=\"async\" width=\"1200\" height=\"800\" src=\"http:\/\/ubereslegal.com\/wp-content\/uploads\/2024\/06\/uber-5.jpg\" class=\"vc_single_image-img attachment-full\" alt=\"\" title=\"uber-5\" srcset=\"http:\/\/ubereslegal.com\/wp-content\/uploads\/2024\/06\/uber-5.jpg 1200w, http:\/\/ubereslegal.com\/wp-content\/uploads\/2024\/06\/uber-5-300x200.jpg 300w, http:\/\/ubereslegal.com\/wp-content\/uploads\/2024\/06\/uber-5-1024x683.jpg 1024w, http:\/\/ubereslegal.com\/wp-content\/uploads\/2024\/06\/uber-5-768x512.jpg 768w\" sizes=\"auto, (max-width: 1200px) 100vw, 1200px\" \/><\/div>\n\t\t<\/figure>\n\t<\/div>\n<\/div><\/div><\/div><div class=\"wpb_column vc_column_container vc_col-sm-9\"><div class=\"vc_column-inner\"><div class=\"wpb_wrapper\"><div  class=\"vc_wp_tagcloud wpb_content_element minimal-tags\"><div class=\"widget widget_tag_cloud\"><h2 class=\"widgettitle\">Index<\/h2><div class=\"tagcloud\"><a href=\"http:\/\/ubereslegal.com\/en\/tag\/absolucion\/\" class=\"tag-cloud-link tag-link-86 tag-link-position-1\" style=\"font-size: 20.463414634146pt;\" aria-label=\"Absoluci\u00f3n (57 items)\">Acquittal<\/a>\n<a href=\"http:\/\/ubereslegal.com\/en\/tag\/adelantamiento-de-la-pena\/\" class=\"tag-cloud-link tag-link-88 tag-link-position-2\" style=\"font-size: 12.69512195122pt;\" aria-label=\"Adelantamiento de la pena (6 items)\">Premature Enforcement of a Sentence<\/a>\n<a href=\"http:\/\/ubereslegal.com\/en\/tag\/afectacion-al-derecho-de-defensa-en-juicio\/\" class=\"tag-cloud-link tag-link-94 tag-link-position-3\" style=\"font-size: 20.719512195122pt;\" aria-label=\"Afectaci\u00f3n al derecho de defensa en juicio (60 items)\">Violation of the Right to a Fair Trial<\/a>\n<a href=\"http:\/\/ubereslegal.com\/en\/tag\/afectacion-del-regimen-federal\/\" class=\"tag-cloud-link tag-link-97 tag-link-position-4\" style=\"font-size: 12.09756097561pt;\" aria-label=\"Afectaci\u00f3n del r\u00e9gimen federal (5 items)\">Violation of the Federal System<\/a>\n<a href=\"http:\/\/ubereslegal.com\/en\/tag\/agente-provocador\/\" class=\"tag-cloud-link tag-link-126 tag-link-position-5\" style=\"font-size: 10.560975609756pt;\" aria-label=\"Agente provocador (3 items)\">Entrapment Agent<\/a>\n<a href=\"http:\/\/ubereslegal.com\/en\/tag\/arbitrariedad\/\" class=\"tag-cloud-link tag-link-91 tag-link-position-6\" style=\"font-size: 9.5365853658537pt;\" aria-label=\"Arbitrariedad (2 items)\">Arbitrariness<\/a>\n<a href=\"http:\/\/ubereslegal.com\/en\/tag\/arbitrariedad-de-los-magistrados\/\" class=\"tag-cloud-link tag-link-98 tag-link-position-7\" style=\"font-size: 13.548780487805pt;\" aria-label=\"Arbitrariedad de los magistrados (8 items)\">Arbitrariness of Magistrates<\/a>\n<a href=\"http:\/\/ubereslegal.com\/en\/tag\/atipicidad-de-la-conducta-delictiva\/\" class=\"tag-cloud-link tag-link-99 tag-link-position-8\" style=\"font-size: 18.841463414634pt;\" aria-label=\"Atipicidad de la conducta delictiva (36 items)\">Atypical Nature of Conduct<\/a>\n<a href=\"http:\/\/ubereslegal.com\/en\/tag\/censura-previa-y-neutralidad-de-red\/\" class=\"tag-cloud-link tag-link-108 tag-link-position-9\" style=\"font-size: 16.365853658537pt;\" aria-label=\"Censura previa y neutralidad de red (18 items)\">Prior Censorship and Internet Neutrality<\/a>\n<a href=\"http:\/\/ubereslegal.com\/en\/tag\/competencia-desleal\/\" class=\"tag-cloud-link tag-link-103 tag-link-position-10\" style=\"font-size: 13.975609756098pt;\" aria-label=\"Competencia desleal (9 items)\">Unfair Competition<\/a>\n<a href=\"http:\/\/ubereslegal.com\/en\/tag\/control-judicial-suficiente\/\" class=\"tag-cloud-link tag-link-92 tag-link-position-11\" style=\"font-size: 12.69512195122pt;\" aria-label=\"Control judicial suficiente (6 items)\">Adequate Judicial Review<\/a>\n<a href=\"http:\/\/ubereslegal.com\/en\/tag\/derecho-a-trabajar\/\" class=\"tag-cloud-link tag-link-106 tag-link-position-12\" style=\"font-size: 20.121951219512pt;\" aria-label=\"Derecho a trabajar (52 items)\">Right to Work<\/a>\n<a href=\"http:\/\/ubereslegal.com\/en\/tag\/derecho-de-acceso-a-la-justicia\/\" class=\"tag-cloud-link tag-link-96 tag-link-position-13\" style=\"font-size: 15.682926829268pt;\" aria-label=\"Derecho de acceso a la justicia (15 items)\">Right of Access to Justice<\/a>\n<a href=\"http:\/\/ubereslegal.com\/en\/tag\/derecho-de-los-consumidores\/\" class=\"tag-cloud-link tag-link-105 tag-link-position-14\" style=\"font-size: 14.317073170732pt;\" aria-label=\"Derecho de los consumidores (10 items)\">Consumer Rights<\/a>\n<a href=\"http:\/\/ubereslegal.com\/en\/tag\/devolucion-de-la-multa-abonada\/\" class=\"tag-cloud-link tag-link-160 tag-link-position-15\" style=\"font-size: 11.414634146341pt;\" aria-label=\"Devoluci\u00f3n de la multa abonada (4 items)\">Devoluci\u00f3n de la multa abonada<\/a>\n<a href=\"http:\/\/ubereslegal.com\/en\/tag\/devolucion-inmediata-del-vehiculo\/\" class=\"tag-cloud-link tag-link-95 tag-link-position-16\" style=\"font-size: 14.317073170732pt;\" aria-label=\"Devoluci\u00f3n inmediata del veh\u00edculo (10 items)\">Immediate Return of Vehicle<\/a>\n<a href=\"http:\/\/ubereslegal.com\/en\/tag\/diferencias-con-el-taxi-y-el-remis\/\" class=\"tag-cloud-link tag-link-85 tag-link-position-17\" style=\"font-size: 19.09756097561pt;\" aria-label=\"Diferencias con el taxi y el rem\u00eds (39 items)\">Differences Between Taxis and Uber<\/a>\n<a href=\"http:\/\/ubereslegal.com\/en\/tag\/economia-colaborativa\/\" class=\"tag-cloud-link tag-link-107 tag-link-position-18\" style=\"font-size: 14.658536585366pt;\" aria-label=\"Econom\u00eda colaborativa (11 items)\">Collaborative Economy<\/a>\n<a href=\"http:\/\/ubereslegal.com\/en\/tag\/falta-de-reglamentacion\/\" class=\"tag-cloud-link tag-link-151 tag-link-position-19\" style=\"font-size: 8pt;\" aria-label=\"Falta de reglamentaci\u00f3n (1 item)\">Falta de reglamentaci\u00f3n<\/a>\n<a href=\"http:\/\/ubereslegal.com\/en\/tag\/inexistencia-de-relacion-laboral\/\" class=\"tag-cloud-link tag-link-101 tag-link-position-20\" style=\"font-size: 18.926829268293pt;\" aria-label=\"Inexistencia de relaci\u00f3n laboral (37 items)\">Absence of an Employment Relationship<\/a>\n<a href=\"http:\/\/ubereslegal.com\/en\/tag\/legalidad\/\" class=\"tag-cloud-link tag-link-84 tag-link-position-21\" style=\"font-size: 22pt;\" aria-label=\"Legalidad (86 items)\">Legality<\/a>\n<a href=\"http:\/\/ubereslegal.com\/en\/tag\/legalidad-tributaria\/\" class=\"tag-cloud-link tag-link-104 tag-link-position-22\" style=\"font-size: 13.975609756098pt;\" aria-label=\"Legalidad tributaria (9 items)\">Tax Legality<\/a>\n<a href=\"http:\/\/ubereslegal.com\/en\/tag\/ley-penal-mas-benigna\/\" class=\"tag-cloud-link tag-link-161 tag-link-position-23\" style=\"font-size: 8pt;\" aria-label=\"ley penal mas benigna (1 item)\">ley penal mas benigna<\/a>\n<a href=\"http:\/\/ubereslegal.com\/en\/tag\/libertad-de-expresion\/\" class=\"tag-cloud-link tag-link-109 tag-link-position-24\" style=\"font-size: 16.707317073171pt;\" aria-label=\"Libertad de expresi\u00f3n (20 items)\">Freedom of Expression<\/a>\n<a href=\"http:\/\/ubereslegal.com\/en\/tag\/omision-de-produccion-de-prueba\/\" class=\"tag-cloud-link tag-link-89 tag-link-position-25\" style=\"font-size: 18.329268292683pt;\" aria-label=\"Omisi\u00f3n de producci\u00f3n de prueba (31 items)\">Failure to Produce Evidence<\/a>\n<a href=\"http:\/\/ubereslegal.com\/en\/tag\/plataforma-de-intermediacion\/\" class=\"tag-cloud-link tag-link-110 tag-link-position-26\" style=\"font-size: 21.146341463415pt;\" aria-label=\"Plataforma de intermediaci\u00f3n (68 items)\">Intermediary Platform<\/a>\n<a href=\"http:\/\/ubereslegal.com\/en\/tag\/prohibicion-de-analogia\/\" class=\"tag-cloud-link tag-link-150 tag-link-position-27\" style=\"font-size: 8pt;\" aria-label=\"Prohibici\u00f3n de analog\u00eda (1 item)\">Prohibici\u00f3n de analog\u00eda<\/a>\n<a href=\"http:\/\/ubereslegal.com\/en\/tag\/razonabilidad-y-proporcionalidad\/\" class=\"tag-cloud-link tag-link-100 tag-link-position-28\" style=\"font-size: 16.365853658537pt;\" aria-label=\"Razonabilidad y proporcionalidad (18 items)\">Rationality and Proportionality<\/a>\n<a href=\"http:\/\/ubereslegal.com\/en\/tag\/responsabilidad-internacional\/\" class=\"tag-cloud-link tag-link-90 tag-link-position-29\" style=\"font-size: 13.975609756098pt;\" aria-label=\"Responsabilidad internacional (9 items)\">International Responsibility<\/a>\n<a href=\"http:\/\/ubereslegal.com\/en\/tag\/revolucion-tecnologica\/\" class=\"tag-cloud-link tag-link-102 tag-link-position-30\" style=\"font-size: 18.073170731707pt;\" aria-label=\"Revoluci\u00f3n tecnol\u00f3gica (29 items)\">Technological Revolution<\/a>\n<a href=\"http:\/\/ubereslegal.com\/en\/tag\/servicio-de-transporte-privado-regulado-en-el-cccn\/\" class=\"tag-cloud-link tag-link-111 tag-link-position-31\" style=\"font-size: 17.817073170732pt;\" aria-label=\"Servicio de transporte privado regulado en el CCCN (27 items)\">Private Transportation Services Regulated by the CCCN (Civil and Commercial Code of the Nation)<\/a>\n<a href=\"http:\/\/ubereslegal.com\/en\/tag\/sobreseimiento\/\" class=\"tag-cloud-link tag-link-87 tag-link-position-32\" style=\"font-size: 16.365853658537pt;\" aria-label=\"Sobreseimiento (18 items)\">Dismissal<\/a>\n<a href=\"http:\/\/ubereslegal.com\/en\/tag\/solve-et-repete\/\" class=\"tag-cloud-link tag-link-93 tag-link-position-33\" style=\"font-size: 13.548780487805pt;\" aria-label=\"Solve et repete (8 items)\">Solve et repete<\/a>\n<a href=\"http:\/\/ubereslegal.com\/en\/tag\/tutela-judicial-efectiva\/\" class=\"tag-cloud-link tag-link-136 tag-link-position-34\" style=\"font-size: 8pt;\" aria-label=\"tutela judicial efectiva (1 item)\">Effective Access to Justice<\/a>\n<a href=\"http:\/\/ubereslegal.com\/en\/tag\/vulnerabilidad\/\" class=\"tag-cloud-link tag-link-149 tag-link-position-35\" style=\"font-size: 13.121951219512pt;\" aria-label=\"vulnerabilidad (7 items)\">vulnerabilidad<\/a><\/div>\n<\/div><\/div><\/div><\/div><\/div><\/div><\/div><\/div><\/div><\/div><div class=\"vc_row-full-width vc_clearfix\"><\/div>","protected":false},"excerpt":{"rendered":"B\u00fasqueda tem\u00e1tica Search for: Indice de temasAbsoluci\u00f3n Adelantamiento de la pena Afectaci\u00f3n al derecho de defensa en juicio Afectaci\u00f3n del r\u00e9gimen federal Agente provocador Arbitrariedad Arbitrariedad de los magistrados Atipicidad de la conducta delictiva Censura previa y neutralidad de red [...]","protected":false},"author":2,"featured_media":0,"parent":0,"menu_order":0,"comment_status":"closed","ping_status":"closed","template":"","meta":{"inline_featured_image":false,"footnotes":"","_links_to":"","_links_to_target":""},"class_list":["post-16","page","type-page","status-publish","hentry"],"_links":{"self":[{"href":"http:\/\/ubereslegal.com\/en\/wp-json\/wp\/v2\/pages\/16","targetHints":{"allow":["GET"]}}],"collection":[{"href":"http:\/\/ubereslegal.com\/en\/wp-json\/wp\/v2\/pages"}],"about":[{"href":"http:\/\/ubereslegal.com\/en\/wp-json\/wp\/v2\/types\/page"}],"author":[{"embeddable":true,"href":"http:\/\/ubereslegal.com\/en\/wp-json\/wp\/v2\/users\/2"}],"replies":[{"embeddable":true,"href":"http:\/\/ubereslegal.com\/en\/wp-json\/wp\/v2\/comments?post=16"}],"version-history":[{"count":51,"href":"http:\/\/ubereslegal.com\/en\/wp-json\/wp\/v2\/pages\/16\/revisions"}],"predecessor-version":[{"id":4455,"href":"http:\/\/ubereslegal.com\/en\/wp-json\/wp\/v2\/pages\/16\/revisions\/4455"}],"wp:attachment":[{"href":"http:\/\/ubereslegal.com\/en\/wp-json\/wp\/v2\/media?parent=16"}],"curies":[{"name":"wp","href":"https:\/\/api.w.org\/{rel}","templated":true}]}}